{"id":4068,"date":"2020-12-22T15:56:09","date_gmt":"2020-12-22T15:56:09","guid":{"rendered":"https:\/\/tahecosmetics.com\/brand\/contact\/"},"modified":"2021-02-22T15:10:00","modified_gmt":"2021-02-22T15:10:00","slug":"contatto","status":"publish","type":"page","link":"https:\/\/tahecosmetics.com\/brand\/it\/contatto\/","title":{"rendered":"Contatto"},"content":{"rendered":"<p>[vc_row use_container=&#8221;yes&#8221; use_predefined_class=&#8221;yes&#8221; predefined_class=&#8221;clients&#8221;][vc_column][vc_row_inner][vc_column_inner width=&#8221;1\/2&#8243;][ts_section_title animate_block=&#8221;yes&#8221; animation_type=&#8221;fadeIn&#8221; tagline=&#8221;TAHE Productos Cosm\u00e9ticos S.L.&#8221; title=&#8221;Avenida de Grecia, Parcela 5.1<br \/>\nPol\u00edgono Industrial Las Salinas<br \/>\n30840 Alhama de Murcia &#8211; Murcia (Espa\u00f1a)&#8221; background_title=&#8221;Contatto&#8221;][\/vc_column_inner][vc_column_inner width=&#8221;1\/2&#8243;][ts_section_title animate_block=&#8221;yes&#8221; animation_type=&#8221;fadeIn&#8221; title=&#8221;Telefono: +34 968 891 100<br \/>\nEmail: info@tahecosmetics.com&#8221;][\/vc_column_inner][\/vc_row_inner][vc_empty_space height=&#8221;50px&#8221;][vc_row_inner][vc_column_inner]\n<div class=\"wpcf7 no-js\" id=\"wpcf7-f4091-o1\" lang=\"en-US\" dir=\"ltr\" data-wpcf7-id=\"4091\">\n<div class=\"screen-reader-response\"><p role=\"status\" aria-live=\"polite\" aria-atomic=\"true\"><\/p> <ul><\/ul><\/div>\n<form action=\"\/brand\/it\/wp-json\/wp\/v2\/pages\/4068#wpcf7-f4091-o1\" method=\"post\" class=\"wpcf7-form init\" aria-label=\"Contact form\" novalidate=\"novalidate\" data-status=\"init\">\n<fieldset class=\"hidden-fields-container\"><input type=\"hidden\" name=\"_wpcf7\" value=\"4091\" \/><input type=\"hidden\" name=\"_wpcf7_version\" value=\"6.1.5\" \/><input type=\"hidden\" name=\"_wpcf7_locale\" value=\"en_US\" \/><input type=\"hidden\" name=\"_wpcf7_unit_tag\" value=\"wpcf7-f4091-o1\" \/><input type=\"hidden\" name=\"_wpcf7_container_post\" value=\"0\" \/><input type=\"hidden\" name=\"_wpcf7_posted_data_hash\" value=\"\" \/><input type=\"hidden\" name=\"_cf7a__timestamp\" value=\"DxyweFvkU6+XVYrS8MALaA==\" \/><input type=\"hidden\" name=\"_cf7a_version\" value=\"1.0\" \/><input type=\"hidden\" name=\"_cf7a_address\" value=\"\" \/><input type=\"hidden\" name=\"_cf7a_referer\" value=\"\" \/><input type=\"hidden\" name=\"_cf7a_protocol\" value=\"\" \/><input type=\"hidden\" name=\"_wpcf7_recaptcha_response\" value=\"\" \/><input type=\"hidden\" name=\"_cf7a_bot_fingerprint\" value=\"DxyweFvkU6+XVYrS8MALaA==\" \/><input type=\"hidden\" name=\"_cf7a_bot_fingerprint_extras\" \/><input type=\"hidden\" name=\"_cf7a_append_on_submit\" \/>\n<\/fieldset>\n<p><span class=\"wpcf7-form-control-wrap\" data-name=\"nombre\"><input type=\"text\" name=\"name\" value=\"\" autocomplete=\"fill\" class=\"fit-the-fullspace\" aria-hidden=\"true\" tabindex=\"-1\" \/><input size=\"40\" maxlength=\"400\" class=\"wpcf7-form-control wpcf7-text wpcf7-validates-as-required\" aria-required=\"true\" aria-invalid=\"false\" placeholder=\"Nome e Cognome\" value=\"\" type=\"text\" name=\"nombre\" \/><\/span>\n<\/p>\n<p><span class=\"wpcf7-form-control-wrap\" data-name=\"pais\"><input type=\"text\" name=\"email\" value=\"\" autocomplete=\"fill\" class=\"fit-the-fullspace\" aria-hidden=\"true\" tabindex=\"-1\" \/><input size=\"40\" maxlength=\"400\" class=\"wpcf7-form-control wpcf7-text wpcf7-validates-as-required\" aria-required=\"true\" aria-invalid=\"false\" placeholder=\"Paese\" value=\"\" type=\"text\" name=\"pais\" \/><\/span>\n<\/p>\n<p><span class=\"wpcf7-form-control-wrap\" data-name=\"provincia\"><input size=\"40\" maxlength=\"400\" class=\"wpcf7-form-control wpcf7-text wpcf7-validates-as-required\" aria-required=\"true\" aria-invalid=\"false\" placeholder=\"Provincia\" value=\"\" type=\"text\" name=\"provincia\" \/><input type=\"text\" name=\"address\" value=\"\" autocomplete=\"fill\" class=\"fit-the-fullspace\" aria-hidden=\"true\" tabindex=\"-1\" \/><\/span>\n<\/p>\n<p><span class=\"wpcf7-form-control-wrap\" data-name=\"poblacion\"><input type=\"text\" name=\"zip\" value=\"\" autocomplete=\"fill\" class=\"fit-the-fullspace\" aria-hidden=\"true\" tabindex=\"-1\" \/><input size=\"40\" maxlength=\"400\" class=\"wpcf7-form-control wpcf7-text wpcf7-validates-as-required\" aria-required=\"true\" aria-invalid=\"false\" placeholder=\"Popolazione\" value=\"\" type=\"text\" name=\"poblacion\" \/><\/span>\n<\/p>\n<p><span class=\"wpcf7-form-control-wrap\" data-name=\"Ocupacion\"><span class=\"wpcf7-form-control wpcf7-checkbox wpcf7-validates-as-required wpcf7-exclusive-checkbox\"><span class=\"wpcf7-list-item first\"><label><input type=\"checkbox\" name=\"Ocupacion\" value=\"Privato Individuale\" \/><span class=\"wpcf7-list-item-label\">Privato Individuale<\/span><\/label><\/span><span class=\"wpcf7-list-item\"><label><input type=\"checkbox\" name=\"Ocupacion\" value=\"Professionale\" \/><span class=\"wpcf7-list-item-label\">Professionale<\/span><\/label><\/span><span class=\"wpcf7-list-item last\"><label><input type=\"checkbox\" name=\"Ocupacion\" value=\"Distributore\" \/><span class=\"wpcf7-list-item-label\">Distributore<\/span><\/label><\/span><\/span><\/span>\n<\/p>\n<p><span class=\"wpcf7-form-control-wrap\" data-name=\"telefono\"><input size=\"40\" maxlength=\"400\" class=\"wpcf7-form-control wpcf7-text wpcf7-validates-as-required\" aria-required=\"true\" aria-invalid=\"false\" placeholder=\"Telefono\" value=\"\" type=\"text\" name=\"telefono\" \/><input type=\"text\" name=\"ship-address\" value=\"\" autocomplete=\"fill\" class=\"fit-the-fullspace\" aria-hidden=\"true\" tabindex=\"-1\" \/><\/span>\n<\/p>\n<p><span class=\"wpcf7-form-control-wrap\" data-name=\"email\"><input size=\"40\" maxlength=\"400\" class=\"wpcf7-form-control wpcf7-email wpcf7-validates-as-required wpcf7-text wpcf7-validates-as-email\" aria-required=\"true\" aria-invalid=\"false\" placeholder=\"Email\" value=\"\" type=\"email\" name=\"email\" \/><\/span>\n<\/p>\n<p><span class=\"wpcf7-form-control-wrap\" data-name=\"asunto\"><input size=\"40\" maxlength=\"400\" class=\"wpcf7-form-control wpcf7-text wpcf7-validates-as-required\" aria-required=\"true\" aria-invalid=\"false\" placeholder=\"Oggetto\" value=\"\" type=\"text\" name=\"asunto\" \/><\/span>\n<\/p>\n<p><span class=\"wpcf7-form-control-wrap\" data-name=\"your-message\"><textarea cols=\"40\" rows=\"5\" maxlength=\"2000\" class=\"wpcf7-form-control wpcf7-textarea wpcf7-validates-as-required\" aria-required=\"true\" aria-invalid=\"false\" placeholder=\"Messaggio\" name=\"your-message\"><\/textarea><\/span>\n<\/p>\n<p><span style=\"font-size: 11px; line-height: 1 !important;\">Informiamo l'interessato che i suoi dati personali saranno inseriti in un archivio automatizzato, responsabile di TAHE PRODUCTOS COSM\u00c9TICOS S.L. Questi dati sono assolutamente necessari per offrire un servizio e garanzie di qualit\u00e0. Il titolare dei dati acconsente alla loro comunicazione ad altre societ\u00e0 del nostro gruppo, per fornire il servizio contrattuale\/richiesto. In conformit\u00e0 con la Legge Organica 15\/1999 del 13 dicembre, Protezione dei dati personali, e il Regio Decreto 1720\/2007 del 21 dicembre, Regolamento di attuazione della Legge 15\/1999, TAHE COSMETIC PRODUCTS SL, proprietario e titolare di questo database, ha adottato misure adeguate per proteggere i propri dati personali al fine di salvaguardare il loro diritto all'onore e alla privacy personale e familiare. L'interessato pu\u00f2 esercitare i diritti di opposizione, accesso, rettifica e cancellazione dei propri dati personali scrivendo a TAHE PRODUCTOS COSM\u00c9TICOS, dove sono a disposizione del titolare dei dati moduli scritti attraverso i quali esercitare tali diritti.<\/span>.\n<\/p>\n<p><span class=\"wpcf7-form-control-wrap\" data-name=\"acceptance-782\"><span class=\"wpcf7-form-control wpcf7-acceptance\"><span class=\"wpcf7-list-item\"><label><input type=\"checkbox\" name=\"acceptance-782\" value=\"1\" aria-invalid=\"false\" \/><span class=\"wpcf7-list-item-label\">Ho letto e accetto l'informativa sulla privacy<\/span><\/label><\/span><\/span><\/span>\n<\/p>\n<p><input class=\"wpcf7-form-control wpcf7-submit has-spinner\" type=\"submit\" value=\"Inviare\" \/>\n<\/p><div class=\"wpcf7-response-output\" aria-hidden=\"true\"><\/div>\n<\/form>\n<\/div>\n[\/vc_column_inner][\/vc_row_inner][\/vc_column][\/vc_row][vc_row full_width=&#8221;stretch_row_content_no_spaces&#8221; section_background_color=&#8221;#0e0e0e&#8221; use_container=&#8221;yes&#8221; use_predefined_class=&#8221;yes&#8221; predefined_class=&#8221;hello&#8221; css=&#8221;.vc_custom_1608539010303{margin-top: 0px !important;margin-bottom: 0px !important;padding-top: 0px !important;padding-bottom: 0px !important;}&#8221;][vc_column][vc_row_inner content_placement=&#8221;middle&#8221; css=&#8221;.vc_custom_1608295636456{margin-top: 0px !important;margin-bottom: 0px !important;padding-top: 0px !important;padding-bottom: 0px !important;}&#8221;][vc_column_inner width=&#8221;1\/3&#8243; css=&#8221;.vc_custom_1608296591176{margin-top: 0px !important;padding-top: 0px !important;background-position: center !important;background-repeat: no-repeat !important;background-size: cover !important;}&#8221;][vc_hoverbox image=&#8221;2551&#8243; primary_title=&#8221;La nostra identit\u00e0&#8221; hover_title=&#8221;&#8221; shape=&#8221;square&#8221; hover_background_color=&#8221;custom&#8221; hover_btn_title=&#8221;Scopri!&#8221; hover_btn_style=&#8221;flat&#8221; hover_btn_color=&#8221;black&#8221; hover_add_button=&#8221;true&#8221; hover_btn_link=&#8221;url:https%3A%2F%2Ftahecosmetics.com%2Fbrand%2Fit%2Fla-nostra-identita%2F|title:La%20nostra%20identit%C3%A0||&#8221;][\/vc_hoverbox][\/vc_column_inner][vc_column_inner width=&#8221;1\/3&#8243; css=&#8221;.vc_custom_1608296651814{margin-top: 0px !important;padding-top: 0px !important;background-position: center !important;background-repeat: no-repeat !important;background-size: cover !important;}&#8221;][vc_hoverbox image=&#8221;2570&#8243; primary_title=&#8221;Le nostre origini&#8221; hover_title=&#8221;&#8221; shape=&#8221;square&#8221; hover_background_color=&#8221;custom&#8221; hover_btn_title=&#8221;Scopri!&#8221; hover_btn_style=&#8221;flat&#8221; hover_btn_shape=&#8221;square&#8221; hover_btn_color=&#8221;black&#8221; hover_add_button=&#8221;true&#8221; hover_btn_link=&#8221;url:https%3A%2F%2Ftahecosmetics.com%2Fbrand%2Fit%2Fle-nostre-origini%2F|title:Le%20nostre%20origini||&#8221;][\/vc_hoverbox][\/vc_column_inner][vc_column_inner width=&#8221;1\/3&#8243; css=&#8221;.vc_custom_1608296658496{margin-top: 0px !important;padding-top: 0px !important;background-position: center !important;background-repeat: no-repeat !important;background-size: cover !important;}&#8221;][vc_hoverbox image=&#8221;2549&#8243; primary_title=&#8221;Le nostre differenze&#8221; hover_title=&#8221;&#8221; shape=&#8221;square&#8221; hover_background_color=&#8221;custom&#8221; hover_btn_title=&#8221;Scopri!&#8221; hover_btn_style=&#8221;flat&#8221; hover_btn_color=&#8221;black&#8221; hover_add_button=&#8221;true&#8221; hover_btn_link=&#8221;url:https%3A%2F%2Ftahecosmetics.com%2Fbrand%2Fit%2Fle-nostre-differenze%2F|title:Le%20nostre%20differenze||&#8221;][\/vc_hoverbox][\/vc_column_inner][\/vc_row_inner][\/vc_column][\/vc_row]<\/p>\n","protected":false},"excerpt":{"rendered":"<p>[vc_row use_container=&#8221;yes&#8221; use_predefined_class=&#8221;yes&#8221; predefined_class=&#8221;clients&#8221;][vc_column][vc_row_inner][vc_column_inner width=&#8221;1\/2&#8243;][ts_section_title animate_block=&#8221;yes&#8221; animation_type=&#8221;fadeIn&#8221; tagline=&#8221;TAHE Productos Cosm\u00e9ticos S.L.&#8221; title=&#8221;Avenida de Grecia, Parcela 5.1 Pol\u00edgono Industrial Las Salinas 30840 Alhama de Murcia &#8211; Murcia (Espa\u00f1a)&#8221; background_title=&#8221;Contatto&#8221;][\/vc_column_inner][vc_column_inner width=&#8221;1\/2&#8243;][ts_section_title animate_block=&#8221;yes&#8221; animation_type=&#8221;fadeIn&#8221; title=&#8221;Telefono: +34 968 891 100 Email: info@tahecosmetics.com&#8221;][\/vc_column_inner][\/vc_row_inner][vc_empty_space height=&#8221;50px&#8221;][vc_row_inner][vc_column_inner][\/vc_column_inner][\/vc_row_inner][\/vc_column][\/vc_row][vc_row full_width=&#8221;stretch_row_content_no_spaces&#8221; section_background_color=&#8221;#0e0e0e&#8221; use_container=&#8221;yes&#8221; use_predefined_class=&#8221;yes&#8221; predefined_class=&#8221;hello&#8221; css=&#8221;.vc_custom_1608539010303{margin-top: 0px !important;margin-bottom: 0px !important;padding-top: 0px !important;padding-bottom: 0px !important;}&#8221;][vc_column][vc_row_inner content_placement=&#8221;middle&#8221; css=&#8221;.vc_custom_1608295636456{margin-top: [&hellip;]<\/p>\n","protected":false},"author":5,"featured_media":0,"parent":0,"menu_order":0,"comment_status":"closed","ping_status":"closed","template":"page-builder.php","meta":{"footnotes":""},"class_list":["post-4068","page","type-page","status-publish","hentry"],"yoast_head":"<!-- This site is optimized with the Yoast SEO plugin v27.1.1 - https:\/\/yoast.com\/product\/yoast-seo-wordpress\/ -->\n<title>Contatto - Tahe Brand<\/title>\n<meta name=\"robots\" content=\"noindex, follow\" \/>\n<meta property=\"og:locale\" content=\"it_IT\" \/>\n<meta property=\"og:type\" content=\"article\" \/>\n<meta property=\"og:title\" content=\"Contatto - Tahe Brand\" \/>\n<meta property=\"og:description\" content=\"[vc_row use_container=&#8221;yes&#8221; use_predefined_class=&#8221;yes&#8221; predefined_class=&#8221;clients&#8221;][vc_column][vc_row_inner][vc_column_inner width=&#8221;1\/2&#8243;][ts_section_title animate_block=&#8221;yes&#8221; animation_type=&#8221;fadeIn&#8221; tagline=&#8221;TAHE Productos Cosm\u00e9ticos S.L.&#8221; title=&#8221;Avenida de Grecia, Parcela 5.1 Pol\u00edgono Industrial Las Salinas 30840 Alhama de Murcia &#8211; Murcia (Espa\u00f1a)&#8221; background_title=&#8221;Contatto&#8221;][\/vc_column_inner][vc_column_inner width=&#8221;1\/2&#8243;][ts_section_title animate_block=&#8221;yes&#8221; animation_type=&#8221;fadeIn&#8221; title=&#8221;Telefono: +34 968 891 100 Email: info@tahecosmetics.com&#8221;][\/vc_column_inner][\/vc_row_inner][vc_empty_space height=&#8221;50px&#8221;][vc_row_inner][vc_column_inner][\/vc_column_inner][\/vc_row_inner][\/vc_column][\/vc_row][vc_row full_width=&#8221;stretch_row_content_no_spaces&#8221; section_background_color=&#8221;#0e0e0e&#8221; use_container=&#8221;yes&#8221; use_predefined_class=&#8221;yes&#8221; predefined_class=&#8221;hello&#8221; css=&#8221;.vc_custom_1608539010303{margin-top: 0px !important;margin-bottom: 0px !important;padding-top: 0px !important;padding-bottom: 0px !important;}&#8221;][vc_column][vc_row_inner content_placement=&#8221;middle&#8221; css=&#8221;.vc_custom_1608295636456{margin-top: [&hellip;]\" \/>\n<meta property=\"og:url\" content=\"https:\/\/tahecosmetics.com\/brand\/it\/contatto\/\" \/>\n<meta property=\"og:site_name\" content=\"Tahe Brand\" \/>\n<meta property=\"article:modified_time\" content=\"2021-02-22T15:10:00+00:00\" \/>\n<meta name=\"twitter:card\" content=\"summary_large_image\" \/>\n<meta name=\"twitter:label1\" content=\"Tempo di lettura stimato\" \/>\n\t<meta name=\"twitter:data1\" content=\"2 minuti\" \/>\n<script type=\"application\/ld+json\" class=\"yoast-schema-graph\">{\"@context\":\"https:\/\/schema.org\",\"@graph\":[{\"@type\":\"WebPage\",\"@id\":\"https:\/\/tahecosmetics.com\/brand\/it\/contatto\/\",\"url\":\"https:\/\/tahecosmetics.com\/brand\/it\/contatto\/\",\"name\":\"Contatto - Tahe Brand\",\"isPartOf\":{\"@id\":\"https:\/\/tahecosmetics.com\/brand\/#website\"},\"datePublished\":\"2020-12-22T15:56:09+00:00\",\"dateModified\":\"2021-02-22T15:10:00+00:00\",\"breadcrumb\":{\"@id\":\"https:\/\/tahecosmetics.com\/brand\/it\/contatto\/#breadcrumb\"},\"inLanguage\":\"it-IT\",\"potentialAction\":[{\"@type\":\"ReadAction\",\"target\":[\"https:\/\/tahecosmetics.com\/brand\/it\/contatto\/\"]}]},{\"@type\":\"BreadcrumbList\",\"@id\":\"https:\/\/tahecosmetics.com\/brand\/it\/contatto\/#breadcrumb\",\"itemListElement\":[{\"@type\":\"ListItem\",\"position\":1,\"name\":\"Home\",\"item\":\"https:\/\/tahecosmetics.com\/brand\/it\/\"},{\"@type\":\"ListItem\",\"position\":2,\"name\":\"Contatto\"}]},{\"@type\":\"WebSite\",\"@id\":\"https:\/\/tahecosmetics.com\/brand\/#website\",\"url\":\"https:\/\/tahecosmetics.com\/brand\/\",\"name\":\"Tahe Brand\",\"description\":\"Beautifying your life\",\"publisher\":{\"@id\":\"https:\/\/tahecosmetics.com\/brand\/#organization\"},\"potentialAction\":[{\"@type\":\"SearchAction\",\"target\":{\"@type\":\"EntryPoint\",\"urlTemplate\":\"https:\/\/tahecosmetics.com\/brand\/?s={search_term_string}\"},\"query-input\":{\"@type\":\"PropertyValueSpecification\",\"valueRequired\":true,\"valueName\":\"search_term_string\"}}],\"inLanguage\":\"it-IT\"},{\"@type\":\"Organization\",\"@id\":\"https:\/\/tahecosmetics.com\/brand\/#organization\",\"name\":\"Tahe Group\",\"url\":\"https:\/\/tahecosmetics.com\/brand\/\",\"logo\":{\"@type\":\"ImageObject\",\"inLanguage\":\"it-IT\",\"@id\":\"https:\/\/tahecosmetics.com\/brand\/#\/schema\/logo\/image\/\",\"url\":\"https:\/\/tahecosmetics.com\/brand\/wp-content\/uploads\/2021\/12\/tahe-logo-dark-1.png\",\"contentUrl\":\"https:\/\/tahecosmetics.com\/brand\/wp-content\/uploads\/2021\/12\/tahe-logo-dark-1.png\",\"width\":800,\"height\":359,\"caption\":\"Tahe Group\"},\"image\":{\"@id\":\"https:\/\/tahecosmetics.com\/brand\/#\/schema\/logo\/image\/\"}}]}<\/script>\n<!-- \/ Yoast SEO plugin. -->","yoast_head_json":{"title":"Contatto - Tahe Brand","robots":{"index":"noindex","follow":"follow"},"og_locale":"it_IT","og_type":"article","og_title":"Contatto - Tahe Brand","og_description":"[vc_row use_container=&#8221;yes&#8221; use_predefined_class=&#8221;yes&#8221; predefined_class=&#8221;clients&#8221;][vc_column][vc_row_inner][vc_column_inner width=&#8221;1\/2&#8243;][ts_section_title animate_block=&#8221;yes&#8221; animation_type=&#8221;fadeIn&#8221; tagline=&#8221;TAHE Productos Cosm\u00e9ticos S.L.&#8221; title=&#8221;Avenida de Grecia, Parcela 5.1 Pol\u00edgono Industrial Las Salinas 30840 Alhama de Murcia &#8211; Murcia (Espa\u00f1a)&#8221; background_title=&#8221;Contatto&#8221;][\/vc_column_inner][vc_column_inner width=&#8221;1\/2&#8243;][ts_section_title animate_block=&#8221;yes&#8221; animation_type=&#8221;fadeIn&#8221; title=&#8221;Telefono: +34 968 891 100 Email: info@tahecosmetics.com&#8221;][\/vc_column_inner][\/vc_row_inner][vc_empty_space height=&#8221;50px&#8221;][vc_row_inner][vc_column_inner][\/vc_column_inner][\/vc_row_inner][\/vc_column][\/vc_row][vc_row full_width=&#8221;stretch_row_content_no_spaces&#8221; section_background_color=&#8221;#0e0e0e&#8221; use_container=&#8221;yes&#8221; use_predefined_class=&#8221;yes&#8221; predefined_class=&#8221;hello&#8221; css=&#8221;.vc_custom_1608539010303{margin-top: 0px !important;margin-bottom: 0px !important;padding-top: 0px !important;padding-bottom: 0px !important;}&#8221;][vc_column][vc_row_inner content_placement=&#8221;middle&#8221; css=&#8221;.vc_custom_1608295636456{margin-top: [&hellip;]","og_url":"https:\/\/tahecosmetics.com\/brand\/it\/contatto\/","og_site_name":"Tahe Brand","article_modified_time":"2021-02-22T15:10:00+00:00","twitter_card":"summary_large_image","twitter_misc":{"Tempo di lettura stimato":"2 minuti"},"schema":{"@context":"https:\/\/schema.org","@graph":[{"@type":"WebPage","@id":"https:\/\/tahecosmetics.com\/brand\/it\/contatto\/","url":"https:\/\/tahecosmetics.com\/brand\/it\/contatto\/","name":"Contatto - Tahe Brand","isPartOf":{"@id":"https:\/\/tahecosmetics.com\/brand\/#website"},"datePublished":"2020-12-22T15:56:09+00:00","dateModified":"2021-02-22T15:10:00+00:00","breadcrumb":{"@id":"https:\/\/tahecosmetics.com\/brand\/it\/contatto\/#breadcrumb"},"inLanguage":"it-IT","potentialAction":[{"@type":"ReadAction","target":["https:\/\/tahecosmetics.com\/brand\/it\/contatto\/"]}]},{"@type":"BreadcrumbList","@id":"https:\/\/tahecosmetics.com\/brand\/it\/contatto\/#breadcrumb","itemListElement":[{"@type":"ListItem","position":1,"name":"Home","item":"https:\/\/tahecosmetics.com\/brand\/it\/"},{"@type":"ListItem","position":2,"name":"Contatto"}]},{"@type":"WebSite","@id":"https:\/\/tahecosmetics.com\/brand\/#website","url":"https:\/\/tahecosmetics.com\/brand\/","name":"Tahe Brand","description":"Beautifying your life","publisher":{"@id":"https:\/\/tahecosmetics.com\/brand\/#organization"},"potentialAction":[{"@type":"SearchAction","target":{"@type":"EntryPoint","urlTemplate":"https:\/\/tahecosmetics.com\/brand\/?s={search_term_string}"},"query-input":{"@type":"PropertyValueSpecification","valueRequired":true,"valueName":"search_term_string"}}],"inLanguage":"it-IT"},{"@type":"Organization","@id":"https:\/\/tahecosmetics.com\/brand\/#organization","name":"Tahe Group","url":"https:\/\/tahecosmetics.com\/brand\/","logo":{"@type":"ImageObject","inLanguage":"it-IT","@id":"https:\/\/tahecosmetics.com\/brand\/#\/schema\/logo\/image\/","url":"https:\/\/tahecosmetics.com\/brand\/wp-content\/uploads\/2021\/12\/tahe-logo-dark-1.png","contentUrl":"https:\/\/tahecosmetics.com\/brand\/wp-content\/uploads\/2021\/12\/tahe-logo-dark-1.png","width":800,"height":359,"caption":"Tahe Group"},"image":{"@id":"https:\/\/tahecosmetics.com\/brand\/#\/schema\/logo\/image\/"}}]}},"_links":{"self":[{"href":"https:\/\/tahecosmetics.com\/brand\/it\/wp-json\/wp\/v2\/pages\/4068","targetHints":{"allow":["GET"]}}],"collection":[{"href":"https:\/\/tahecosmetics.com\/brand\/it\/wp-json\/wp\/v2\/pages"}],"about":[{"href":"https:\/\/tahecosmetics.com\/brand\/it\/wp-json\/wp\/v2\/types\/page"}],"author":[{"embeddable":true,"href":"https:\/\/tahecosmetics.com\/brand\/it\/wp-json\/wp\/v2\/users\/5"}],"replies":[{"embeddable":true,"href":"https:\/\/tahecosmetics.com\/brand\/it\/wp-json\/wp\/v2\/comments?post=4068"}],"version-history":[{"count":7,"href":"https:\/\/tahecosmetics.com\/brand\/it\/wp-json\/wp\/v2\/pages\/4068\/revisions"}],"predecessor-version":[{"id":4998,"href":"https:\/\/tahecosmetics.com\/brand\/it\/wp-json\/wp\/v2\/pages\/4068\/revisions\/4998"}],"wp:attachment":[{"href":"https:\/\/tahecosmetics.com\/brand\/it\/wp-json\/wp\/v2\/media?parent=4068"}],"curies":[{"name":"wp","href":"https:\/\/api.w.org\/{rel}","templated":true}]}}