{"id":5026,"date":"2020-12-22T15:56:09","date_gmt":"2020-12-22T15:56:09","guid":{"rendered":"https:\/\/tahecosmetics.com\/brand\/contact\/"},"modified":"2021-02-23T07:55:58","modified_gmt":"2021-02-23T07:55:58","slug":"contacto","status":"publish","type":"page","link":"https:\/\/tahecosmetics.com\/brand\/pt\/contacto\/","title":{"rendered":"Contacto"},"content":{"rendered":"<p>[vc_row use_container=&#8221;yes&#8221; use_predefined_class=&#8221;yes&#8221; predefined_class=&#8221;clients&#8221;][vc_column][vc_row_inner][vc_column_inner width=&#8221;1\/2&#8243;][ts_section_title animate_block=&#8221;yes&#8221; animation_type=&#8221;fadeIn&#8221; tagline=&#8221;TAHE Productos Cosm\u00e9ticos S.L.&#8221; title=&#8221;Avenida de Grecia, Parcela 5.1Pol\u00edgono Industrial Las Salinas30840 Alhama de Murcia &#8211; Murcia (Espa\u00f1a)&#8221; background_title=&#8221;Contacto&#8221;][\/vc_column_inner][vc_column_inner width=&#8221;1\/2&#8243;][ts_section_title animate_block=&#8221;yes&#8221; animation_type=&#8221;fadeIn&#8221; title=&#8221;Telefone: +34 968 891 100Email: info@tahecosmetics.com&#8221;][\/vc_column_inner][\/vc_row_inner][vc_empty_space height=&#8221;50px&#8221;][vc_row_inner][vc_column_inner]\n<div class=\"wpcf7 no-js\" id=\"wpcf7-f5119-o1\" lang=\"en-US\" dir=\"ltr\" data-wpcf7-id=\"5119\">\n<div class=\"screen-reader-response\"><p role=\"status\" aria-live=\"polite\" aria-atomic=\"true\"><\/p> <ul><\/ul><\/div>\n<form action=\"\/brand\/pt\/wp-json\/wp\/v2\/pages\/5026#wpcf7-f5119-o1\" method=\"post\" class=\"wpcf7-form init\" aria-label=\"Contact form\" novalidate=\"novalidate\" data-status=\"init\">\n<fieldset class=\"hidden-fields-container\"><input type=\"hidden\" name=\"_wpcf7\" value=\"5119\" \/><input type=\"hidden\" name=\"_wpcf7_version\" value=\"6.1.5\" \/><input type=\"hidden\" name=\"_wpcf7_locale\" value=\"en_US\" \/><input type=\"hidden\" name=\"_wpcf7_unit_tag\" value=\"wpcf7-f5119-o1\" \/><input type=\"hidden\" name=\"_wpcf7_container_post\" value=\"0\" \/><input type=\"hidden\" name=\"_wpcf7_posted_data_hash\" value=\"\" \/><input type=\"hidden\" name=\"_cf7a__timestamp\" value=\"37wRGwGmJENrNTCbSzH5CA==\" \/><input type=\"hidden\" name=\"_cf7a_version\" value=\"1.0\" \/><input type=\"hidden\" name=\"_cf7a_address\" value=\"\" \/><input type=\"hidden\" name=\"_cf7a_referer\" value=\"\" \/><input type=\"hidden\" name=\"_cf7a_protocol\" value=\"\" \/><input type=\"hidden\" name=\"_wpcf7_recaptcha_response\" value=\"\" \/><input type=\"hidden\" name=\"_cf7a_bot_fingerprint\" value=\"37wRGwGmJENrNTCbSzH5CA==\" \/><input type=\"hidden\" name=\"_cf7a_bot_fingerprint_extras\" \/><input type=\"hidden\" name=\"_cf7a_append_on_submit\" \/>\n<\/fieldset>\n<p><span class=\"wpcf7-form-control-wrap\" data-name=\"nombre\"><input type=\"text\" name=\"name\" value=\"\" autocomplete=\"fill\" class=\"fit-the-fullspace\" aria-hidden=\"true\" tabindex=\"-1\" \/><input size=\"40\" maxlength=\"400\" class=\"wpcf7-form-control wpcf7-text wpcf7-validates-as-required\" aria-required=\"true\" aria-invalid=\"false\" placeholder=\"Nome e apelido\" value=\"\" type=\"text\" name=\"nombre\" \/><\/span>\n<\/p>\n<p><span class=\"wpcf7-form-control-wrap\" data-name=\"pais\"><input size=\"40\" maxlength=\"400\" class=\"wpcf7-form-control wpcf7-text wpcf7-validates-as-required\" aria-required=\"true\" aria-invalid=\"false\" placeholder=\"Pa\u00eds\" value=\"\" type=\"text\" name=\"pais\" \/><input type=\"text\" name=\"email\" value=\"\" autocomplete=\"fill\" class=\"fit-the-fullspace\" aria-hidden=\"true\" tabindex=\"-1\" \/><\/span>\n<\/p>\n<p><span class=\"wpcf7-form-control-wrap\" data-name=\"provincia\"><input type=\"text\" name=\"address\" value=\"\" autocomplete=\"fill\" class=\"fit-the-fullspace\" aria-hidden=\"true\" tabindex=\"-1\" \/><input size=\"40\" maxlength=\"400\" class=\"wpcf7-form-control wpcf7-text wpcf7-validates-as-required\" aria-required=\"true\" aria-invalid=\"false\" placeholder=\"Prov\u00edncia\" value=\"\" type=\"text\" name=\"provincia\" \/><\/span>\n<\/p>\n<p><span class=\"wpcf7-form-control-wrap\" data-name=\"poblacion\"><input type=\"text\" name=\"zip\" value=\"\" autocomplete=\"fill\" class=\"fit-the-fullspace\" aria-hidden=\"true\" tabindex=\"-1\" \/><input size=\"40\" maxlength=\"400\" class=\"wpcf7-form-control wpcf7-text wpcf7-validates-as-required\" aria-required=\"true\" aria-invalid=\"false\" placeholder=\"Popula\u00e7\u00e3o\" value=\"\" type=\"text\" name=\"poblacion\" \/><\/span>\n<\/p>\n<p><span class=\"wpcf7-form-control-wrap\" data-name=\"Ocupacion\"><span class=\"wpcf7-form-control wpcf7-checkbox wpcf7-validates-as-required wpcf7-exclusive-checkbox\"><span class=\"wpcf7-list-item first\"><label><input type=\"checkbox\" name=\"Ocupacion\" value=\"Particulares\" \/><span class=\"wpcf7-list-item-label\">Particulares<\/span><\/label><\/span><span class=\"wpcf7-list-item\"><label><input type=\"checkbox\" name=\"Ocupacion\" value=\"Profissional\" \/><span class=\"wpcf7-list-item-label\">Profissional<\/span><\/label><\/span><span class=\"wpcf7-list-item last\"><label><input type=\"checkbox\" name=\"Ocupacion\" value=\"Distribuidor\" \/><span class=\"wpcf7-list-item-label\">Distribuidor<\/span><\/label><\/span><\/span><\/span>\n<\/p>\n<p><span class=\"wpcf7-form-control-wrap\" data-name=\"telefono\"><input type=\"text\" name=\"ship-address\" value=\"\" autocomplete=\"fill\" class=\"fit-the-fullspace\" aria-hidden=\"true\" tabindex=\"-1\" \/><input size=\"40\" maxlength=\"400\" class=\"wpcf7-form-control wpcf7-text wpcf7-validates-as-required\" aria-required=\"true\" aria-invalid=\"false\" placeholder=\"Telefone\" value=\"\" type=\"text\" name=\"telefono\" \/><\/span>\n<\/p>\n<p><span class=\"wpcf7-form-control-wrap\" data-name=\"email\"><input size=\"40\" maxlength=\"400\" class=\"wpcf7-form-control wpcf7-email wpcf7-validates-as-required wpcf7-text wpcf7-validates-as-email\" aria-required=\"true\" aria-invalid=\"false\" placeholder=\"Email\" value=\"\" type=\"email\" name=\"email\" \/><\/span>\n<\/p>\n<p><span class=\"wpcf7-form-control-wrap\" data-name=\"asunto\"><input size=\"40\" maxlength=\"400\" class=\"wpcf7-form-control wpcf7-text wpcf7-validates-as-required\" aria-required=\"true\" aria-invalid=\"false\" placeholder=\"Assunto\" value=\"\" type=\"text\" name=\"asunto\" \/><\/span>\n<\/p>\n<p><span class=\"wpcf7-form-control-wrap\" data-name=\"your-message\"><textarea cols=\"40\" rows=\"5\" maxlength=\"2000\" class=\"wpcf7-form-control wpcf7-textarea wpcf7-validates-as-required\" aria-required=\"true\" aria-invalid=\"false\" placeholder=\"Mensagem\" name=\"your-message\"><\/textarea><\/span>\n<\/p>\n<p><span style=\"font-size: 11px; line-height: 1 !important;\">O interessado \u00e9 informado de que os seus dados pessoais ser\u00e3o incorporados num ficheiro automatizado, cujo respons\u00e1vel \u00e9 TAHE PRODUCTOS COSM\u00c9TICOS S.L. Estes dados s\u00e3o absolutamente necess\u00e1rios para fornecer um servi\u00e7o de qualidade e garantias. O propriet\u00e1rio dos dados consente a sua comunica\u00e7\u00e3o a outras empresas do nosso grupo, para fornecer o servi\u00e7o contratado\/requerido. Em conformidade com a Lei Org\u00e2nica 15\/1999 de 13 de Dezembro sobre a Protec\u00e7\u00e3o de Dados Pessoais, e o Decreto Real 1720\/2007 de 21 de Dezembro, Regulamento de desenvolvimento da Lei Org\u00e2nica 15\/1999, a TAHE PRODUCTOS COSM\u00c9TICOS S.L., propriet\u00e1ria e detentora desta base de dados, tomou as medidas adequadas para proteger os seus dados pessoais, a fim de salvaguardar o seu direito \u00e0 honra e \u00e0 privacidade pessoal e familiar. O interessado pode exercer os seus direitos de oposi\u00e7\u00e3o, acesso, rectifica\u00e7\u00e3o e cancelamento em rela\u00e7\u00e3o aos seus dados pessoais, mediante pedido escrito \u00e0 TAHE PRODUCTOS COSM\u00c9TICOS, no qual existem modelos escritos \u00e0 disposi\u00e7\u00e3o do propriet\u00e1rio dos dados atrav\u00e9s dos quais pode exercer tais direitos.<\/span>.\n<\/p>\n<p><span class=\"wpcf7-form-control-wrap\" data-name=\"acceptance-782\"><span class=\"wpcf7-form-control wpcf7-acceptance\"><span class=\"wpcf7-list-item\"><label><input type=\"checkbox\" name=\"acceptance-782\" value=\"1\" aria-invalid=\"false\" \/><span class=\"wpcf7-list-item-label\">Li e aceito a pol\u00edtica de privacidade<\/span><\/label><\/span><\/span><\/span>\n<\/p>\n<p><input class=\"wpcf7-form-control wpcf7-submit has-spinner\" type=\"submit\" value=\"Enviar\" \/>\n<\/p><div class=\"wpcf7-response-output\" aria-hidden=\"true\"><\/div>\n<\/form>\n<\/div>\n[\/vc_column_inner][\/vc_row_inner][\/vc_column][\/vc_row][vc_row full_width=&#8221;stretch_row_content_no_spaces&#8221; section_background_color=&#8221;#0e0e0e&#8221; use_container=&#8221;yes&#8221; use_predefined_class=&#8221;yes&#8221; predefined_class=&#8221;hello&#8221; css=&#8221;.vc_custom_1614008944251{margin-top: 0px !important;margin-bottom: 0px !important;padding-top: 0px !important;padding-bottom: 0px !important;}&#8221;][vc_column][vc_row_inner content_placement=&#8221;middle&#8221; css=&#8221;.vc_custom_1608295636456{margin-top: 0px !important;margin-bottom: 0px !important;padding-top: 0px !important;padding-bottom: 0px !important;}&#8221;][vc_column_inner width=&#8221;1\/3&#8243; css=&#8221;.vc_custom_1608296591176{margin-top: 0px !important;padding-top: 0px !important;background-position: center !important;background-repeat: no-repeat !important;background-size: cover !important;}&#8221;][vc_hoverbox image=&#8221;2551&#8243; primary_title=&#8221;A nossa identidade&#8221; hover_title=&#8221;&#8221; shape=&#8221;square&#8221; hover_background_color=&#8221;custom&#8221; hover_btn_title=&#8221;Entrar&#8221; hover_btn_style=&#8221;flat&#8221; hover_btn_color=&#8221;black&#8221; hover_add_button=&#8221;true&#8221; hover_btn_link=&#8221;url:https%3A%2F%2Ftahecosmetics.com%2Fbrand%2Fpt%2Fa-nossa-identidade%2F|title:A%20nossa%20identidade||&#8221;][\/vc_hoverbox][\/vc_column_inner][vc_column_inner width=&#8221;1\/3&#8243; css=&#8221;.vc_custom_1608296651814{margin-top: 0px !important;padding-top: 0px !important;background-position: center !important;background-repeat: no-repeat !important;background-size: cover !important;}&#8221;][vc_hoverbox image=&#8221;2570&#8243; primary_title=&#8221;As nossas origens&#8221; hover_title=&#8221;&#8221; shape=&#8221;square&#8221; hover_background_color=&#8221;custom&#8221; hover_btn_title=&#8221;Entrar&#8221; hover_btn_style=&#8221;flat&#8221; hover_btn_shape=&#8221;square&#8221; hover_btn_color=&#8221;black&#8221; hover_add_button=&#8221;true&#8221; hover_btn_link=&#8221;url:https%3A%2F%2Ftahecosmetics.com%2Fbrand%2Fpt%2Fas-nossas-origens%2F|title:As%20nossas%20origens||&#8221;][\/vc_hoverbox][\/vc_column_inner][vc_column_inner width=&#8221;1\/3&#8243; css=&#8221;.vc_custom_1608296658496{margin-top: 0px !important;padding-top: 0px !important;background-position: center !important;background-repeat: no-repeat !important;background-size: cover !important;}&#8221;][vc_hoverbox image=&#8221;2549&#8243; primary_title=&#8221;As nossas diferen\u00e7as&#8221; hover_title=&#8221;&#8221; shape=&#8221;square&#8221; hover_background_color=&#8221;custom&#8221; hover_btn_title=&#8221;Entrar&#8221; hover_btn_style=&#8221;flat&#8221; hover_btn_color=&#8221;black&#8221; hover_add_button=&#8221;true&#8221; hover_btn_link=&#8221;url:https%3A%2F%2Ftahecosmetics.com%2Fbrand%2Fpt%2Fas-nossas-diferencas%2F|title:As%20nossas%20diferen%C3%A7as||&#8221;][\/vc_hoverbox][\/vc_column_inner][\/vc_row_inner][\/vc_column][\/vc_row]<\/p>\n","protected":false},"excerpt":{"rendered":"<p>[vc_row use_container=&#8221;yes&#8221; use_predefined_class=&#8221;yes&#8221; predefined_class=&#8221;clients&#8221;][vc_column][vc_row_inner][vc_column_inner width=&#8221;1\/2&#8243;][ts_section_title animate_block=&#8221;yes&#8221; animation_type=&#8221;fadeIn&#8221; tagline=&#8221;TAHE Productos Cosm\u00e9ticos S.L.&#8221; title=&#8221;Avenida de Grecia, Parcela 5.1Pol\u00edgono Industrial Las Salinas30840 Alhama de Murcia &#8211; Murcia (Espa\u00f1a)&#8221; background_title=&#8221;Contacto&#8221;][\/vc_column_inner][vc_column_inner width=&#8221;1\/2&#8243;][ts_section_title animate_block=&#8221;yes&#8221; animation_type=&#8221;fadeIn&#8221; title=&#8221;Telefone: +34 968 891 100Email: info@tahecosmetics.com&#8221;][\/vc_column_inner][\/vc_row_inner][vc_empty_space height=&#8221;50px&#8221;][vc_row_inner][vc_column_inner][\/vc_column_inner][\/vc_row_inner][\/vc_column][\/vc_row][vc_row full_width=&#8221;stretch_row_content_no_spaces&#8221; section_background_color=&#8221;#0e0e0e&#8221; use_container=&#8221;yes&#8221; use_predefined_class=&#8221;yes&#8221; predefined_class=&#8221;hello&#8221; css=&#8221;.vc_custom_1614008944251{margin-top: 0px !important;margin-bottom: 0px !important;padding-top: 0px !important;padding-bottom: 0px !important;}&#8221;][vc_column][vc_row_inner content_placement=&#8221;middle&#8221; css=&#8221;.vc_custom_1608295636456{margin-top: 0px !important;margin-bottom: 0px [&hellip;]<\/p>\n","protected":false},"author":5,"featured_media":0,"parent":0,"menu_order":0,"comment_status":"closed","ping_status":"closed","template":"page-builder.php","meta":{"footnotes":""},"class_list":["post-5026","page","type-page","status-publish","hentry"],"yoast_head":"<!-- This site is optimized with the Yoast SEO plugin v27.1.1 - https:\/\/yoast.com\/product\/yoast-seo-wordpress\/ -->\n<title>Contacto - Tahe Brand<\/title>\n<meta name=\"robots\" content=\"noindex, follow\" \/>\n<meta property=\"og:locale\" content=\"pt_PT\" \/>\n<meta property=\"og:type\" content=\"article\" \/>\n<meta property=\"og:title\" content=\"Contacto - Tahe Brand\" \/>\n<meta property=\"og:description\" content=\"[vc_row use_container=&#8221;yes&#8221; use_predefined_class=&#8221;yes&#8221; predefined_class=&#8221;clients&#8221;][vc_column][vc_row_inner][vc_column_inner width=&#8221;1\/2&#8243;][ts_section_title animate_block=&#8221;yes&#8221; animation_type=&#8221;fadeIn&#8221; tagline=&#8221;TAHE Productos Cosm\u00e9ticos S.L.&#8221; title=&#8221;Avenida de Grecia, Parcela 5.1Pol\u00edgono Industrial Las Salinas30840 Alhama de Murcia &#8211; Murcia (Espa\u00f1a)&#8221; background_title=&#8221;Contacto&#8221;][\/vc_column_inner][vc_column_inner width=&#8221;1\/2&#8243;][ts_section_title animate_block=&#8221;yes&#8221; animation_type=&#8221;fadeIn&#8221; title=&#8221;Telefone: +34 968 891 100Email: info@tahecosmetics.com&#8221;][\/vc_column_inner][\/vc_row_inner][vc_empty_space height=&#8221;50px&#8221;][vc_row_inner][vc_column_inner][\/vc_column_inner][\/vc_row_inner][\/vc_column][\/vc_row][vc_row full_width=&#8221;stretch_row_content_no_spaces&#8221; section_background_color=&#8221;#0e0e0e&#8221; use_container=&#8221;yes&#8221; use_predefined_class=&#8221;yes&#8221; predefined_class=&#8221;hello&#8221; css=&#8221;.vc_custom_1614008944251{margin-top: 0px !important;margin-bottom: 0px !important;padding-top: 0px !important;padding-bottom: 0px !important;}&#8221;][vc_column][vc_row_inner content_placement=&#8221;middle&#8221; css=&#8221;.vc_custom_1608295636456{margin-top: 0px !important;margin-bottom: 0px [&hellip;]\" \/>\n<meta property=\"og:url\" content=\"https:\/\/tahecosmetics.com\/brand\/pt\/contacto\/\" \/>\n<meta property=\"og:site_name\" content=\"Tahe Brand\" \/>\n<meta property=\"article:modified_time\" content=\"2021-02-23T07:55:58+00:00\" \/>\n<meta name=\"twitter:card\" content=\"summary_large_image\" \/>\n<meta name=\"twitter:label1\" content=\"Est. reading time\" \/>\n\t<meta name=\"twitter:data1\" content=\"2 minutes\" \/>\n<script type=\"application\/ld+json\" class=\"yoast-schema-graph\">{\"@context\":\"https:\/\/schema.org\",\"@graph\":[{\"@type\":\"WebPage\",\"@id\":\"https:\/\/tahecosmetics.com\/brand\/pt\/contacto\/\",\"url\":\"https:\/\/tahecosmetics.com\/brand\/pt\/contacto\/\",\"name\":\"Contacto - Tahe Brand\",\"isPartOf\":{\"@id\":\"https:\/\/tahecosmetics.com\/brand\/#website\"},\"datePublished\":\"2020-12-22T15:56:09+00:00\",\"dateModified\":\"2021-02-23T07:55:58+00:00\",\"breadcrumb\":{\"@id\":\"https:\/\/tahecosmetics.com\/brand\/pt\/contacto\/#breadcrumb\"},\"inLanguage\":\"pt\",\"potentialAction\":[{\"@type\":\"ReadAction\",\"target\":[\"https:\/\/tahecosmetics.com\/brand\/pt\/contacto\/\"]}]},{\"@type\":\"BreadcrumbList\",\"@id\":\"https:\/\/tahecosmetics.com\/brand\/pt\/contacto\/#breadcrumb\",\"itemListElement\":[{\"@type\":\"ListItem\",\"position\":1,\"name\":\"Home\",\"item\":\"https:\/\/tahecosmetics.com\/brand\/pt\/\"},{\"@type\":\"ListItem\",\"position\":2,\"name\":\"Contacto\"}]},{\"@type\":\"WebSite\",\"@id\":\"https:\/\/tahecosmetics.com\/brand\/#website\",\"url\":\"https:\/\/tahecosmetics.com\/brand\/\",\"name\":\"Tahe Brand\",\"description\":\"Beautifying your life\",\"publisher\":{\"@id\":\"https:\/\/tahecosmetics.com\/brand\/#organization\"},\"potentialAction\":[{\"@type\":\"SearchAction\",\"target\":{\"@type\":\"EntryPoint\",\"urlTemplate\":\"https:\/\/tahecosmetics.com\/brand\/?s={search_term_string}\"},\"query-input\":{\"@type\":\"PropertyValueSpecification\",\"valueRequired\":true,\"valueName\":\"search_term_string\"}}],\"inLanguage\":\"pt\"},{\"@type\":\"Organization\",\"@id\":\"https:\/\/tahecosmetics.com\/brand\/#organization\",\"name\":\"Tahe Group\",\"url\":\"https:\/\/tahecosmetics.com\/brand\/\",\"logo\":{\"@type\":\"ImageObject\",\"inLanguage\":\"pt\",\"@id\":\"https:\/\/tahecosmetics.com\/brand\/#\/schema\/logo\/image\/\",\"url\":\"https:\/\/tahecosmetics.com\/brand\/wp-content\/uploads\/2021\/12\/tahe-logo-dark-1.png\",\"contentUrl\":\"https:\/\/tahecosmetics.com\/brand\/wp-content\/uploads\/2021\/12\/tahe-logo-dark-1.png\",\"width\":800,\"height\":359,\"caption\":\"Tahe Group\"},\"image\":{\"@id\":\"https:\/\/tahecosmetics.com\/brand\/#\/schema\/logo\/image\/\"}}]}<\/script>\n<!-- \/ Yoast SEO plugin. -->","yoast_head_json":{"title":"Contacto - Tahe Brand","robots":{"index":"noindex","follow":"follow"},"og_locale":"pt_PT","og_type":"article","og_title":"Contacto - Tahe Brand","og_description":"[vc_row use_container=&#8221;yes&#8221; use_predefined_class=&#8221;yes&#8221; predefined_class=&#8221;clients&#8221;][vc_column][vc_row_inner][vc_column_inner width=&#8221;1\/2&#8243;][ts_section_title animate_block=&#8221;yes&#8221; animation_type=&#8221;fadeIn&#8221; tagline=&#8221;TAHE Productos Cosm\u00e9ticos S.L.&#8221; title=&#8221;Avenida de Grecia, Parcela 5.1Pol\u00edgono Industrial Las Salinas30840 Alhama de Murcia &#8211; Murcia (Espa\u00f1a)&#8221; background_title=&#8221;Contacto&#8221;][\/vc_column_inner][vc_column_inner width=&#8221;1\/2&#8243;][ts_section_title animate_block=&#8221;yes&#8221; animation_type=&#8221;fadeIn&#8221; title=&#8221;Telefone: +34 968 891 100Email: info@tahecosmetics.com&#8221;][\/vc_column_inner][\/vc_row_inner][vc_empty_space height=&#8221;50px&#8221;][vc_row_inner][vc_column_inner][\/vc_column_inner][\/vc_row_inner][\/vc_column][\/vc_row][vc_row full_width=&#8221;stretch_row_content_no_spaces&#8221; section_background_color=&#8221;#0e0e0e&#8221; use_container=&#8221;yes&#8221; use_predefined_class=&#8221;yes&#8221; predefined_class=&#8221;hello&#8221; css=&#8221;.vc_custom_1614008944251{margin-top: 0px !important;margin-bottom: 0px !important;padding-top: 0px !important;padding-bottom: 0px !important;}&#8221;][vc_column][vc_row_inner content_placement=&#8221;middle&#8221; css=&#8221;.vc_custom_1608295636456{margin-top: 0px !important;margin-bottom: 0px [&hellip;]","og_url":"https:\/\/tahecosmetics.com\/brand\/pt\/contacto\/","og_site_name":"Tahe Brand","article_modified_time":"2021-02-23T07:55:58+00:00","twitter_card":"summary_large_image","twitter_misc":{"Est. reading time":"2 minutes"},"schema":{"@context":"https:\/\/schema.org","@graph":[{"@type":"WebPage","@id":"https:\/\/tahecosmetics.com\/brand\/pt\/contacto\/","url":"https:\/\/tahecosmetics.com\/brand\/pt\/contacto\/","name":"Contacto - Tahe Brand","isPartOf":{"@id":"https:\/\/tahecosmetics.com\/brand\/#website"},"datePublished":"2020-12-22T15:56:09+00:00","dateModified":"2021-02-23T07:55:58+00:00","breadcrumb":{"@id":"https:\/\/tahecosmetics.com\/brand\/pt\/contacto\/#breadcrumb"},"inLanguage":"pt","potentialAction":[{"@type":"ReadAction","target":["https:\/\/tahecosmetics.com\/brand\/pt\/contacto\/"]}]},{"@type":"BreadcrumbList","@id":"https:\/\/tahecosmetics.com\/brand\/pt\/contacto\/#breadcrumb","itemListElement":[{"@type":"ListItem","position":1,"name":"Home","item":"https:\/\/tahecosmetics.com\/brand\/pt\/"},{"@type":"ListItem","position":2,"name":"Contacto"}]},{"@type":"WebSite","@id":"https:\/\/tahecosmetics.com\/brand\/#website","url":"https:\/\/tahecosmetics.com\/brand\/","name":"Tahe Brand","description":"Beautifying your life","publisher":{"@id":"https:\/\/tahecosmetics.com\/brand\/#organization"},"potentialAction":[{"@type":"SearchAction","target":{"@type":"EntryPoint","urlTemplate":"https:\/\/tahecosmetics.com\/brand\/?s={search_term_string}"},"query-input":{"@type":"PropertyValueSpecification","valueRequired":true,"valueName":"search_term_string"}}],"inLanguage":"pt"},{"@type":"Organization","@id":"https:\/\/tahecosmetics.com\/brand\/#organization","name":"Tahe Group","url":"https:\/\/tahecosmetics.com\/brand\/","logo":{"@type":"ImageObject","inLanguage":"pt","@id":"https:\/\/tahecosmetics.com\/brand\/#\/schema\/logo\/image\/","url":"https:\/\/tahecosmetics.com\/brand\/wp-content\/uploads\/2021\/12\/tahe-logo-dark-1.png","contentUrl":"https:\/\/tahecosmetics.com\/brand\/wp-content\/uploads\/2021\/12\/tahe-logo-dark-1.png","width":800,"height":359,"caption":"Tahe Group"},"image":{"@id":"https:\/\/tahecosmetics.com\/brand\/#\/schema\/logo\/image\/"}}]}},"_links":{"self":[{"href":"https:\/\/tahecosmetics.com\/brand\/pt\/wp-json\/wp\/v2\/pages\/5026","targetHints":{"allow":["GET"]}}],"collection":[{"href":"https:\/\/tahecosmetics.com\/brand\/pt\/wp-json\/wp\/v2\/pages"}],"about":[{"href":"https:\/\/tahecosmetics.com\/brand\/pt\/wp-json\/wp\/v2\/types\/page"}],"author":[{"embeddable":true,"href":"https:\/\/tahecosmetics.com\/brand\/pt\/wp-json\/wp\/v2\/users\/5"}],"replies":[{"embeddable":true,"href":"https:\/\/tahecosmetics.com\/brand\/pt\/wp-json\/wp\/v2\/comments?post=5026"}],"version-history":[{"count":5,"href":"https:\/\/tahecosmetics.com\/brand\/pt\/wp-json\/wp\/v2\/pages\/5026\/revisions"}],"predecessor-version":[{"id":5120,"href":"https:\/\/tahecosmetics.com\/brand\/pt\/wp-json\/wp\/v2\/pages\/5026\/revisions\/5120"}],"wp:attachment":[{"href":"https:\/\/tahecosmetics.com\/brand\/pt\/wp-json\/wp\/v2\/media?parent=5026"}],"curies":[{"name":"wp","href":"https:\/\/api.w.org\/{rel}","templated":true}]}}