{"id":1311,"date":"2021-06-17T09:52:36","date_gmt":"2021-06-17T09:52:36","guid":{"rendered":"https:\/\/tahecosmetics.com\/jobs\/?page_id=1311"},"modified":"2024-03-06T09:15:21","modified_gmt":"2024-03-06T09:15:21","slug":"politica-de-calidad-y-medioambiente","status":"publish","type":"page","link":"https:\/\/tahecosmetics.com\/jobs\/politica-de-calidad-y-medioambiente\/","title":{"rendered":"Pol\u00edtica de Calidad y Medioambiente"},"content":{"rendered":"\n[et_pb_section fb_built=\u00bb1&#8243; _builder_version=\u00bb4.16&#8243; _module_preset=\u00bbdefault\u00bb background_image=\u00bbhttps:\/\/tahecosmetics.com\/jobs\/wp-content\/uploads\/2021\/06\/tahecalidadmedioambiente.jpg\u00bb parallax=\u00bbon\u00bb custom_padding=\u00bb4%||4%||false|false\u00bb da_disable_devices=\u00bboff|off|off\u00bb global_colors_info=\u00bb{}\u00bb da_is_popup=\u00bboff\u00bb da_exit_intent=\u00bboff\u00bb da_has_close=\u00bbon\u00bb da_alt_close=\u00bboff\u00bb da_dark_close=\u00bboff\u00bb da_not_modal=\u00bbon\u00bb da_is_singular=\u00bboff\u00bb da_with_loader=\u00bboff\u00bb da_has_shadow=\u00bbon\u00bb][et_pb_row _builder_version=\u00bb4.16&#8243; _module_preset=\u00bbdefault\u00bb global_colors_info=\u00bb{}\u00bb][et_pb_column type=\u00bb4_4&#8243; _builder_version=\u00bb4.16&#8243; _module_preset=\u00bbdefault\u00bb global_colors_info=\u00bb{}\u00bb][\/et_pb_column][\/et_pb_row][\/et_pb_section][et_pb_section fb_built=\u00bb1&#8243; _builder_version=\u00bb4.16&#8243; _module_preset=\u00bbdefault\u00bb custom_padding=\u00bb||0px|||\u00bb da_disable_devices=\u00bboff|off|off\u00bb global_colors_info=\u00bb{}\u00bb da_is_popup=\u00bboff\u00bb da_exit_intent=\u00bboff\u00bb da_has_close=\u00bbon\u00bb da_alt_close=\u00bboff\u00bb da_dark_close=\u00bboff\u00bb da_not_modal=\u00bbon\u00bb da_is_singular=\u00bboff\u00bb da_with_loader=\u00bboff\u00bb da_has_shadow=\u00bbon\u00bb][et_pb_row _builder_version=\u00bb4.16&#8243; _module_preset=\u00bbdefault\u00bb global_colors_info=\u00bb{}\u00bb][et_pb_column type=\u00bb4_4&#8243; _builder_version=\u00bb4.16&#8243; _module_preset=\u00bbdefault\u00bb global_colors_info=\u00bb{}\u00bb][et_pb_text _builder_version=\u00bb4.16&#8243; _module_preset=\u00bbdefault\u00bb header_font=\u00bb|||on|||||\u00bb header_text_align=\u00bbcenter\u00bb header_text_color=\u00bb111&#8243; header_font_size=\u00bb40px\u00bb header_2_font=\u00bb|||on|||||\u00bb header_2_text_align=\u00bbcenter\u00bb header_2_font_size=\u00bb40px\u00bb global_colors_info=\u00bb{}\u00bb]<h1>Pol\u00edtica de Calidad y Medioambiente<\/h1>[\/et_pb_text][et_pb_text _builder_version=\u00bb4.16&#8243; _module_preset=\u00bbdefault\u00bb global_colors_info=\u00bb{}\u00bb]<p class=\"p1\">La Direcci\u00f3n de TAHE PRODUCTOS COSM\u00c9TICOS, S.L. en adelante \u2013\u00a0TAHE\u00a0\u2013 proclama la siguiente declaraci\u00f3n de \u201cPol\u00edtica de la Calidad y Medioambiente\u201d y se compromete a difundirla, hacerla cumplir y vigilar su cumplimiento en toda la empresa.<\/p>\n<p class=\"p1\">El Alcance es el Dise\u00f1o, fabricaci\u00f3n, envasado y distribuci\u00f3n de productos cosm\u00e9ticos y peluquer\u00eda:<\/p>\n<p class=\"p1\">\u2022 <strong>TAHE<\/strong>\u00a0sit\u00faa la calidad de sus servicios por encima de todo lo dem\u00e1s, porque la lealtad y satisfacci\u00f3n del cliente constituyen nuestra mayor preocupaci\u00f3n. Calidad significa satisfacer las necesidades y expectativas razonables de los clientes la primera y todas las veces, y reconocemos que los clientes existen dentro de la empresa y fuera de ella.<br \/>\u2022 <strong>TAHE<\/strong>, se compromete a operar, siempre, bajo el estricto cumplimiento de la legislaci\u00f3n vigente (local, auton\u00f3mica, estatal, comunitaria e internacional) que le sea de aplicaci\u00f3n, as\u00ed como el cumplimiento de otros requisitos establecidos voluntariamente por TAHE para proteger al Medioambiente.<br \/>\u2022 <strong>TAHE<\/strong>\u00a0atender\u00e1 a las necesidades de sus clientes, tratando de clarificar y de hacer realistas y operativos los requisitos especificados de los productos, buscando los mejores resultados mediante una estrecha colaboraci\u00f3n con los clientes y dem\u00e1s partes interesadas dentro del contexto de la Organizaci\u00f3n.<br \/>\u2022 <strong>TAHE<\/strong>\u00a0tendr\u00e1 disponibles los recursos humanos y materiales necesarios para garantizar la calidad de sus servicios.<br \/>\u2022 <strong>TAHE<\/strong>, define las responsabilidades dentro de la Organizaci\u00f3n de manera que permitan conseguir los objetivos Medioambientales y de la Calidad establecidos, as\u00ed como disponer de los recursos t\u00e9cnicos adecuados para el desarrollo del Sistema de Gesti\u00f3n y Desempe\u00f1o Ambiental.<br \/>\u2022 <strong>TAHE<\/strong>\u00a0mantendr\u00e1 actualizado su programa de formaci\u00f3n y entrenamiento de su personal, con recursos propios o externos, tanto para mejorar los conocimientos y habilidades en el entorno de su puesto de trabajo como para alcanzar un mayor conocimiento t\u00e9cnico y de la calidad y lograr una mayor sensibilizaci\u00f3n y motivaci\u00f3n sobre la protecci\u00f3n ambiental, comprometi\u00e9ndose pues a disponer del personal adecuado para as\u00ed cumplir con los requisitos de nuestros productos y servicios, y asegur\u00e1ndose que todos los trabajadores sean conscientes de la incidencia de su trabajo en el Medioambiente.<br \/>\u2022 <strong>TAHE<\/strong>\u00a0motiva la participaci\u00f3n creativa, de todo el personal de la organizaci\u00f3n, en el desarrollo y mejora del Sistema de Gesti\u00f3n y Desempe\u00f1o Ambiental.<br \/>\u2022 <strong>TAHE<\/strong>\u00a0se esforzar\u00e1 continuamente por mejorar sus procesos de producci\u00f3n y control, recogidos, todos ellos, en procedimientos, realizando un uso sostenible de los recursos naturales, materias primas y energ\u00eda.<br \/>\u2022 <strong>TAHE<\/strong>\u00a0proteger\u00e1 al Medioambiente y trabajar\u00e1 por prevenir la contaminaci\u00f3n mediante la aplicaci\u00f3n de medidas organizativas y tecnol\u00f3gicas que sean adecuadas y viables, dentro del marco de su competencia y de sus recursos.<br \/>\u2022 <strong>TAHE<\/strong>\u00a0seleccionar\u00e1 aquellos proveedores que nos garanticen un producto o servicio de calidad y respetuoso con el Medioambiente.<br \/>\u2022 <strong>TAHE<\/strong>, velar\u00e1 por el cumplimento de las buenas pr\u00e1cticas medioambientales por parte de sus empleados, suministradores, subcontratistas y visitas en general, para prevenir incidencias sobre el\u00a0Medioambiente.<br \/>\u2022 <strong>TAHE<\/strong>\u00a0atender\u00e1 y responder\u00e1 a todas las sugerencias y reclamaciones formuladas por sus clientes, que, previamente, habr\u00e1n sido analizadas.<br \/>\u2022 <strong>TAHE<\/strong>\u00a0establecer\u00e1 cuantas acciones correctivas sean oportunas para evitar la repetici\u00f3n de no conformidades, estimulando cualquier acci\u00f3n encaminada a la mejora continua de su sistema de gesti\u00f3n.<br \/>\u2022 <strong>TAHE<\/strong>, promueve un enfoque a procesos, basado en el an\u00e1lisis de riesgos y oportunidades.<br \/>\u2022 <strong>TAHE<\/strong>\u00a0promueve la transmisi\u00f3n del conocimiento a los empleados basados en la experiencia de nuestra organizaci\u00f3n aprendiendo de errores y \u00e9xitos del pasado.<br \/>\u2022 <strong>TAHE<\/strong>\u00a0facilitar\u00e1 la transparencia e informaci\u00f3n sobre su comportamiento medioambiental.<br \/>\u2022 <strong>TAHE<\/strong>\u00a0establece anualmente los objetivos necesarios para la consecuci\u00f3n de esta Pol\u00edtica, y se compromete, dirige y apoya a quienes contribuyen a la eficacia del Sistema de Gesti\u00f3n y Desempe\u00f1o Ambiental. Adem\u00e1s revisar\u00e1 peri\u00f3dicamente dichos objetivos y metas, dentro del proceso de mejora continua.<\/p>\n<p class=\"p1\">Por tanto, cuento con el apoyo de todo el personal, para mantener y desarrollar el sistema de gesti\u00f3n establecido, que se ir\u00e1 mejorando continuamente y que deber\u00e1 garantizar el riguroso cumplimiento de las normativas UNE-EN-ISO 22716:2007 cuyas directrices est\u00e1n destinadas a proporcionar una gu\u00eda de buenas pr\u00e1cticas de fabricaci\u00f3n en productos cosm\u00e9ticos, ISO 9001:2015, norma que se concentra en el aumento de la satisfacci\u00f3n del cliente y en la capacidad de proveer productos y servicios que cumplan con las exigencias internas y externas de la Organizaci\u00f3n e ISO 14001:2015, norma que establece un marco con el que proteger el Medioambiente y responder a las condiciones ambientales cambiantes, siempre guardando el equilibrio con las necesidades socioecon\u00f3micas.<\/p>\n<p class=\"p1\">Fdo. Mariano Maga\u00f1a, Director General<\/p>[\/et_pb_text][\/et_pb_column][\/et_pb_row][\/et_pb_section][et_pb_section fb_built=\u00bb1&#8243; _builder_version=\u00bb4.16&#8243; _module_preset=\u00bbdefault\u00bb da_disable_devices=\u00bboff|off|off\u00bb global_colors_info=\u00bb{}\u00bb da_is_popup=\u00bboff\u00bb da_exit_intent=\u00bboff\u00bb da_has_close=\u00bbon\u00bb da_alt_close=\u00bboff\u00bb da_dark_close=\u00bboff\u00bb da_not_modal=\u00bbon\u00bb da_is_singular=\u00bboff\u00bb da_with_loader=\u00bboff\u00bb da_has_shadow=\u00bbon\u00bb][et_pb_row column_structure=\u00bb1_5,1_5,1_5,1_5,1_5&#8243; disabled_on=\u00bboff|off|off\u00bb _builder_version=\u00bb4.16&#8243; _module_preset=\u00bbdefault\u00bb global_colors_info=\u00bb{}\u00bb][et_pb_column type=\u00bb1_5&#8243; _builder_version=\u00bb4.16&#8243; _module_preset=\u00bbdefault\u00bb global_colors_info=\u00bb{}\u00bb][\/et_pb_column][et_pb_column type=\u00bb1_5&#8243; _builder_version=\u00bb4.16&#8243; _module_preset=\u00bbdefault\u00bb global_colors_info=\u00bb{}\u00bb][et_pb_image src=\u00bbhttps:\/\/tahecosmetics.com\/jobs\/wp-content\/uploads\/2021\/06\/SGS-ISO-14001-COLOR.png\u00bb title_text=\u00bbSGS-ISO 14001-COLOR\u00bb url=\u00bbhttps:\/\/www.sgs.com\/en\/certified-clients-and-products\u00bb url_new_window=\u00bbon\u00bb _builder_version=\u00bb4.21.0&#8243; _module_preset=\u00bbdefault\u00bb max_width=\u00bb150px\u00bb module_alignment=\u00bbcenter\u00bb hover_enabled=\u00bb0&#8243; global_colors_info=\u00bb{}\u00bb sticky_enabled=\u00bb0&#8243;][\/et_pb_image][\/et_pb_column][et_pb_column type=\u00bb1_5&#8243; _builder_version=\u00bb4.16&#8243; _module_preset=\u00bbdefault\u00bb global_colors_info=\u00bb{}\u00bb][et_pb_image src=\u00bbhttps:\/\/tahecosmetics.com\/jobs\/wp-content\/uploads\/2021\/06\/SGS-ISO-9001-COLOR.png\u00bb title_text=\u00bbSGS-ISO 9001-COLOR\u00bb url=\u00bbhttps:\/\/www.sgs.com\/en\/certified-clients-and-products\u00bb url_new_window=\u00bbon\u00bb _builder_version=\u00bb4.21.0&#8243; _module_preset=\u00bbdefault\u00bb max_width=\u00bb150px\u00bb module_alignment=\u00bbcenter\u00bb hover_enabled=\u00bb0&#8243; global_colors_info=\u00bb{}\u00bb sticky_enabled=\u00bb0&#8243;][\/et_pb_image][\/et_pb_column][et_pb_column type=\u00bb1_5&#8243; _builder_version=\u00bb4.16&#8243; _module_preset=\u00bbdefault\u00bb global_colors_info=\u00bb{}\u00bb][et_pb_image src=\u00bbhttps:\/\/tahecosmetics.com\/jobs\/wp-content\/uploads\/2021\/06\/SGS_GMP_TCL.png\u00bb title_text=\u00bbSGS_GMP_TCL\u00bb url=\u00bbhttps:\/\/www.sgs.com\/en\/certified-clients-and-products\u00bb url_new_window=\u00bbon\u00bb _builder_version=\u00bb4.21.0&#8243; _module_preset=\u00bbdefault\u00bb max_width=\u00bb150px\u00bb module_alignment=\u00bbcenter\u00bb hover_enabled=\u00bb0&#8243; global_colors_info=\u00bb{}\u00bb sticky_enabled=\u00bb0&#8243;][\/et_pb_image][\/et_pb_column][et_pb_column type=\u00bb1_5&#8243; _builder_version=\u00bb4.16&#8243; _module_preset=\u00bbdefault\u00bb global_colors_info=\u00bb{}\u00bb][\/et_pb_column][\/et_pb_row][\/et_pb_section]\n","protected":false},"excerpt":{"rendered":"<p>Pol\u00edtica de Calidad y MedioambienteLa Direcci\u00f3n de TAHE PRODUCTOS COSM\u00c9TICOS, S.L. en adelante \u2013\u00a0TAHE\u00a0\u2013 proclama la siguiente declaraci\u00f3n de \u201cPol\u00edtica de la Calidad y Medioambiente\u201d y se compromete a difundirla, hacerla cumplir y vigilar su cumplimiento en toda la empresa. El Alcance es el Dise\u00f1o, fabricaci\u00f3n, envasado y distribuci\u00f3n de productos cosm\u00e9ticos y peluquer\u00eda: \u2022 [&hellip;]<\/p>\n","protected":false},"author":1,"featured_media":0,"parent":0,"menu_order":0,"comment_status":"closed","ping_status":"closed","template":"","meta":{"_et_pb_use_builder":"on","_et_pb_old_content":"","_et_gb_content_width":"","footnotes":""},"class_list":["post-1311","page","type-page","status-publish","hentry"],"yoast_head":"<!-- This site is optimized with the Yoast SEO plugin v27.1.1 - https:\/\/yoast.com\/product\/yoast-seo-wordpress\/ -->\n<title>Pol\u00edtica de Calidad y Medioambiente - Tahe Empleo - Encuentra el trabajo de tus sue\u00f1os<\/title>\n<meta name=\"robots\" content=\"noindex, follow\" \/>\n<meta property=\"og:locale\" content=\"es_ES\" \/>\n<meta property=\"og:type\" content=\"article\" \/>\n<meta property=\"og:title\" content=\"Pol\u00edtica de Calidad y Medioambiente - Tahe Empleo - Encuentra el trabajo de tus sue\u00f1os\" \/>\n<meta property=\"og:description\" content=\"Pol\u00edtica de Calidad y MedioambienteLa Direcci\u00f3n de TAHE PRODUCTOS COSM\u00c9TICOS, S.L. en adelante \u2013\u00a0TAHE\u00a0\u2013 proclama la siguiente declaraci\u00f3n de \u201cPol\u00edtica de la Calidad y Medioambiente\u201d y se compromete a difundirla, hacerla cumplir y vigilar su cumplimiento en toda la empresa. El Alcance es el Dise\u00f1o, fabricaci\u00f3n, envasado y distribuci\u00f3n de productos cosm\u00e9ticos y peluquer\u00eda: \u2022 [&hellip;]\" \/>\n<meta property=\"og:url\" content=\"https:\/\/tahecosmetics.com\/jobs\/politica-de-calidad-y-medioambiente\/\" \/>\n<meta property=\"og:site_name\" content=\"Tahe Empleo - Encuentra el trabajo de tus sue\u00f1os\" \/>\n<meta property=\"article:publisher\" content=\"https:\/\/www.facebook.com\/Tahe.Oficial\/\" \/>\n<meta property=\"article:modified_time\" content=\"2024-03-06T09:15:21+00:00\" \/>\n<meta name=\"twitter:card\" content=\"summary_large_image\" \/>\n<meta name=\"twitter:site\" content=\"@TaheOficial\" \/>\n<meta name=\"twitter:label1\" content=\"Tiempo de lectura\" \/>\n\t<meta name=\"twitter:data1\" content=\"5 minutos\" \/>\n<script type=\"application\/ld+json\" class=\"yoast-schema-graph\">{\"@context\":\"https:\/\/schema.org\",\"@graph\":[{\"@type\":\"WebPage\",\"@id\":\"https:\/\/tahecosmetics.com\/jobs\/politica-de-calidad-y-medioambiente\/\",\"url\":\"https:\/\/tahecosmetics.com\/jobs\/politica-de-calidad-y-medioambiente\/\",\"name\":\"Pol\u00edtica de Calidad y Medioambiente - Tahe Empleo - Encuentra el trabajo de tus sue\u00f1os\",\"isPartOf\":{\"@id\":\"https:\/\/tahecosmetics.com\/jobs\/#website\"},\"datePublished\":\"2021-06-17T09:52:36+00:00\",\"dateModified\":\"2024-03-06T09:15:21+00:00\",\"breadcrumb\":{\"@id\":\"https:\/\/tahecosmetics.com\/jobs\/politica-de-calidad-y-medioambiente\/#breadcrumb\"},\"inLanguage\":\"es\",\"potentialAction\":[{\"@type\":\"ReadAction\",\"target\":[\"https:\/\/tahecosmetics.com\/jobs\/politica-de-calidad-y-medioambiente\/\"]}]},{\"@type\":\"BreadcrumbList\",\"@id\":\"https:\/\/tahecosmetics.com\/jobs\/politica-de-calidad-y-medioambiente\/#breadcrumb\",\"itemListElement\":[{\"@type\":\"ListItem\",\"position\":1,\"name\":\"Portada\",\"item\":\"https:\/\/tahecosmetics.com\/jobs\/\"},{\"@type\":\"ListItem\",\"position\":2,\"name\":\"Pol\u00edtica de Calidad y Medioambiente\"}]},{\"@type\":\"WebSite\",\"@id\":\"https:\/\/tahecosmetics.com\/jobs\/#website\",\"url\":\"https:\/\/tahecosmetics.com\/jobs\/\",\"name\":\"Tahe Empleo - Encuentra el trabajo de tus sue\u00f1os\",\"description\":\"Ofertas de trabajo en una compa\u00f1\u00eda en continua expansi\u00f3n\",\"publisher\":{\"@id\":\"https:\/\/tahecosmetics.com\/jobs\/#organization\"},\"potentialAction\":[{\"@type\":\"SearchAction\",\"target\":{\"@type\":\"EntryPoint\",\"urlTemplate\":\"https:\/\/tahecosmetics.com\/jobs\/?s={search_term_string}\"},\"query-input\":{\"@type\":\"PropertyValueSpecification\",\"valueRequired\":true,\"valueName\":\"search_term_string\"}}],\"inLanguage\":\"es\"},{\"@type\":\"Organization\",\"@id\":\"https:\/\/tahecosmetics.com\/jobs\/#organization\",\"name\":\"Tahe Productos Cosm\u00e9ticos, S.L.\",\"url\":\"https:\/\/tahecosmetics.com\/jobs\/\",\"logo\":{\"@type\":\"ImageObject\",\"inLanguage\":\"es\",\"@id\":\"https:\/\/tahecosmetics.com\/jobs\/#\/schema\/logo\/image\/\",\"url\":\"https:\/\/tahecosmetics.com\/jobs\/wp-content\/uploads\/2020\/09\/logo.png\",\"contentUrl\":\"https:\/\/tahecosmetics.com\/jobs\/wp-content\/uploads\/2020\/09\/logo.png\",\"width\":203,\"height\":32,\"caption\":\"Tahe Productos Cosm\u00e9ticos, S.L.\"},\"image\":{\"@id\":\"https:\/\/tahecosmetics.com\/jobs\/#\/schema\/logo\/image\/\"},\"sameAs\":[\"https:\/\/www.facebook.com\/Tahe.Oficial\/\",\"https:\/\/x.com\/TaheOficial\",\"http:\/\/instagram.com\/taheoficial\",\"https:\/\/www.linkedin.com\/company\/tahe-productos-cosmeticos-s-l-\/\",\"https:\/\/www.youtube.com\/user\/taheinternacional\"]}]}<\/script>\n<!-- \/ Yoast SEO plugin. -->","yoast_head_json":{"title":"Pol\u00edtica de Calidad y Medioambiente - Tahe Empleo - Encuentra el trabajo de tus sue\u00f1os","robots":{"index":"noindex","follow":"follow"},"og_locale":"es_ES","og_type":"article","og_title":"Pol\u00edtica de Calidad y Medioambiente - Tahe Empleo - Encuentra el trabajo de tus sue\u00f1os","og_description":"Pol\u00edtica de Calidad y MedioambienteLa Direcci\u00f3n de TAHE PRODUCTOS COSM\u00c9TICOS, S.L. en adelante \u2013\u00a0TAHE\u00a0\u2013 proclama la siguiente declaraci\u00f3n de \u201cPol\u00edtica de la Calidad y Medioambiente\u201d y se compromete a difundirla, hacerla cumplir y vigilar su cumplimiento en toda la empresa. El Alcance es el Dise\u00f1o, fabricaci\u00f3n, envasado y distribuci\u00f3n de productos cosm\u00e9ticos y peluquer\u00eda: \u2022 [&hellip;]","og_url":"https:\/\/tahecosmetics.com\/jobs\/politica-de-calidad-y-medioambiente\/","og_site_name":"Tahe Empleo - Encuentra el trabajo de tus sue\u00f1os","article_publisher":"https:\/\/www.facebook.com\/Tahe.Oficial\/","article_modified_time":"2024-03-06T09:15:21+00:00","twitter_card":"summary_large_image","twitter_site":"@TaheOficial","twitter_misc":{"Tiempo de lectura":"5 minutos"},"schema":{"@context":"https:\/\/schema.org","@graph":[{"@type":"WebPage","@id":"https:\/\/tahecosmetics.com\/jobs\/politica-de-calidad-y-medioambiente\/","url":"https:\/\/tahecosmetics.com\/jobs\/politica-de-calidad-y-medioambiente\/","name":"Pol\u00edtica de Calidad y Medioambiente - Tahe Empleo - Encuentra el trabajo de tus sue\u00f1os","isPartOf":{"@id":"https:\/\/tahecosmetics.com\/jobs\/#website"},"datePublished":"2021-06-17T09:52:36+00:00","dateModified":"2024-03-06T09:15:21+00:00","breadcrumb":{"@id":"https:\/\/tahecosmetics.com\/jobs\/politica-de-calidad-y-medioambiente\/#breadcrumb"},"inLanguage":"es","potentialAction":[{"@type":"ReadAction","target":["https:\/\/tahecosmetics.com\/jobs\/politica-de-calidad-y-medioambiente\/"]}]},{"@type":"BreadcrumbList","@id":"https:\/\/tahecosmetics.com\/jobs\/politica-de-calidad-y-medioambiente\/#breadcrumb","itemListElement":[{"@type":"ListItem","position":1,"name":"Portada","item":"https:\/\/tahecosmetics.com\/jobs\/"},{"@type":"ListItem","position":2,"name":"Pol\u00edtica de Calidad y Medioambiente"}]},{"@type":"WebSite","@id":"https:\/\/tahecosmetics.com\/jobs\/#website","url":"https:\/\/tahecosmetics.com\/jobs\/","name":"Tahe Empleo - Encuentra el trabajo de tus sue\u00f1os","description":"Ofertas de trabajo en una compa\u00f1\u00eda en continua expansi\u00f3n","publisher":{"@id":"https:\/\/tahecosmetics.com\/jobs\/#organization"},"potentialAction":[{"@type":"SearchAction","target":{"@type":"EntryPoint","urlTemplate":"https:\/\/tahecosmetics.com\/jobs\/?s={search_term_string}"},"query-input":{"@type":"PropertyValueSpecification","valueRequired":true,"valueName":"search_term_string"}}],"inLanguage":"es"},{"@type":"Organization","@id":"https:\/\/tahecosmetics.com\/jobs\/#organization","name":"Tahe Productos Cosm\u00e9ticos, S.L.","url":"https:\/\/tahecosmetics.com\/jobs\/","logo":{"@type":"ImageObject","inLanguage":"es","@id":"https:\/\/tahecosmetics.com\/jobs\/#\/schema\/logo\/image\/","url":"https:\/\/tahecosmetics.com\/jobs\/wp-content\/uploads\/2020\/09\/logo.png","contentUrl":"https:\/\/tahecosmetics.com\/jobs\/wp-content\/uploads\/2020\/09\/logo.png","width":203,"height":32,"caption":"Tahe Productos Cosm\u00e9ticos, S.L."},"image":{"@id":"https:\/\/tahecosmetics.com\/jobs\/#\/schema\/logo\/image\/"},"sameAs":["https:\/\/www.facebook.com\/Tahe.Oficial\/","https:\/\/x.com\/TaheOficial","http:\/\/instagram.com\/taheoficial","https:\/\/www.linkedin.com\/company\/tahe-productos-cosmeticos-s-l-\/","https:\/\/www.youtube.com\/user\/taheinternacional"]}]}},"_links":{"self":[{"href":"https:\/\/tahecosmetics.com\/jobs\/wp-json\/wp\/v2\/pages\/1311","targetHints":{"allow":["GET"]}}],"collection":[{"href":"https:\/\/tahecosmetics.com\/jobs\/wp-json\/wp\/v2\/pages"}],"about":[{"href":"https:\/\/tahecosmetics.com\/jobs\/wp-json\/wp\/v2\/types\/page"}],"author":[{"embeddable":true,"href":"https:\/\/tahecosmetics.com\/jobs\/wp-json\/wp\/v2\/users\/1"}],"replies":[{"embeddable":true,"href":"https:\/\/tahecosmetics.com\/jobs\/wp-json\/wp\/v2\/comments?post=1311"}],"version-history":[{"count":7,"href":"https:\/\/tahecosmetics.com\/jobs\/wp-json\/wp\/v2\/pages\/1311\/revisions"}],"predecessor-version":[{"id":1539,"href":"https:\/\/tahecosmetics.com\/jobs\/wp-json\/wp\/v2\/pages\/1311\/revisions\/1539"}],"wp:attachment":[{"href":"https:\/\/tahecosmetics.com\/jobs\/wp-json\/wp\/v2\/media?parent=1311"}],"curies":[{"name":"wp","href":"https:\/\/api.w.org\/{rel}","templated":true}]}}