{"id":25937,"date":"2024-10-03T11:34:23","date_gmt":"2024-10-03T11:34:23","guid":{"rendered":"https:\/\/tahecosmetics.com\/professional\/contacto-formaciones\/"},"modified":"2024-12-03T15:00:56","modified_gmt":"2024-12-03T15:00:56","slug":"contacto-formaciones","status":"publish","type":"page","link":"https:\/\/tahecosmetics.com\/professional\/de\/contacto-formaciones\/","title":{"rendered":"Kontakt Schulungen"},"content":{"rendered":"\t\t<div data-elementor-type=\"wp-page\" data-elementor-id=\"25937\" class=\"elementor elementor-25937\">\n\t\t\t\t\t\t<section class=\"elementor-section elementor-top-section elementor-element elementor-element-21fd3b3 elementor-section-boxed elementor-section-height-default elementor-section-height-default\" data-id=\"21fd3b3\" data-element_type=\"section\" data-e-type=\"section\">\n\t\t\t\t\t\t<div class=\"elementor-container elementor-column-gap-default\">\n\t\t\t\t\t<div class=\"elementor-column elementor-col-100 elementor-top-column elementor-element elementor-element-b719c91\" data-id=\"b719c91\" data-element_type=\"column\" data-e-type=\"column\">\n\t\t\t<div class=\"elementor-widget-wrap elementor-element-populated\">\n\t\t\t\t\t\t<div class=\"elementor-element elementor-element-057f92c elementor-widget elementor-widget-heading\" data-id=\"057f92c\" data-element_type=\"widget\" data-e-type=\"widget\" data-widget_type=\"heading.default\">\n\t\t\t\t<div class=\"elementor-widget-container\">\n\t\t\t\t\t<h2 class=\"elementor-heading-title elementor-size-default\">W\u00e4hle eine Option<\/h2>\t\t\t\t<\/div>\n\t\t\t\t<\/div>\n\t\t\t\t\t<\/div>\n\t\t<\/div>\n\t\t\t\t\t<\/div>\n\t\t<\/section>\n\t\t\t\t<section class=\"elementor-section elementor-top-section elementor-element elementor-element-0dbb0dd elementor-section-boxed elementor-section-height-default elementor-section-height-default\" data-id=\"0dbb0dd\" data-element_type=\"section\" data-e-type=\"section\">\n\t\t\t\t\t\t<div class=\"elementor-container elementor-column-gap-default\">\n\t\t\t\t\t<div class=\"elementor-column elementor-col-50 elementor-top-column elementor-element elementor-element-e8a16d7\" data-id=\"e8a16d7\" data-element_type=\"column\" data-e-type=\"column\">\n\t\t\t<div class=\"elementor-widget-wrap elementor-element-populated\">\n\t\t\t\t\t\t<div class=\"elementor-element elementor-element-e3b41c0 elementor-widget elementor-widget-button\" data-id=\"e3b41c0\" data-element_type=\"widget\" data-e-type=\"widget\" data-widget_type=\"button.default\">\n\t\t\t\t<div class=\"elementor-widget-container\">\n\t\t\t\t\t\t\t\t\t<div class=\"elementor-button-wrapper\">\n\t\t\t\t\t<a class=\"elementor-button elementor-button-link elementor-size-sm\" href=\"#\" id=\"btn-cliente\">\n\t\t\t\t\t\t<span class=\"elementor-button-content-wrapper\">\n\t\t\t\t\t\t\t\t\t<span class=\"elementor-button-text\">Ich bin Kunde<\/span>\n\t\t\t\t\t<\/span>\n\t\t\t\t\t<\/a>\n\t\t\t\t<\/div>\n\t\t\t\t\t\t\t\t<\/div>\n\t\t\t\t<\/div>\n\t\t\t\t\t<\/div>\n\t\t<\/div>\n\t\t\t\t<div class=\"elementor-column elementor-col-50 elementor-top-column elementor-element elementor-element-d08eddb\" data-id=\"d08eddb\" data-element_type=\"column\" data-e-type=\"column\">\n\t\t\t<div class=\"elementor-widget-wrap elementor-element-populated\">\n\t\t\t\t\t\t<div class=\"elementor-element elementor-element-3034200 elementor-widget elementor-widget-button\" data-id=\"3034200\" data-element_type=\"widget\" data-e-type=\"widget\" data-widget_type=\"button.default\">\n\t\t\t\t<div class=\"elementor-widget-container\">\n\t\t\t\t\t\t\t\t\t<div class=\"elementor-button-wrapper\">\n\t\t\t\t\t<a class=\"elementor-button elementor-button-link elementor-size-sm\" href=\"#\" id=\"btn-no-cliente\">\n\t\t\t\t\t\t<span class=\"elementor-button-content-wrapper\">\n\t\t\t\t\t\t\t\t\t<span class=\"elementor-button-text\">Ich bin kein Kunde<\/span>\n\t\t\t\t\t<\/span>\n\t\t\t\t\t<\/a>\n\t\t\t\t<\/div>\n\t\t\t\t\t\t\t\t<\/div>\n\t\t\t\t<\/div>\n\t\t\t\t\t<\/div>\n\t\t<\/div>\n\t\t\t\t\t<\/div>\n\t\t<\/section>\n\t\t\t\t<section class=\"elementor-section elementor-top-section elementor-element elementor-element-8cea298 elementor-section-boxed elementor-section-height-default elementor-section-height-default\" data-id=\"8cea298\" data-element_type=\"section\" data-e-type=\"section\">\n\t\t\t\t\t\t<div class=\"elementor-container elementor-column-gap-default\">\n\t\t\t\t\t<div class=\"elementor-column elementor-col-100 elementor-top-column elementor-element elementor-element-fac4164\" data-id=\"fac4164\" data-element_type=\"column\" data-e-type=\"column\">\n\t\t\t<div class=\"elementor-widget-wrap elementor-element-populated\">\n\t\t\t\t\t\t<div class=\"elementor-element elementor-element-3e98da5 elementor-widget elementor-widget-html\" data-id=\"3e98da5\" data-element_type=\"widget\" data-e-type=\"widget\" data-widget_type=\"html.default\">\n\t\t\t\t<div class=\"elementor-widget-container\">\n\t\t\t\t\t<div id=\"formulario-cliente\" style=\"display:none;\">\n    \n<div class=\"wpcf7 no-js\" id=\"wpcf7-f25935-o1\" lang=\"de-DE\" dir=\"ltr\" data-wpcf7-id=\"25935\">\n<div class=\"screen-reader-response\"><p role=\"status\" aria-live=\"polite\" aria-atomic=\"true\"><\/p> <ul><\/ul><\/div>\n<form action=\"\/professional\/de\/wp-json\/wp\/v2\/pages\/25937#wpcf7-f25935-o1\" method=\"post\" class=\"wpcf7-form init e87a6a1b3e6d cmatic-conn cmatic-aud-15 cmatic-mapd0-0 cmatic-v0976 cmatic-sent-0 cmatic-total-0\" aria-label=\"Kontaktformular\" novalidate=\"novalidate\" data-status=\"init\">\n<fieldset class=\"hidden-fields-container\"><input type=\"hidden\" name=\"_wpcf7\" value=\"25935\" \/><input type=\"hidden\" name=\"_wpcf7_version\" value=\"6.1.5\" \/><input type=\"hidden\" name=\"_wpcf7_locale\" value=\"de_DE\" \/><input type=\"hidden\" name=\"_wpcf7_unit_tag\" value=\"wpcf7-f25935-o1\" \/><input type=\"hidden\" name=\"_wpcf7_container_post\" value=\"0\" \/><input type=\"hidden\" name=\"_wpcf7_posted_data_hash\" value=\"\" \/><input type=\"hidden\" name=\"_wpcf7_recaptcha_response\" value=\"\" \/>\n<\/fieldset>\n<div class=\"fomn2\">\n\t<p><span class=\"wpcf7-form-control-wrap\" data-name=\"your-name\"><input size=\"40\" maxlength=\"400\" class=\"wpcf7-form-control wpcf7-text wpcf7-validates-as-required\" aria-required=\"true\" aria-invalid=\"false\" placeholder=\"Vorname und Nachname\" value=\"\" type=\"text\" name=\"your-name\" \/><\/span>\n\t<\/p>\n<\/div>\n<div class=\"fomn2\">\n\t<p><span class=\"wpcf7-form-control-wrap\" data-name=\"your-salon\"><input size=\"40\" maxlength=\"400\" class=\"wpcf7-form-control wpcf7-text wpcf7-validates-as-required\" aria-required=\"true\" aria-invalid=\"false\" placeholder=\"Friseursalon\" value=\"\" type=\"text\" name=\"your-salon\" \/><\/span>\n\t<\/p>\n<\/div>\n<div class=\"fomn2\">\n\t<p><span class=\"wpcf7-form-control-wrap\" data-name=\"your-comercial\"><input size=\"40\" maxlength=\"400\" class=\"wpcf7-form-control wpcf7-text wpcf7-validates-as-required\" aria-required=\"true\" aria-invalid=\"false\" placeholder=\"Ihr Vertreter\" value=\"\" type=\"text\" name=\"your-comercial\" \/><\/span>\n\t<\/p>\n<\/div>\n<div class=\"fomn2\">\n\t<p><span class=\"wpcf7-form-control-wrap\" data-name=\"ciudad\"><input size=\"40\" maxlength=\"400\" class=\"wpcf7-form-control wpcf7-text\" aria-invalid=\"false\" placeholder=\"Stadt\" value=\"\" type=\"text\" name=\"ciudad\" \/><\/span>\n\t<\/p>\n<\/div>\n<div class=\"fomn2\">\n\t<p><span class=\"wpcf7-form-control-wrap\" data-name=\"your-email\"><input size=\"40\" maxlength=\"400\" class=\"wpcf7-form-control wpcf7-email wpcf7-validates-as-required wpcf7-text wpcf7-validates-as-email\" aria-required=\"true\" aria-invalid=\"false\" placeholder=\"E-Mail-Adresse\" value=\"\" type=\"email\" name=\"your-email\" \/><\/span>\n\t<\/p>\n<\/div>\n<div class=\"fomn2\">\n\t<p><span class=\"wpcf7-form-control-wrap\" data-name=\"tel\"><input size=\"40\" maxlength=\"400\" class=\"wpcf7-form-control wpcf7-tel wpcf7-text wpcf7-validates-as-tel\" aria-invalid=\"false\" placeholder=\"Telefon\" value=\"\" type=\"tel\" name=\"tel\" \/><\/span>\n\t<\/p>\n<\/div>\n<div class=\"fomn2\">\n\t<p><span class=\"wpcf7-form-control-wrap\" data-name=\"menu-148\"><select class=\"wpcf7-form-control wpcf7-select wpcf7-validates-as-required\" aria-required=\"true\" aria-invalid=\"false\" name=\"menu-148\"><option value=\"Welcher Techniker interessiert Sie?\">Welcher Techniker interessiert Sie?<\/option><option value=\"FRANCISCO TERR\u00d3N\">FRANCISCO TERR\u00d3N<\/option><option value=\"RAQUEL CORCHERO\">RAQUEL CORCHERO<\/option><option value=\"JOS\u00c9 LU\u00cdS GARC\u00cdA\">JOS\u00c9 LU\u00cdS GARC\u00cdA<\/option><option value=\"YOLANDA GIL\">YOLANDA GIL<\/option><\/select><\/span>\n\t<\/p>\n<\/div>\n<p><span style=\"font-size: 10px; line-height: 12px !important; display: block;\">Es wird dem Interessenten mitgeteilt, dass seine personenbezogenen Daten in eine automatisierte Datei aufgenommen werden, deren Verantwortlicher die TAHE PRODUCTOS COSM\u00c9TICOS S.L. ist. Diese Daten sind unbedingt erforderlich, um einen qualitativ hochwertigen Service und Garantien anbieten zu k\u00f6nnen. Der Inhaber der Daten stimmt ihrer Kommunikation an andere Unternehmen unserer Gruppe zu, um die angeforderte\/vertraglich vereinbarte Leistung zu erbringen. In \u00dcbereinstimmung mit dem Organgesetz 15\/1999 vom 13. Dezember zum Schutz personenbezogener Daten und dem K\u00f6niglichen Dekret 1720\/2007 vom 21. Dezember, das die Entwicklung des Organgesetzes 15\/1999 regelt, hat die TAHE PRODUCTOS COSM\u00c9TICOS S.L., Eigent\u00fcmer und Verantwortlicher dieser Datenbank, die notwendigen Ma\u00dfnahmen ergriffen, um die personenbezogenen Daten zu sch\u00fctzen und das Recht auf Ehre sowie die pers\u00f6nliche und famili\u00e4re Privatsph\u00e4re zu wahren. Der Interessent kann seine Rechte auf Widerspruch, Zugang, Berichtigung und L\u00f6schung seiner personenbezogenen Daten schriftlich bei TAHE PRODUCTOS COSM\u00c9TICOS aus\u00fcben, wo auch schriftliche Formulare zur Verf\u00fcgung stehen, um diese Rechte auszu\u00fcben.<\/span>\n<\/p>\n<div style=\"margin-left:5px;\">\n\t<p><span class=\"texto-formulario\"><span class=\"wpcf7-form-control-wrap\" data-name=\"acceptance-279\"><span class=\"wpcf7-form-control wpcf7-acceptance\"><span class=\"wpcf7-list-item\"><input type=\"checkbox\" name=\"acceptance-279\" value=\"1\" aria-invalid=\"false\" \/><\/span><\/span><\/span> Ich habe die <a target=\"_blank\" rel=\"nofollow noopener noreferrer\" href=\"https:\/\/tahecosmetics.com\/professional\/aviso-legal\/\">Rechtshinweise<\/a> und die <a target=\"_blank\" rel=\"nofollow noopener noreferrer\" href=\"https:\/\/tahecosmetics.com\/professional\/politica-de-privacidad\/\">Datenschutzrichtlinie<\/a> gelesen und akzeptiere sie.<\/span><br \/>\n<span class=\"wpcf7-form-control-wrap\" data-name=\"quiz-226\"><label><span class=\"wpcf7-quiz-label\">2+5<\/span> <input size=\"40\" class=\"wpcf7-form-control wpcf7-quiz\" autocomplete=\"off\" aria-required=\"true\" aria-invalid=\"false\" type=\"text\" name=\"quiz-226\" \/><\/label><input type=\"hidden\" name=\"_wpcf7_quiz_answer_quiz-226\" value=\"9a541d0666736f30455d90d4d9e11c6f\" \/><\/span><input class=\"wpcf7-form-control wpcf7-submit has-spinner\" type=\"submit\" value=\"Absenden\" \/>\n\t<\/p>\n<\/div><input type='hidden' class='wpcf7-pum' value='{\"closepopup\":false,\"closedelay\":0,\"openpopup\":false,\"openpopup_id\":0}' \/><div class=\"wpcf7-response-output\" aria-hidden=\"true\"><\/div>\n<\/form>\n<\/div>\n\n<\/div>\n<div id=\"formulario-no-cliente\" style=\"display:none;\">\n    \n<div class=\"wpcf7 no-js\" id=\"wpcf7-f25936-o2\" lang=\"de-DE\" dir=\"ltr\" data-wpcf7-id=\"25936\">\n<div class=\"screen-reader-response\"><p role=\"status\" aria-live=\"polite\" aria-atomic=\"true\"><\/p> <ul><\/ul><\/div>\n<form action=\"\/professional\/de\/wp-json\/wp\/v2\/pages\/25937#wpcf7-f25936-o2\" method=\"post\" class=\"wpcf7-form init e87a6a1b3e6d cmatic-conn cmatic-aud-15 cmatic-mapd0-0 cmatic-v0976 cmatic-sent-0 cmatic-total-0\" aria-label=\"Kontaktformular\" novalidate=\"novalidate\" data-status=\"init\">\n<fieldset class=\"hidden-fields-container\"><input type=\"hidden\" name=\"_wpcf7\" value=\"25936\" \/><input type=\"hidden\" name=\"_wpcf7_version\" value=\"6.1.5\" \/><input type=\"hidden\" name=\"_wpcf7_locale\" value=\"de_DE\" \/><input type=\"hidden\" name=\"_wpcf7_unit_tag\" value=\"wpcf7-f25936-o2\" \/><input type=\"hidden\" name=\"_wpcf7_container_post\" value=\"0\" \/><input type=\"hidden\" name=\"_wpcf7_posted_data_hash\" value=\"\" \/><input type=\"hidden\" name=\"_wpcf7_recaptcha_response\" value=\"\" \/>\n<\/fieldset>\n<div class=\"fomn2\">\n\t<p><span class=\"wpcf7-form-control-wrap\" data-name=\"your-name\"><input size=\"40\" maxlength=\"400\" class=\"wpcf7-form-control wpcf7-text wpcf7-validates-as-required\" aria-required=\"true\" aria-invalid=\"false\" placeholder=\"Vorname und Nachname\" value=\"\" type=\"text\" name=\"your-name\" \/><\/span>\n\t<\/p>\n<\/div>\n<div class=\"fomn2\">\n\t<p><span class=\"wpcf7-form-control-wrap\" data-name=\"your-salon\"><input size=\"40\" maxlength=\"400\" class=\"wpcf7-form-control wpcf7-text wpcf7-validates-as-required\" aria-required=\"true\" aria-invalid=\"false\" placeholder=\"Friseursalon\" value=\"\" type=\"text\" name=\"your-salon\" \/><\/span>\n\t<\/p>\n<\/div>\n<div class=\"fomn2\">\n\t<p><span class=\"wpcf7-form-control-wrap\" data-name=\"ciudad\"><input size=\"40\" maxlength=\"400\" class=\"wpcf7-form-control wpcf7-text\" aria-invalid=\"false\" placeholder=\"Stadt\" value=\"\" type=\"text\" name=\"ciudad\" \/><\/span>\n\t<\/p>\n<\/div>\n<div class=\"fomn2\">\n\t<p><span class=\"wpcf7-form-control-wrap\" data-name=\"your-email\"><input size=\"40\" maxlength=\"400\" class=\"wpcf7-form-control wpcf7-email wpcf7-validates-as-required wpcf7-text wpcf7-validates-as-email\" aria-required=\"true\" aria-invalid=\"false\" placeholder=\"E-Mail-Adresse\" value=\"\" type=\"email\" name=\"your-email\" \/><\/span>\n\t<\/p>\n<\/div>\n<div class=\"fomn2\">\n\t<p><span class=\"wpcf7-form-control-wrap\" data-name=\"tel\"><input size=\"40\" maxlength=\"400\" class=\"wpcf7-form-control wpcf7-tel wpcf7-text wpcf7-validates-as-tel\" aria-invalid=\"false\" placeholder=\"Telefon\" value=\"\" type=\"tel\" name=\"tel\" \/><\/span>\n\t<\/p>\n<\/div>\n<div class=\"fomn2\">\n\t<p><span class=\"wpcf7-form-control-wrap\" data-name=\"menu-148\"><select class=\"wpcf7-form-control wpcf7-select wpcf7-validates-as-required\" aria-required=\"true\" aria-invalid=\"false\" name=\"menu-148\"><option value=\"Welcher Techniker interessiert Sie?\">Welcher Techniker interessiert Sie?<\/option><option value=\"FRANCISCO TERR\u00d3N\">FRANCISCO TERR\u00d3N<\/option><option value=\"RAQUEL CORCHERO\">RAQUEL CORCHERO<\/option><option value=\"JOS\u00c9 LU\u00cdS GARC\u00cdA\">JOS\u00c9 LU\u00cdS GARC\u00cdA<\/option><option value=\"YOLANDA GIL\">YOLANDA GIL<\/option><\/select><\/span>\n\t<\/p>\n<\/div>\n<p><span style=\"font-size: 10px; line-height: 12px !important; display: block;\">Es wird dem Interessenten mitgeteilt, dass seine personenbezogenen Daten in eine automatisierte Datei aufgenommen werden, deren Verantwortlicher die TAHE PRODUCTOS COSM\u00c9TICOS S.L. ist. Diese Daten sind unbedingt erforderlich, um einen qualitativ hochwertigen Service und Garantien anbieten zu k\u00f6nnen. Der Inhaber der Daten stimmt ihrer Kommunikation an andere Unternehmen unserer Gruppe zu, um die angeforderte\/vertraglich vereinbarte Leistung zu erbringen. In \u00dcbereinstimmung mit dem Organgesetz 15\/1999 vom 13. Dezember zum Schutz personenbezogener Daten und dem K\u00f6niglichen Dekret 1720\/2007 vom 21. Dezember, das die Entwicklung des Organgesetzes 15\/1999 regelt, hat die TAHE PRODUCTOS COSM\u00c9TICOS S.L., Eigent\u00fcmer und Verantwortlicher dieser Datenbank, die notwendigen Ma\u00dfnahmen ergriffen, um die personenbezogenen Daten zu sch\u00fctzen und das Recht auf Ehre sowie die pers\u00f6nliche und famili\u00e4re Privatsph\u00e4re zu wahren. Der Interessent kann seine Rechte auf Widerspruch, Zugang, Berichtigung und L\u00f6schung seiner personenbezogenen Daten schriftlich bei TAHE PRODUCTOS COSM\u00c9TICOS aus\u00fcben, wo auch schriftliche Formulare zur Verf\u00fcgung stehen, um diese Rechte auszu\u00fcben.<\/span>\n<\/p>\n<div style=\"margin-left:5px;\">\n\t<p><span class=\"texto-formulario\"><span class=\"wpcf7-form-control-wrap\" data-name=\"acceptance-279\"><span class=\"wpcf7-form-control wpcf7-acceptance\"><span class=\"wpcf7-list-item\"><input type=\"checkbox\" name=\"acceptance-279\" value=\"1\" aria-invalid=\"false\" \/><\/span><\/span><\/span> Ich habe die <a target=\"_blank\" rel=\"nofollow noopener noreferrer\" href=\"https:\/\/tahecosmetics.com\/professional\/aviso-legal\/\">Rechtshinweise<\/a> und die <a target=\"_blank\" rel=\"nofollow noopener noreferrer\" href=\"https:\/\/tahecosmetics.com\/professional\/politica-de-privacidad\/\">Datenschutzrichtlinie<\/a> gelesen und akzeptiere sie.<\/span><br \/>\n<span class=\"wpcf7-form-control-wrap\" data-name=\"quiz-226\"><label><span class=\"wpcf7-quiz-label\">2+5<\/span> <input size=\"40\" class=\"wpcf7-form-control wpcf7-quiz\" autocomplete=\"off\" aria-required=\"true\" aria-invalid=\"false\" type=\"text\" name=\"quiz-226\" \/><\/label><input type=\"hidden\" name=\"_wpcf7_quiz_answer_quiz-226\" value=\"9a541d0666736f30455d90d4d9e11c6f\" \/><\/span><input class=\"wpcf7-form-control wpcf7-submit has-spinner\" type=\"submit\" value=\"Absenden\" \/>\n\t<\/p>\n<\/div><input type='hidden' class='wpcf7-pum' value='{\"closepopup\":false,\"closedelay\":0,\"openpopup\":false,\"openpopup_id\":0}' \/><div class=\"wpcf7-response-output\" aria-hidden=\"true\"><\/div>\n<\/form>\n<\/div>\n\n<\/div>\n\n<script>\ndocument.getElementById('btn-cliente').addEventListener('click', function() {\n    var cliente = document.getElementById('formulario-cliente');\n    var noCliente = document.getElementById('formulario-no-cliente');\n\n    \/\/ Ocultar el formulario de \"No soy cliente\"\n    noCliente.style.display = 'none';\n    \/\/ Mostrar el formulario de \"Soy cliente\"\n    cliente.style.display = 'block';\n});\n\ndocument.getElementById('btn-no-cliente').addEventListener('click', function() {\n    var cliente = document.getElementById('formulario-cliente');\n    var noCliente = document.getElementById('formulario-no-cliente');\n\n    \/\/ Ocultar el formulario de \"Soy cliente\"\n    cliente.style.display = 'none';\n    \/\/ Mostrar el formulario de \"No soy cliente\"\n    noCliente.style.display = 'block';\n});\n<\/script>\n\t\t\t\t<\/div>\n\t\t\t\t<\/div>\n\t\t\t\t\t<\/div>\n\t\t<\/div>\n\t\t\t\t\t<\/div>\n\t\t<\/section>\n\t\t\t\t<\/div>\n\t\t","protected":false},"excerpt":{"rendered":"<p>W\u00e4hle eine Option Ich bin Kunde Ich bin kein Kunde<\/p>\n","protected":false},"author":3,"featured_media":0,"parent":0,"menu_order":0,"comment_status":"closed","ping_status":"closed","template":"","meta":{"footnotes":""},"class_list":["post-25937","page","type-page","status-publish","hentry"],"yoast_head":"<!-- This site is optimized with the Yoast SEO plugin v27.1.1 - https:\/\/yoast.com\/product\/yoast-seo-wordpress\/ -->\n<title>Kontakt Schulungen | Tahe Profesional<\/title>\n<meta name=\"robots\" content=\"index, follow, max-snippet:-1, max-image-preview:large, max-video-preview:-1\" \/>\n<link rel=\"canonical\" href=\"https:\/\/tahecosmetics.com\/professional\/de\/contacto-formaciones\/\" \/>\n<meta property=\"og:locale\" content=\"de_DE\" \/>\n<meta property=\"og:type\" content=\"article\" \/>\n<meta property=\"og:title\" content=\"Kontakt Schulungen | Tahe Profesional\" \/>\n<meta property=\"og:description\" content=\"W\u00e4hle eine Option Ich bin Kunde Ich bin kein Kunde\" \/>\n<meta property=\"og:url\" content=\"https:\/\/tahecosmetics.com\/professional\/de\/contacto-formaciones\/\" \/>\n<meta property=\"og:site_name\" content=\"Tahe Profesional\" \/>\n<meta property=\"article:modified_time\" content=\"2024-12-03T15:00:56+00:00\" \/>\n<meta property=\"og:image\" content=\"https:\/\/tahecosmetics.com\/professional\/wp-content\/uploads\/2021\/06\/tahe-logo-dark.png\" \/>\n\t<meta property=\"og:image:width\" content=\"800\" \/>\n\t<meta property=\"og:image:height\" content=\"359\" \/>\n\t<meta property=\"og:image:type\" content=\"image\/png\" \/>\n<meta name=\"twitter:card\" content=\"summary_large_image\" \/>\n<meta name=\"twitter:label1\" content=\"Gesch\u00e4tzte Lesezeit\" \/>\n\t<meta name=\"twitter:data1\" content=\"1 minute\" \/>\n<script type=\"application\/ld+json\" class=\"yoast-schema-graph\">{\"@context\":\"https:\/\/schema.org\",\"@graph\":[{\"@type\":\"WebPage\",\"@id\":\"https:\/\/tahecosmetics.com\/professional\/de\/contacto-formaciones\/\",\"url\":\"https:\/\/tahecosmetics.com\/professional\/de\/contacto-formaciones\/\",\"name\":\"Kontakt Schulungen | Tahe Profesional\",\"isPartOf\":{\"@id\":\"https:\/\/tahecosmetics.com\/professional\/#website\"},\"datePublished\":\"2024-10-03T11:34:23+00:00\",\"dateModified\":\"2024-12-03T15:00:56+00:00\",\"breadcrumb\":{\"@id\":\"https:\/\/tahecosmetics.com\/professional\/de\/contacto-formaciones\/#breadcrumb\"},\"inLanguage\":\"de-DE\",\"potentialAction\":[{\"@type\":\"ReadAction\",\"target\":[\"https:\/\/tahecosmetics.com\/professional\/de\/contacto-formaciones\/\"]}]},{\"@type\":\"BreadcrumbList\",\"@id\":\"https:\/\/tahecosmetics.com\/professional\/de\/contacto-formaciones\/#breadcrumb\",\"itemListElement\":[{\"@type\":\"ListItem\",\"position\":1,\"name\":\"Home\",\"item\":\"https:\/\/tahecosmetics.com\/professional\/de\/\"},{\"@type\":\"ListItem\",\"position\":2,\"name\":\"Kontakt Schulungen\"}]},{\"@type\":\"WebSite\",\"@id\":\"https:\/\/tahecosmetics.com\/professional\/#website\",\"url\":\"https:\/\/tahecosmetics.com\/professional\/\",\"name\":\"Tahe Profesional\",\"description\":\"Productos Cosm\u00e9ticos para Profesionales\",\"publisher\":{\"@id\":\"https:\/\/tahecosmetics.com\/professional\/#organization\"},\"alternateName\":\"Tahe Profesional\",\"potentialAction\":[{\"@type\":\"SearchAction\",\"target\":{\"@type\":\"EntryPoint\",\"urlTemplate\":\"https:\/\/tahecosmetics.com\/professional\/?s={search_term_string}\"},\"query-input\":{\"@type\":\"PropertyValueSpecification\",\"valueRequired\":true,\"valueName\":\"search_term_string\"}}],\"inLanguage\":\"de-DE\"},{\"@type\":\"Organization\",\"@id\":\"https:\/\/tahecosmetics.com\/professional\/#organization\",\"name\":\"Tahe Productos Cosm\u00e9ticos, S.L.\",\"url\":\"https:\/\/tahecosmetics.com\/professional\/\",\"logo\":{\"@type\":\"ImageObject\",\"inLanguage\":\"de-DE\",\"@id\":\"https:\/\/tahecosmetics.com\/professional\/#\/schema\/logo\/image\/\",\"url\":\"https:\/\/tahecosmetics.com\/professional\/wp-content\/uploads\/2021\/06\/tahe-logo-dark.png\",\"contentUrl\":\"https:\/\/tahecosmetics.com\/professional\/wp-content\/uploads\/2021\/06\/tahe-logo-dark.png\",\"width\":800,\"height\":359,\"caption\":\"Tahe Productos Cosm\u00e9ticos, S.L.\"},\"image\":{\"@id\":\"https:\/\/tahecosmetics.com\/professional\/#\/schema\/logo\/image\/\"}}]}<\/script>\n<!-- \/ Yoast SEO plugin. -->","yoast_head_json":{"title":"Kontakt Schulungen | Tahe Profesional","robots":{"index":"index","follow":"follow","max-snippet":"max-snippet:-1","max-image-preview":"max-image-preview:large","max-video-preview":"max-video-preview:-1"},"canonical":"https:\/\/tahecosmetics.com\/professional\/de\/contacto-formaciones\/","og_locale":"de_DE","og_type":"article","og_title":"Kontakt Schulungen | Tahe Profesional","og_description":"W\u00e4hle eine Option Ich bin Kunde Ich bin kein Kunde","og_url":"https:\/\/tahecosmetics.com\/professional\/de\/contacto-formaciones\/","og_site_name":"Tahe Profesional","article_modified_time":"2024-12-03T15:00:56+00:00","og_image":[{"width":800,"height":359,"url":"https:\/\/tahecosmetics.com\/professional\/wp-content\/uploads\/2021\/06\/tahe-logo-dark.png","type":"image\/png"}],"twitter_card":"summary_large_image","twitter_misc":{"Gesch\u00e4tzte Lesezeit":"1 minute"},"schema":{"@context":"https:\/\/schema.org","@graph":[{"@type":"WebPage","@id":"https:\/\/tahecosmetics.com\/professional\/de\/contacto-formaciones\/","url":"https:\/\/tahecosmetics.com\/professional\/de\/contacto-formaciones\/","name":"Kontakt Schulungen | Tahe Profesional","isPartOf":{"@id":"https:\/\/tahecosmetics.com\/professional\/#website"},"datePublished":"2024-10-03T11:34:23+00:00","dateModified":"2024-12-03T15:00:56+00:00","breadcrumb":{"@id":"https:\/\/tahecosmetics.com\/professional\/de\/contacto-formaciones\/#breadcrumb"},"inLanguage":"de-DE","potentialAction":[{"@type":"ReadAction","target":["https:\/\/tahecosmetics.com\/professional\/de\/contacto-formaciones\/"]}]},{"@type":"BreadcrumbList","@id":"https:\/\/tahecosmetics.com\/professional\/de\/contacto-formaciones\/#breadcrumb","itemListElement":[{"@type":"ListItem","position":1,"name":"Home","item":"https:\/\/tahecosmetics.com\/professional\/de\/"},{"@type":"ListItem","position":2,"name":"Kontakt Schulungen"}]},{"@type":"WebSite","@id":"https:\/\/tahecosmetics.com\/professional\/#website","url":"https:\/\/tahecosmetics.com\/professional\/","name":"Tahe Profesional","description":"Productos Cosm\u00e9ticos para Profesionales","publisher":{"@id":"https:\/\/tahecosmetics.com\/professional\/#organization"},"alternateName":"Tahe Profesional","potentialAction":[{"@type":"SearchAction","target":{"@type":"EntryPoint","urlTemplate":"https:\/\/tahecosmetics.com\/professional\/?s={search_term_string}"},"query-input":{"@type":"PropertyValueSpecification","valueRequired":true,"valueName":"search_term_string"}}],"inLanguage":"de-DE"},{"@type":"Organization","@id":"https:\/\/tahecosmetics.com\/professional\/#organization","name":"Tahe Productos Cosm\u00e9ticos, S.L.","url":"https:\/\/tahecosmetics.com\/professional\/","logo":{"@type":"ImageObject","inLanguage":"de-DE","@id":"https:\/\/tahecosmetics.com\/professional\/#\/schema\/logo\/image\/","url":"https:\/\/tahecosmetics.com\/professional\/wp-content\/uploads\/2021\/06\/tahe-logo-dark.png","contentUrl":"https:\/\/tahecosmetics.com\/professional\/wp-content\/uploads\/2021\/06\/tahe-logo-dark.png","width":800,"height":359,"caption":"Tahe Productos Cosm\u00e9ticos, S.L."},"image":{"@id":"https:\/\/tahecosmetics.com\/professional\/#\/schema\/logo\/image\/"}}]}},"acf":[],"_links":{"self":[{"href":"https:\/\/tahecosmetics.com\/professional\/de\/wp-json\/wp\/v2\/pages\/25937","targetHints":{"allow":["GET"]}}],"collection":[{"href":"https:\/\/tahecosmetics.com\/professional\/de\/wp-json\/wp\/v2\/pages"}],"about":[{"href":"https:\/\/tahecosmetics.com\/professional\/de\/wp-json\/wp\/v2\/types\/page"}],"author":[{"embeddable":true,"href":"https:\/\/tahecosmetics.com\/professional\/de\/wp-json\/wp\/v2\/users\/3"}],"replies":[{"embeddable":true,"href":"https:\/\/tahecosmetics.com\/professional\/de\/wp-json\/wp\/v2\/comments?post=25937"}],"version-history":[{"count":4,"href":"https:\/\/tahecosmetics.com\/professional\/de\/wp-json\/wp\/v2\/pages\/25937\/revisions"}],"predecessor-version":[{"id":25941,"href":"https:\/\/tahecosmetics.com\/professional\/de\/wp-json\/wp\/v2\/pages\/25937\/revisions\/25941"}],"wp:attachment":[{"href":"https:\/\/tahecosmetics.com\/professional\/de\/wp-json\/wp\/v2\/media?parent=25937"}],"curies":[{"name":"wp","href":"https:\/\/api.w.org\/{rel}","templated":true}]}}