{"id":25871,"date":"2024-10-03T11:34:23","date_gmt":"2024-10-03T11:34:23","guid":{"rendered":"https:\/\/tahecosmetics.com\/professional\/contacto-formaciones\/"},"modified":"2024-12-02T14:09:54","modified_gmt":"2024-12-02T14:09:54","slug":"contacto-formaciones","status":"publish","type":"page","link":"https:\/\/tahecosmetics.com\/professional\/en\/contacto-formaciones\/","title":{"rendered":"Contact training courses"},"content":{"rendered":"\t\t<div data-elementor-type=\"wp-page\" data-elementor-id=\"25871\" class=\"elementor elementor-25871\">\n\t\t\t\t\t\t<section class=\"elementor-section elementor-top-section elementor-element elementor-element-21fd3b3 elementor-section-boxed elementor-section-height-default elementor-section-height-default\" data-id=\"21fd3b3\" data-element_type=\"section\" data-e-type=\"section\">\n\t\t\t\t\t\t<div class=\"elementor-container elementor-column-gap-default\">\n\t\t\t\t\t<div class=\"elementor-column elementor-col-100 elementor-top-column elementor-element elementor-element-b719c91\" data-id=\"b719c91\" data-element_type=\"column\" data-e-type=\"column\">\n\t\t\t<div class=\"elementor-widget-wrap elementor-element-populated\">\n\t\t\t\t\t\t<div class=\"elementor-element elementor-element-057f92c elementor-widget elementor-widget-heading\" data-id=\"057f92c\" data-element_type=\"widget\" data-e-type=\"widget\" data-widget_type=\"heading.default\">\n\t\t\t\t<div class=\"elementor-widget-container\">\n\t\t\t\t\t<h2 class=\"elementor-heading-title elementor-size-default\">Select an option<\/h2>\t\t\t\t<\/div>\n\t\t\t\t<\/div>\n\t\t\t\t\t<\/div>\n\t\t<\/div>\n\t\t\t\t\t<\/div>\n\t\t<\/section>\n\t\t\t\t<section class=\"elementor-section elementor-top-section elementor-element elementor-element-0dbb0dd elementor-section-boxed elementor-section-height-default elementor-section-height-default\" data-id=\"0dbb0dd\" data-element_type=\"section\" data-e-type=\"section\">\n\t\t\t\t\t\t<div class=\"elementor-container elementor-column-gap-default\">\n\t\t\t\t\t<div class=\"elementor-column elementor-col-50 elementor-top-column elementor-element elementor-element-e8a16d7\" data-id=\"e8a16d7\" data-element_type=\"column\" data-e-type=\"column\">\n\t\t\t<div class=\"elementor-widget-wrap elementor-element-populated\">\n\t\t\t\t\t\t<div class=\"elementor-element elementor-element-e3b41c0 elementor-widget elementor-widget-button\" data-id=\"e3b41c0\" data-element_type=\"widget\" data-e-type=\"widget\" data-widget_type=\"button.default\">\n\t\t\t\t<div class=\"elementor-widget-container\">\n\t\t\t\t\t\t\t\t\t<div class=\"elementor-button-wrapper\">\n\t\t\t\t\t<a class=\"elementor-button elementor-button-link elementor-size-sm\" href=\"#\" id=\"btn-cliente\">\n\t\t\t\t\t\t<span class=\"elementor-button-content-wrapper\">\n\t\t\t\t\t\t\t\t\t<span class=\"elementor-button-text\">I am a customer<\/span>\n\t\t\t\t\t<\/span>\n\t\t\t\t\t<\/a>\n\t\t\t\t<\/div>\n\t\t\t\t\t\t\t\t<\/div>\n\t\t\t\t<\/div>\n\t\t\t\t\t<\/div>\n\t\t<\/div>\n\t\t\t\t<div class=\"elementor-column elementor-col-50 elementor-top-column elementor-element elementor-element-d08eddb\" data-id=\"d08eddb\" data-element_type=\"column\" data-e-type=\"column\">\n\t\t\t<div class=\"elementor-widget-wrap elementor-element-populated\">\n\t\t\t\t\t\t<div class=\"elementor-element elementor-element-3034200 elementor-widget elementor-widget-button\" data-id=\"3034200\" data-element_type=\"widget\" data-e-type=\"widget\" data-widget_type=\"button.default\">\n\t\t\t\t<div class=\"elementor-widget-container\">\n\t\t\t\t\t\t\t\t\t<div class=\"elementor-button-wrapper\">\n\t\t\t\t\t<a class=\"elementor-button elementor-button-link elementor-size-sm\" href=\"#\" id=\"btn-no-cliente\">\n\t\t\t\t\t\t<span class=\"elementor-button-content-wrapper\">\n\t\t\t\t\t\t\t\t\t<span class=\"elementor-button-text\">I am not a customer<\/span>\n\t\t\t\t\t<\/span>\n\t\t\t\t\t<\/a>\n\t\t\t\t<\/div>\n\t\t\t\t\t\t\t\t<\/div>\n\t\t\t\t<\/div>\n\t\t\t\t\t<\/div>\n\t\t<\/div>\n\t\t\t\t\t<\/div>\n\t\t<\/section>\n\t\t\t\t<section class=\"elementor-section elementor-top-section elementor-element elementor-element-8cea298 elementor-section-boxed elementor-section-height-default elementor-section-height-default\" data-id=\"8cea298\" data-element_type=\"section\" data-e-type=\"section\">\n\t\t\t\t\t\t<div class=\"elementor-container elementor-column-gap-default\">\n\t\t\t\t\t<div class=\"elementor-column elementor-col-100 elementor-top-column elementor-element elementor-element-fac4164\" data-id=\"fac4164\" data-element_type=\"column\" data-e-type=\"column\">\n\t\t\t<div class=\"elementor-widget-wrap elementor-element-populated\">\n\t\t\t\t\t\t<div class=\"elementor-element elementor-element-3e98da5 elementor-widget elementor-widget-html\" data-id=\"3e98da5\" data-element_type=\"widget\" data-e-type=\"widget\" data-widget_type=\"html.default\">\n\t\t\t\t<div class=\"elementor-widget-container\">\n\t\t\t\t\t<div id=\"formulario-cliente\" style=\"display:none;\">\n    \n<div class=\"wpcf7 no-js\" id=\"wpcf7-f25869-o1\" lang=\"en-US\" dir=\"ltr\" data-wpcf7-id=\"25869\">\n<div class=\"screen-reader-response\"><p role=\"status\" aria-live=\"polite\" aria-atomic=\"true\"><\/p> <ul><\/ul><\/div>\n<form action=\"\/professional\/en\/wp-json\/wp\/v2\/pages\/25871#wpcf7-f25869-o1\" method=\"post\" class=\"wpcf7-form init e87a6a1b3e6d cmatic-conn cmatic-aud-15 cmatic-mapd0-0 cmatic-v0976 cmatic-sent-0 cmatic-total-0\" aria-label=\"Contact form\" novalidate=\"novalidate\" data-status=\"init\">\n<fieldset class=\"hidden-fields-container\"><input type=\"hidden\" name=\"_wpcf7\" value=\"25869\" \/><input type=\"hidden\" name=\"_wpcf7_version\" value=\"6.1.5\" \/><input type=\"hidden\" name=\"_wpcf7_locale\" value=\"en_US\" \/><input type=\"hidden\" name=\"_wpcf7_unit_tag\" value=\"wpcf7-f25869-o1\" \/><input type=\"hidden\" name=\"_wpcf7_container_post\" value=\"0\" \/><input type=\"hidden\" name=\"_wpcf7_posted_data_hash\" value=\"\" \/><input type=\"hidden\" name=\"_wpcf7_recaptcha_response\" value=\"\" \/>\n<\/fieldset>\n<div class=\"fomn2\">\n\t<p><span class=\"wpcf7-form-control-wrap\" data-name=\"your-name\"><input size=\"40\" maxlength=\"400\" class=\"wpcf7-form-control wpcf7-text wpcf7-validates-as-required\" aria-required=\"true\" aria-invalid=\"false\" placeholder=\"Full name\" value=\"\" type=\"text\" name=\"your-name\" \/><\/span>\n\t<\/p>\n<\/div>\n<div class=\"fomn2\">\n\t<p><span class=\"wpcf7-form-control-wrap\" data-name=\"your-salon\"><input size=\"40\" maxlength=\"400\" class=\"wpcf7-form-control wpcf7-text wpcf7-validates-as-required\" aria-required=\"true\" aria-invalid=\"false\" placeholder=\"Salon\" value=\"\" type=\"text\" name=\"your-salon\" \/><\/span>\n\t<\/p>\n<\/div>\n<div class=\"fomn2\">\n\t<p><span class=\"wpcf7-form-control-wrap\" data-name=\"your-comercial\"><input size=\"40\" maxlength=\"400\" class=\"wpcf7-form-control wpcf7-text wpcf7-validates-as-required\" aria-required=\"true\" aria-invalid=\"false\" placeholder=\"Your commercial\" value=\"\" type=\"text\" name=\"your-comercial\" \/><\/span>\n\t<\/p>\n<\/div>\n<div class=\"fomn2\">\n\t<p><span class=\"wpcf7-form-control-wrap\" data-name=\"ciudad\"><input size=\"40\" maxlength=\"400\" class=\"wpcf7-form-control wpcf7-text\" aria-invalid=\"false\" placeholder=\"City\" value=\"\" type=\"text\" name=\"ciudad\" \/><\/span>\n\t<\/p>\n<\/div>\n<div class=\"fomn2\">\n\t<p><span class=\"wpcf7-form-control-wrap\" data-name=\"your-email\"><input size=\"40\" maxlength=\"400\" class=\"wpcf7-form-control wpcf7-email wpcf7-validates-as-required wpcf7-text wpcf7-validates-as-email\" aria-required=\"true\" aria-invalid=\"false\" placeholder=\"Email\" value=\"\" type=\"email\" name=\"your-email\" \/><\/span>\n\t<\/p>\n<\/div>\n<div class=\"fomn2\">\n\t<p><span class=\"wpcf7-form-control-wrap\" data-name=\"tel\"><input size=\"40\" maxlength=\"400\" class=\"wpcf7-form-control wpcf7-tel wpcf7-text wpcf7-validates-as-tel\" aria-invalid=\"false\" placeholder=\"Phone\" value=\"\" type=\"tel\" name=\"tel\" \/><\/span>\n\t<\/p>\n<\/div>\n<div class=\"fomn2\">\n\t<p><span class=\"wpcf7-form-control-wrap\" data-name=\"menu-148\"><select class=\"wpcf7-form-control wpcf7-select wpcf7-validates-as-required\" aria-required=\"true\" aria-invalid=\"false\" name=\"menu-148\"><option value=\"Qu\u00e9 t\u00e9cnico te interesa\">Qu\u00e9 t\u00e9cnico te interesa<\/option><option value=\"FRANCISCO TERR\u00d3N\">FRANCISCO TERR\u00d3N<\/option><option value=\"RAQUEL CORCHERO\">RAQUEL CORCHERO<\/option><option value=\"JOS\u00c9 LU\u00cdS GARC\u00cdA\">JOS\u00c9 LU\u00cdS GARC\u00cdA<\/option><option value=\"YOLANDA GIL\">YOLANDA GIL<\/option><\/select><\/span>\n\t<\/p>\n<\/div>\n<p><span style=\"font-size: 10px; line-height: 12px !important; display: block;\">The interested party is informed that their personal data will be included in an automated file, for which TAHE PRODUCTOS COSM\u00c9TICOS S.L. is responsible. This data is absolutely necessary to be able to offer a quality service and guarantees. The owner of the data consents to their communication to other companies in our group, in order to provide the service contracted\/requested. In compliance with Organic Law 15\/1999 of 13 December, on the Protection of Personal Data, and Royal Decree 1720\/2007, of 21 December, Regulation of development of Organic Law 15\/1999, TAHE PRODUCTOS COSM\u00c9TICOS S.L., owner and holder of this database, has adopted the appropriate measures to protect your personal data in order to safeguard your right to honour and personal and family privacy. The interested party may exercise their rights of opposition, access, rectification and cancellation in relation to their personal data by writing to TAHE PRODUCTOS COSM\u00c9TICOS, where there are written models available to the owner of the data through which to exercise these rights.<br \/>\nTranslated with DeepL.com (free version)<\/span>\n<\/p>\n<div style=\"margin-left:5px;\">\n\t<p><span class=\"texto-formulario\"><span class=\"wpcf7-form-control-wrap\" data-name=\"acceptance-279\"><span class=\"wpcf7-form-control wpcf7-acceptance\"><span class=\"wpcf7-list-item\"><input type=\"checkbox\" name=\"acceptance-279\" value=\"1\" aria-invalid=\"false\" \/><\/span><\/span><\/span> I have read and agree to the <a target=\"_blank\" rel=\"nofollow noopener noreferrer\" href=\"https:\/\/tahecosmetics.com\/professional\/aviso-legal\/\">Legal Notice<\/a> and the <a target=\"_blank\" rel=\"nofollow noopener noreferrer\" href=\"https:\/\/tahecosmetics.com\/professional\/politica-de-privacidad\/\">Privacy Policy<\/a>.<\/span><br \/>\n<span class=\"wpcf7-form-control-wrap\" data-name=\"quiz-226\"><label><span class=\"wpcf7-quiz-label\">2+5<\/span> <input size=\"40\" class=\"wpcf7-form-control wpcf7-quiz\" autocomplete=\"off\" aria-required=\"true\" aria-invalid=\"false\" type=\"text\" name=\"quiz-226\" \/><\/label><input type=\"hidden\" name=\"_wpcf7_quiz_answer_quiz-226\" value=\"9a541d0666736f30455d90d4d9e11c6f\" \/><\/span><input class=\"wpcf7-form-control wpcf7-submit has-spinner\" type=\"submit\" value=\"Submit\" \/>\n\t<\/p>\n<\/div><input type='hidden' class='wpcf7-pum' value='{\"closepopup\":false,\"closedelay\":0,\"openpopup\":false,\"openpopup_id\":0}' \/><div class=\"wpcf7-response-output\" aria-hidden=\"true\"><\/div>\n<\/form>\n<\/div>\n\n<\/div>\n<div id=\"formulario-no-cliente\" style=\"display:none;\">\n    \n<div class=\"wpcf7 no-js\" id=\"wpcf7-f25870-o2\" lang=\"en-US\" dir=\"ltr\" data-wpcf7-id=\"25870\">\n<div class=\"screen-reader-response\"><p role=\"status\" aria-live=\"polite\" aria-atomic=\"true\"><\/p> <ul><\/ul><\/div>\n<form action=\"\/professional\/en\/wp-json\/wp\/v2\/pages\/25871#wpcf7-f25870-o2\" method=\"post\" class=\"wpcf7-form init e87a6a1b3e6d cmatic-conn cmatic-aud-15 cmatic-mapd0-0 cmatic-v0976 cmatic-sent-0 cmatic-total-0\" aria-label=\"Contact form\" novalidate=\"novalidate\" data-status=\"init\">\n<fieldset class=\"hidden-fields-container\"><input type=\"hidden\" name=\"_wpcf7\" value=\"25870\" \/><input type=\"hidden\" name=\"_wpcf7_version\" value=\"6.1.5\" \/><input type=\"hidden\" name=\"_wpcf7_locale\" value=\"en_US\" \/><input type=\"hidden\" name=\"_wpcf7_unit_tag\" value=\"wpcf7-f25870-o2\" \/><input type=\"hidden\" name=\"_wpcf7_container_post\" value=\"0\" \/><input type=\"hidden\" name=\"_wpcf7_posted_data_hash\" value=\"\" \/><input type=\"hidden\" name=\"_wpcf7_recaptcha_response\" value=\"\" \/>\n<\/fieldset>\n<div class=\"fomn2\">\n\t<p><span class=\"wpcf7-form-control-wrap\" data-name=\"your-name\"><input size=\"40\" maxlength=\"400\" class=\"wpcf7-form-control wpcf7-text wpcf7-validates-as-required\" aria-required=\"true\" aria-invalid=\"false\" placeholder=\"Full name\" value=\"\" type=\"text\" name=\"your-name\" \/><\/span>\n\t<\/p>\n<\/div>\n<div class=\"fomn2\">\n\t<p><span class=\"wpcf7-form-control-wrap\" data-name=\"your-salon\"><input size=\"40\" maxlength=\"400\" class=\"wpcf7-form-control wpcf7-text wpcf7-validates-as-required\" aria-required=\"true\" aria-invalid=\"false\" placeholder=\"Salon\" value=\"\" type=\"text\" name=\"your-salon\" \/><\/span>\n\t<\/p>\n<\/div>\n<div class=\"fomn2\">\n\t<p><span class=\"wpcf7-form-control-wrap\" data-name=\"ciudad\"><input size=\"40\" maxlength=\"400\" class=\"wpcf7-form-control wpcf7-text\" aria-invalid=\"false\" placeholder=\"City\" value=\"\" type=\"text\" name=\"ciudad\" \/><\/span>\n\t<\/p>\n<\/div>\n<div class=\"fomn2\">\n\t<p><span class=\"wpcf7-form-control-wrap\" data-name=\"your-email\"><input size=\"40\" maxlength=\"400\" class=\"wpcf7-form-control wpcf7-email wpcf7-validates-as-required wpcf7-text wpcf7-validates-as-email\" aria-required=\"true\" aria-invalid=\"false\" placeholder=\"Email\" value=\"\" type=\"email\" name=\"your-email\" \/><\/span>\n\t<\/p>\n<\/div>\n<div class=\"fomn2\">\n\t<p><span class=\"wpcf7-form-control-wrap\" data-name=\"tel\"><input size=\"40\" maxlength=\"400\" class=\"wpcf7-form-control wpcf7-tel wpcf7-text wpcf7-validates-as-tel\" aria-invalid=\"false\" placeholder=\"Phone\" value=\"\" type=\"tel\" name=\"tel\" \/><\/span>\n\t<\/p>\n<\/div>\n<div class=\"fomn2\">\n\t<p><span class=\"wpcf7-form-control-wrap\" data-name=\"menu-148\"><select class=\"wpcf7-form-control wpcf7-select wpcf7-validates-as-required\" aria-required=\"true\" aria-invalid=\"false\" name=\"menu-148\"><option value=\"Which technician are you interested in?\">Which technician are you interested in?<\/option><option value=\"FRANCISCO TERR\u00d3N\">FRANCISCO TERR\u00d3N<\/option><option value=\"RAQUEL CORCHERO\">RAQUEL CORCHERO<\/option><option value=\"JOS\u00c9 LU\u00cdS GARC\u00cdA\">JOS\u00c9 LU\u00cdS GARC\u00cdA<\/option><option value=\"YOLANDA GIL\">YOLANDA GIL<\/option><\/select><\/span>\n\t<\/p>\n<\/div>\n<p><span style=\"font-size: 10px; line-height: 12px !important; display: block;\">The interested party is informed that their personal data will be incorporated into an automated file, the owner of which is TAHE PRODUCTOS COSM\u00c9TICOS S.L. This data is absolutely necessary to provide a quality service and guarantees. The data owner consents to its communication to other companies in our group, in order to provide the contracted\/requested service. In compliance with Organic Law 15\/1999 of December 13, on the Protection of Personal Data, and Royal Decree 1720\/2007, of December 21, implementing regulation of Organic Law 15\/1999, TAHE PRODUCTOS COSM\u00c9TICOS S.L., the owner and holder of this database, has taken the necessary measures to protect personal data in order to safeguard the right to honor and personal and family privacy. The interested party may exercise their rights of opposition, access, correction, and cancellation in relation to their personal data by writing to TAHE PRODUCTOS COSM\u00c9TICOS, where models are available for exercising such rights.<\/span>\n<\/p>\n<div style=\"margin-left:5px;\">\n\t<p><span class=\"texto-formulario\"><span class=\"wpcf7-form-control-wrap\" data-name=\"acceptance-279\"><span class=\"wpcf7-form-control wpcf7-acceptance\"><span class=\"wpcf7-list-item\"><input type=\"checkbox\" name=\"acceptance-279\" value=\"1\" aria-invalid=\"false\" \/><\/span><\/span><\/span> I have read and agree to the <a target=\"_blank\" rel=\"nofollow noopener noreferrer\" href=\"https:\/\/tahecosmetics.com\/professional\/aviso-legal\/\">Legal Notice<\/a> and the <a target=\"_blank\" rel=\"nofollow noopener noreferrer\" href=\"https:\/\/tahecosmetics.com\/professional\/politica-de-privacidad\/\">Privacy Policy<\/a>.<\/span><br \/>\n<span class=\"wpcf7-form-control-wrap\" data-name=\"quiz-226\"><label><span class=\"wpcf7-quiz-label\">2+5<\/span> <input size=\"40\" class=\"wpcf7-form-control wpcf7-quiz\" autocomplete=\"off\" aria-required=\"true\" aria-invalid=\"false\" type=\"text\" name=\"quiz-226\" \/><\/label><input type=\"hidden\" name=\"_wpcf7_quiz_answer_quiz-226\" value=\"9a541d0666736f30455d90d4d9e11c6f\" \/><\/span><input class=\"wpcf7-form-control wpcf7-submit has-spinner\" type=\"submit\" value=\"Submit\" \/>\n\t<\/p>\n<\/div><input type='hidden' class='wpcf7-pum' value='{\"closepopup\":false,\"closedelay\":0,\"openpopup\":false,\"openpopup_id\":0}' \/><div class=\"wpcf7-response-output\" aria-hidden=\"true\"><\/div>\n<\/form>\n<\/div>\n\n<\/div>\n\n<script>\ndocument.getElementById('btn-cliente').addEventListener('click', function() {\n    var cliente = document.getElementById('formulario-cliente');\n    var noCliente = document.getElementById('formulario-no-cliente');\n\n    \/\/ Ocultar el formulario de \"No soy cliente\"\n    noCliente.style.display = 'none';\n    \/\/ Mostrar el formulario de \"Soy cliente\"\n    cliente.style.display = 'block';\n});\n\ndocument.getElementById('btn-no-cliente').addEventListener('click', function() {\n    var cliente = document.getElementById('formulario-cliente');\n    var noCliente = document.getElementById('formulario-no-cliente');\n\n    \/\/ Ocultar el formulario de \"Soy cliente\"\n    cliente.style.display = 'none';\n    \/\/ Mostrar el formulario de \"No soy cliente\"\n    noCliente.style.display = 'block';\n});\n<\/script>\n\t\t\t\t<\/div>\n\t\t\t\t<\/div>\n\t\t\t\t\t<\/div>\n\t\t<\/div>\n\t\t\t\t\t<\/div>\n\t\t<\/section>\n\t\t\t\t<\/div>\n\t\t","protected":false},"excerpt":{"rendered":"<p>Select an option I am a customer I am not a customer<\/p>\n","protected":false},"author":3,"featured_media":0,"parent":0,"menu_order":0,"comment_status":"closed","ping_status":"closed","template":"","meta":{"footnotes":""},"class_list":["post-25871","page","type-page","status-publish","hentry"],"yoast_head":"<!-- This site is optimized with the Yoast SEO plugin v27.1.1 - https:\/\/yoast.com\/product\/yoast-seo-wordpress\/ -->\n<title>Contact training courses | Tahe Profesional<\/title>\n<meta name=\"robots\" content=\"index, follow, max-snippet:-1, max-image-preview:large, max-video-preview:-1\" \/>\n<link rel=\"canonical\" href=\"https:\/\/tahecosmetics.com\/professional\/en\/contacto-formaciones\/\" \/>\n<meta property=\"og:locale\" content=\"en_US\" \/>\n<meta property=\"og:type\" content=\"article\" \/>\n<meta property=\"og:title\" content=\"Contact training courses | Tahe Profesional\" \/>\n<meta property=\"og:description\" content=\"Select an option I am a customer I am not a customer\" \/>\n<meta property=\"og:url\" content=\"https:\/\/tahecosmetics.com\/professional\/en\/contacto-formaciones\/\" \/>\n<meta property=\"og:site_name\" content=\"Tahe Profesional\" \/>\n<meta property=\"article:modified_time\" content=\"2024-12-02T14:09:54+00:00\" \/>\n<meta property=\"og:image\" content=\"https:\/\/tahecosmetics.com\/professional\/wp-content\/uploads\/2021\/06\/tahe-logo-dark.png\" \/>\n\t<meta property=\"og:image:width\" content=\"800\" \/>\n\t<meta property=\"og:image:height\" content=\"359\" \/>\n\t<meta property=\"og:image:type\" content=\"image\/png\" \/>\n<meta name=\"twitter:card\" content=\"summary_large_image\" \/>\n<meta name=\"twitter:label1\" content=\"Est. reading time\" \/>\n\t<meta name=\"twitter:data1\" content=\"1 minute\" \/>\n<script type=\"application\/ld+json\" class=\"yoast-schema-graph\">{\"@context\":\"https:\/\/schema.org\",\"@graph\":[{\"@type\":\"WebPage\",\"@id\":\"https:\/\/tahecosmetics.com\/professional\/en\/contacto-formaciones\/\",\"url\":\"https:\/\/tahecosmetics.com\/professional\/en\/contacto-formaciones\/\",\"name\":\"Contact training courses | Tahe Profesional\",\"isPartOf\":{\"@id\":\"https:\/\/tahecosmetics.com\/professional\/#website\"},\"datePublished\":\"2024-10-03T11:34:23+00:00\",\"dateModified\":\"2024-12-02T14:09:54+00:00\",\"breadcrumb\":{\"@id\":\"https:\/\/tahecosmetics.com\/professional\/en\/contacto-formaciones\/#breadcrumb\"},\"inLanguage\":\"en-US\",\"potentialAction\":[{\"@type\":\"ReadAction\",\"target\":[\"https:\/\/tahecosmetics.com\/professional\/en\/contacto-formaciones\/\"]}]},{\"@type\":\"BreadcrumbList\",\"@id\":\"https:\/\/tahecosmetics.com\/professional\/en\/contacto-formaciones\/#breadcrumb\",\"itemListElement\":[{\"@type\":\"ListItem\",\"position\":1,\"name\":\"Home\",\"item\":\"https:\/\/tahecosmetics.com\/professional\/\"},{\"@type\":\"ListItem\",\"position\":2,\"name\":\"Contact training courses\"}]},{\"@type\":\"WebSite\",\"@id\":\"https:\/\/tahecosmetics.com\/professional\/#website\",\"url\":\"https:\/\/tahecosmetics.com\/professional\/\",\"name\":\"Tahe Profesional\",\"description\":\"Productos Cosm\u00e9ticos para Profesionales\",\"publisher\":{\"@id\":\"https:\/\/tahecosmetics.com\/professional\/#organization\"},\"alternateName\":\"Tahe Profesional\",\"potentialAction\":[{\"@type\":\"SearchAction\",\"target\":{\"@type\":\"EntryPoint\",\"urlTemplate\":\"https:\/\/tahecosmetics.com\/professional\/?s={search_term_string}\"},\"query-input\":{\"@type\":\"PropertyValueSpecification\",\"valueRequired\":true,\"valueName\":\"search_term_string\"}}],\"inLanguage\":\"en-US\"},{\"@type\":\"Organization\",\"@id\":\"https:\/\/tahecosmetics.com\/professional\/#organization\",\"name\":\"Tahe Productos Cosm\u00e9ticos, S.L.\",\"url\":\"https:\/\/tahecosmetics.com\/professional\/\",\"logo\":{\"@type\":\"ImageObject\",\"inLanguage\":\"en-US\",\"@id\":\"https:\/\/tahecosmetics.com\/professional\/#\/schema\/logo\/image\/\",\"url\":\"https:\/\/tahecosmetics.com\/professional\/wp-content\/uploads\/2021\/06\/tahe-logo-dark.png\",\"contentUrl\":\"https:\/\/tahecosmetics.com\/professional\/wp-content\/uploads\/2021\/06\/tahe-logo-dark.png\",\"width\":800,\"height\":359,\"caption\":\"Tahe Productos Cosm\u00e9ticos, S.L.\"},\"image\":{\"@id\":\"https:\/\/tahecosmetics.com\/professional\/#\/schema\/logo\/image\/\"}}]}<\/script>\n<!-- \/ Yoast SEO plugin. -->","yoast_head_json":{"title":"Contact training courses | Tahe Profesional","robots":{"index":"index","follow":"follow","max-snippet":"max-snippet:-1","max-image-preview":"max-image-preview:large","max-video-preview":"max-video-preview:-1"},"canonical":"https:\/\/tahecosmetics.com\/professional\/en\/contacto-formaciones\/","og_locale":"en_US","og_type":"article","og_title":"Contact training courses | Tahe Profesional","og_description":"Select an option I am a customer I am not a customer","og_url":"https:\/\/tahecosmetics.com\/professional\/en\/contacto-formaciones\/","og_site_name":"Tahe Profesional","article_modified_time":"2024-12-02T14:09:54+00:00","og_image":[{"width":800,"height":359,"url":"https:\/\/tahecosmetics.com\/professional\/wp-content\/uploads\/2021\/06\/tahe-logo-dark.png","type":"image\/png"}],"twitter_card":"summary_large_image","twitter_misc":{"Est. reading time":"1 minute"},"schema":{"@context":"https:\/\/schema.org","@graph":[{"@type":"WebPage","@id":"https:\/\/tahecosmetics.com\/professional\/en\/contacto-formaciones\/","url":"https:\/\/tahecosmetics.com\/professional\/en\/contacto-formaciones\/","name":"Contact training courses | Tahe Profesional","isPartOf":{"@id":"https:\/\/tahecosmetics.com\/professional\/#website"},"datePublished":"2024-10-03T11:34:23+00:00","dateModified":"2024-12-02T14:09:54+00:00","breadcrumb":{"@id":"https:\/\/tahecosmetics.com\/professional\/en\/contacto-formaciones\/#breadcrumb"},"inLanguage":"en-US","potentialAction":[{"@type":"ReadAction","target":["https:\/\/tahecosmetics.com\/professional\/en\/contacto-formaciones\/"]}]},{"@type":"BreadcrumbList","@id":"https:\/\/tahecosmetics.com\/professional\/en\/contacto-formaciones\/#breadcrumb","itemListElement":[{"@type":"ListItem","position":1,"name":"Home","item":"https:\/\/tahecosmetics.com\/professional\/"},{"@type":"ListItem","position":2,"name":"Contact training courses"}]},{"@type":"WebSite","@id":"https:\/\/tahecosmetics.com\/professional\/#website","url":"https:\/\/tahecosmetics.com\/professional\/","name":"Tahe Profesional","description":"Productos Cosm\u00e9ticos para Profesionales","publisher":{"@id":"https:\/\/tahecosmetics.com\/professional\/#organization"},"alternateName":"Tahe Profesional","potentialAction":[{"@type":"SearchAction","target":{"@type":"EntryPoint","urlTemplate":"https:\/\/tahecosmetics.com\/professional\/?s={search_term_string}"},"query-input":{"@type":"PropertyValueSpecification","valueRequired":true,"valueName":"search_term_string"}}],"inLanguage":"en-US"},{"@type":"Organization","@id":"https:\/\/tahecosmetics.com\/professional\/#organization","name":"Tahe Productos Cosm\u00e9ticos, S.L.","url":"https:\/\/tahecosmetics.com\/professional\/","logo":{"@type":"ImageObject","inLanguage":"en-US","@id":"https:\/\/tahecosmetics.com\/professional\/#\/schema\/logo\/image\/","url":"https:\/\/tahecosmetics.com\/professional\/wp-content\/uploads\/2021\/06\/tahe-logo-dark.png","contentUrl":"https:\/\/tahecosmetics.com\/professional\/wp-content\/uploads\/2021\/06\/tahe-logo-dark.png","width":800,"height":359,"caption":"Tahe Productos Cosm\u00e9ticos, S.L."},"image":{"@id":"https:\/\/tahecosmetics.com\/professional\/#\/schema\/logo\/image\/"}}]}},"acf":[],"_links":{"self":[{"href":"https:\/\/tahecosmetics.com\/professional\/en\/wp-json\/wp\/v2\/pages\/25871","targetHints":{"allow":["GET"]}}],"collection":[{"href":"https:\/\/tahecosmetics.com\/professional\/en\/wp-json\/wp\/v2\/pages"}],"about":[{"href":"https:\/\/tahecosmetics.com\/professional\/en\/wp-json\/wp\/v2\/types\/page"}],"author":[{"embeddable":true,"href":"https:\/\/tahecosmetics.com\/professional\/en\/wp-json\/wp\/v2\/users\/3"}],"replies":[{"embeddable":true,"href":"https:\/\/tahecosmetics.com\/professional\/en\/wp-json\/wp\/v2\/comments?post=25871"}],"version-history":[{"count":4,"href":"https:\/\/tahecosmetics.com\/professional\/en\/wp-json\/wp\/v2\/pages\/25871\/revisions"}],"predecessor-version":[{"id":25875,"href":"https:\/\/tahecosmetics.com\/professional\/en\/wp-json\/wp\/v2\/pages\/25871\/revisions\/25875"}],"wp:attachment":[{"href":"https:\/\/tahecosmetics.com\/professional\/en\/wp-json\/wp\/v2\/media?parent=25871"}],"curies":[{"name":"wp","href":"https:\/\/api.w.org\/{rel}","templated":true}]}}