{"id":25699,"date":"2024-10-03T11:34:23","date_gmt":"2024-10-03T11:34:23","guid":{"rendered":"https:\/\/tahecosmetics.com\/professional\/contacto-formaciones\/"},"modified":"2024-11-18T15:19:27","modified_gmt":"2024-11-18T15:19:27","slug":"contacto-formaciones","status":"publish","type":"page","link":"https:\/\/tahecosmetics.com\/professional\/fr\/contacto-formaciones\/","title":{"rendered":"Contacto formaciones"},"content":{"rendered":"\t\t<div data-elementor-type=\"wp-page\" data-elementor-id=\"25699\" class=\"elementor elementor-25699\">\n\t\t\t\t\t\t<section class=\"elementor-section elementor-top-section elementor-element elementor-element-21fd3b3 elementor-section-boxed elementor-section-height-default elementor-section-height-default\" data-id=\"21fd3b3\" data-element_type=\"section\" data-e-type=\"section\">\n\t\t\t\t\t\t<div class=\"elementor-container elementor-column-gap-default\">\n\t\t\t\t\t<div class=\"elementor-column elementor-col-100 elementor-top-column elementor-element elementor-element-b719c91\" data-id=\"b719c91\" data-element_type=\"column\" data-e-type=\"column\">\n\t\t\t<div class=\"elementor-widget-wrap elementor-element-populated\">\n\t\t\t\t\t\t<div class=\"elementor-element elementor-element-057f92c elementor-widget elementor-widget-heading\" data-id=\"057f92c\" data-element_type=\"widget\" data-e-type=\"widget\" data-widget_type=\"heading.default\">\n\t\t\t\t<div class=\"elementor-widget-container\">\n\t\t\t\t\t<h2 class=\"elementor-heading-title elementor-size-default\">S\u00e9lectionner une option<\/h2>\t\t\t\t<\/div>\n\t\t\t\t<\/div>\n\t\t\t\t\t<\/div>\n\t\t<\/div>\n\t\t\t\t\t<\/div>\n\t\t<\/section>\n\t\t\t\t<section class=\"elementor-section elementor-top-section elementor-element elementor-element-0dbb0dd elementor-section-boxed elementor-section-height-default elementor-section-height-default\" data-id=\"0dbb0dd\" data-element_type=\"section\" data-e-type=\"section\">\n\t\t\t\t\t\t<div class=\"elementor-container elementor-column-gap-default\">\n\t\t\t\t\t<div class=\"elementor-column elementor-col-50 elementor-top-column elementor-element elementor-element-e8a16d7\" data-id=\"e8a16d7\" data-element_type=\"column\" data-e-type=\"column\">\n\t\t\t<div class=\"elementor-widget-wrap elementor-element-populated\">\n\t\t\t\t\t\t<div class=\"elementor-element elementor-element-e3b41c0 elementor-widget elementor-widget-button\" data-id=\"e3b41c0\" data-element_type=\"widget\" data-e-type=\"widget\" data-widget_type=\"button.default\">\n\t\t\t\t<div class=\"elementor-widget-container\">\n\t\t\t\t\t\t\t\t\t<div class=\"elementor-button-wrapper\">\n\t\t\t\t\t<a class=\"elementor-button elementor-button-link elementor-size-sm\" href=\"#\" id=\"btn-cliente\">\n\t\t\t\t\t\t<span class=\"elementor-button-content-wrapper\">\n\t\t\t\t\t\t\t\t\t<span class=\"elementor-button-text\">Je suis un client<\/span>\n\t\t\t\t\t<\/span>\n\t\t\t\t\t<\/a>\n\t\t\t\t<\/div>\n\t\t\t\t\t\t\t\t<\/div>\n\t\t\t\t<\/div>\n\t\t\t\t\t<\/div>\n\t\t<\/div>\n\t\t\t\t<div class=\"elementor-column elementor-col-50 elementor-top-column elementor-element elementor-element-d08eddb\" data-id=\"d08eddb\" data-element_type=\"column\" data-e-type=\"column\">\n\t\t\t<div class=\"elementor-widget-wrap elementor-element-populated\">\n\t\t\t\t\t\t<div class=\"elementor-element elementor-element-3034200 elementor-widget elementor-widget-button\" data-id=\"3034200\" data-element_type=\"widget\" data-e-type=\"widget\" data-widget_type=\"button.default\">\n\t\t\t\t<div class=\"elementor-widget-container\">\n\t\t\t\t\t\t\t\t\t<div class=\"elementor-button-wrapper\">\n\t\t\t\t\t<a class=\"elementor-button elementor-button-link elementor-size-sm\" href=\"#\" id=\"btn-no-cliente\">\n\t\t\t\t\t\t<span class=\"elementor-button-content-wrapper\">\n\t\t\t\t\t\t\t\t\t<span class=\"elementor-button-text\">Je ne suis pas un client<\/span>\n\t\t\t\t\t<\/span>\n\t\t\t\t\t<\/a>\n\t\t\t\t<\/div>\n\t\t\t\t\t\t\t\t<\/div>\n\t\t\t\t<\/div>\n\t\t\t\t\t<\/div>\n\t\t<\/div>\n\t\t\t\t\t<\/div>\n\t\t<\/section>\n\t\t\t\t<section class=\"elementor-section elementor-top-section elementor-element elementor-element-8cea298 elementor-section-boxed elementor-section-height-default elementor-section-height-default\" data-id=\"8cea298\" data-element_type=\"section\" data-e-type=\"section\">\n\t\t\t\t\t\t<div class=\"elementor-container elementor-column-gap-default\">\n\t\t\t\t\t<div class=\"elementor-column elementor-col-100 elementor-top-column elementor-element elementor-element-fac4164\" data-id=\"fac4164\" data-element_type=\"column\" data-e-type=\"column\">\n\t\t\t<div class=\"elementor-widget-wrap elementor-element-populated\">\n\t\t\t\t\t\t<div class=\"elementor-element elementor-element-3e98da5 elementor-widget elementor-widget-html\" data-id=\"3e98da5\" data-element_type=\"widget\" data-e-type=\"widget\" data-widget_type=\"html.default\">\n\t\t\t\t<div class=\"elementor-widget-container\">\n\t\t\t\t\t<div id=\"formulario-cliente\" style=\"display:none;\">\n    \n<div class=\"wpcf7 no-js\" id=\"wpcf7-f25709-o1\" lang=\"fr-FR\" dir=\"ltr\" data-wpcf7-id=\"25709\">\n<div class=\"screen-reader-response\"><p role=\"status\" aria-live=\"polite\" aria-atomic=\"true\"><\/p> <ul><\/ul><\/div>\n<form action=\"\/professional\/fr\/wp-json\/wp\/v2\/pages\/25699#wpcf7-f25709-o1\" method=\"post\" class=\"wpcf7-form init e87a6a1b3e6d cmatic-conn cmatic-aud-15 cmatic-mapd0-0 cmatic-v0976 cmatic-sent-0 cmatic-total-0\" aria-label=\"Contact form\" novalidate=\"novalidate\" data-status=\"init\">\n<fieldset class=\"hidden-fields-container\"><input type=\"hidden\" name=\"_wpcf7\" value=\"25709\" \/><input type=\"hidden\" name=\"_wpcf7_version\" value=\"6.1.5\" \/><input type=\"hidden\" name=\"_wpcf7_locale\" value=\"fr_FR\" \/><input type=\"hidden\" name=\"_wpcf7_unit_tag\" value=\"wpcf7-f25709-o1\" \/><input type=\"hidden\" name=\"_wpcf7_container_post\" value=\"0\" \/><input type=\"hidden\" name=\"_wpcf7_posted_data_hash\" value=\"\" \/><input type=\"hidden\" name=\"_wpcf7_recaptcha_response\" value=\"\" \/>\n<\/fieldset>\n<div class=\"fomn2\">\n\t<p><span class=\"wpcf7-form-control-wrap\" data-name=\"your-name\"><input size=\"40\" maxlength=\"400\" class=\"wpcf7-form-control wpcf7-text wpcf7-validates-as-required\" aria-required=\"true\" aria-invalid=\"false\" placeholder=\"Nom et pr\u00e9nom\" value=\"\" type=\"text\" name=\"your-name\" \/><\/span>\n\t<\/p>\n<\/div>\n<div class=\"fomn2\">\n\t<p><span class=\"wpcf7-form-control-wrap\" data-name=\"your-salon\"><input size=\"40\" maxlength=\"400\" class=\"wpcf7-form-control wpcf7-text wpcf7-validates-as-required\" aria-required=\"true\" aria-invalid=\"false\" placeholder=\"Salon\" value=\"\" type=\"text\" name=\"your-salon\" \/><\/span>\n\t<\/p>\n<\/div>\n<div class=\"fomn2\">\n\t<p><span class=\"wpcf7-form-control-wrap\" data-name=\"your-comercial\"><input size=\"40\" maxlength=\"400\" class=\"wpcf7-form-control wpcf7-text wpcf7-validates-as-required\" aria-required=\"true\" aria-invalid=\"false\" placeholder=\"Votre commercial\" value=\"\" type=\"text\" name=\"your-comercial\" \/><\/span>\n\t<\/p>\n<\/div>\n<div class=\"fomn2\">\n\t<p><span class=\"wpcf7-form-control-wrap\" data-name=\"ciudad\"><input size=\"40\" maxlength=\"400\" class=\"wpcf7-form-control wpcf7-text\" aria-invalid=\"false\" placeholder=\"Ville\" value=\"\" type=\"text\" name=\"ciudad\" \/><\/span>\n\t<\/p>\n<\/div>\n<div class=\"fomn2\">\n\t<p><span class=\"wpcf7-form-control-wrap\" data-name=\"your-email\"><input size=\"40\" maxlength=\"400\" class=\"wpcf7-form-control wpcf7-email wpcf7-validates-as-required wpcf7-text wpcf7-validates-as-email\" aria-required=\"true\" aria-invalid=\"false\" placeholder=\"Adresse e-mail\" value=\"\" type=\"email\" name=\"your-email\" \/><\/span>\n\t<\/p>\n<\/div>\n<div class=\"fomn2\">\n\t<p><span class=\"wpcf7-form-control-wrap\" data-name=\"tel\"><input size=\"40\" maxlength=\"400\" class=\"wpcf7-form-control wpcf7-tel wpcf7-text wpcf7-validates-as-tel\" aria-invalid=\"false\" placeholder=\"T\u00e9l\u00e9phone\" value=\"\" type=\"tel\" name=\"tel\" \/><\/span>\n\t<\/p>\n<\/div>\n<div class=\"fomn2\">\n\t<p><span class=\"wpcf7-form-control-wrap\" data-name=\"menu-148\"><select class=\"wpcf7-form-control wpcf7-select wpcf7-validates-as-required\" aria-required=\"true\" aria-invalid=\"false\" name=\"menu-148\"><option value=\"Quel technicien vous int\u00e9resse\">Quel technicien vous int\u00e9resse<\/option><option value=\"FRANCISCO TERR\u00d3N\">FRANCISCO TERR\u00d3N<\/option><option value=\"RAQUEL CORCHERO\">RAQUEL CORCHERO<\/option><option value=\"JOS\u00c9 LU\u00cdS GARC\u00cdA\">JOS\u00c9 LU\u00cdS GARC\u00cdA<\/option><option value=\"YOLANDA GIL\">YOLANDA GIL<\/option><\/select><\/span>\n\t<\/p>\n<\/div>\n<p><span style=\"font-size: 10px; line-height: 12px !important; display: block;\">Il est inform\u00e9 \u00e0 la personne concern\u00e9e que ses donn\u00e9es personnelles seront int\u00e9gr\u00e9es dans un fichier automatis\u00e9, dont le responsable est TAHE PRODUCTOS COSM\u00c9TICOS S.L. Ces donn\u00e9es sont absolument n\u00e9cessaires pour offrir un service de qualit\u00e9 et des garanties. Le titulaire des donn\u00e9es consent \u00e0 leur communication \u00e0 d'autres entreprises de notre groupe, afin de fournir la prestation contract\u00e9e\/demand\u00e9e. Conform\u00e9ment \u00e0 la Loi Organique 15\/1999 du 13 d\u00e9cembre, relative \u00e0 la Protection des Donn\u00e9es \u00e0 Caract\u00e8re Personnel, et au D\u00e9cret Royal 1720\/2007 du 21 d\u00e9cembre, R\u00e8glement de d\u00e9veloppement de la Loi Organique 15\/1999, TAHE PRODUCTOS COSM\u00c9TICOS S.L., propri\u00e9taire et titulaire de cette base de donn\u00e9es, a adopt\u00e9 les mesures appropri\u00e9es pour prot\u00e9ger vos donn\u00e9es personnelles afin de sauvegarder votre droit \u00e0 l'honneur et \u00e0 l'intimit\u00e9 personnelle et familiale. La personne concern\u00e9e peut exercer ses droits d'opposition, d'acc\u00e8s, de rectification et d'annulation en relation avec ses donn\u00e9es personnelles en s'adressant par \u00e9crit \u00e0 TAHE PRODUCTOS COSM\u00c9TICOS, o\u00f9 des mod\u00e8les \u00e9crits sont disponibles pour l'exercice de ces droits.<\/span>\n<\/p>\n<div style=\"margin-left:5px;\">\n\t<p><span class=\"texto-formulario\"><span class=\"wpcf7-form-control-wrap\" data-name=\"acceptance-279\"><span class=\"wpcf7-form-control wpcf7-acceptance\"><span class=\"wpcf7-list-item\"><input type=\"checkbox\" name=\"acceptance-279\" value=\"1\" aria-invalid=\"false\" \/><\/span><\/span><\/span> J'ai lu et j'accepte <a target=\"_blank\" rel=\"nofollow noopener noreferrer\" href=\"https:\/\/tahecosmetics.com\/professional\/aviso-legal\/\">l'Avis L\u00e9gal<\/a> et la <a target=\"_blank\" rel=\"nofollow noopener noreferrer\" href=\"https:\/\/tahecosmetics.com\/professional\/politica-de-privacidad\/\">Politique de Confidentialit\u00e9<\/a>.<\/span><br \/>\n<span class=\"wpcf7-form-control-wrap\" data-name=\"quiz-226\"><label><span class=\"wpcf7-quiz-label\">2+5<\/span> <input size=\"40\" class=\"wpcf7-form-control wpcf7-quiz\" autocomplete=\"off\" aria-required=\"true\" aria-invalid=\"false\" type=\"text\" name=\"quiz-226\" \/><\/label><input type=\"hidden\" name=\"_wpcf7_quiz_answer_quiz-226\" value=\"9a541d0666736f30455d90d4d9e11c6f\" \/><\/span><input class=\"wpcf7-form-control wpcf7-submit has-spinner\" type=\"submit\" value=\"Envoyer\" \/>\n\t<\/p>\n<\/div><input type='hidden' class='wpcf7-pum' value='{\"closepopup\":false,\"closedelay\":0,\"openpopup\":false,\"openpopup_id\":0}' \/><div class=\"wpcf7-response-output\" aria-hidden=\"true\"><\/div>\n<\/form>\n<\/div>\n\n<\/div>\n<div id=\"formulario-no-cliente\" style=\"display:none;\">\n    \n<div class=\"wpcf7 no-js\" id=\"wpcf7-f25710-o2\" lang=\"fr-FR\" dir=\"ltr\" data-wpcf7-id=\"25710\">\n<div class=\"screen-reader-response\"><p role=\"status\" aria-live=\"polite\" aria-atomic=\"true\"><\/p> <ul><\/ul><\/div>\n<form action=\"\/professional\/fr\/wp-json\/wp\/v2\/pages\/25699#wpcf7-f25710-o2\" method=\"post\" class=\"wpcf7-form init e87a6a1b3e6d cmatic-conn cmatic-aud-15 cmatic-mapd0-0 cmatic-v0976 cmatic-sent-0 cmatic-total-0\" aria-label=\"Contact form\" novalidate=\"novalidate\" data-status=\"init\">\n<fieldset class=\"hidden-fields-container\"><input type=\"hidden\" name=\"_wpcf7\" value=\"25710\" \/><input type=\"hidden\" name=\"_wpcf7_version\" value=\"6.1.5\" \/><input type=\"hidden\" name=\"_wpcf7_locale\" value=\"fr_FR\" \/><input type=\"hidden\" name=\"_wpcf7_unit_tag\" value=\"wpcf7-f25710-o2\" \/><input type=\"hidden\" name=\"_wpcf7_container_post\" value=\"0\" \/><input type=\"hidden\" name=\"_wpcf7_posted_data_hash\" value=\"\" \/><input type=\"hidden\" name=\"_wpcf7_recaptcha_response\" value=\"\" \/>\n<\/fieldset>\n<div class=\"fomn2\">\n\t<p><span class=\"wpcf7-form-control-wrap\" data-name=\"your-name\"><input size=\"40\" maxlength=\"400\" class=\"wpcf7-form-control wpcf7-text wpcf7-validates-as-required\" aria-required=\"true\" aria-invalid=\"false\" placeholder=\"Nom et pr\u00e9nom\" value=\"\" type=\"text\" name=\"your-name\" \/><\/span>\n\t<\/p>\n<\/div>\n<div class=\"fomn2\">\n\t<p><span class=\"wpcf7-form-control-wrap\" data-name=\"your-salon\"><input size=\"40\" maxlength=\"400\" class=\"wpcf7-form-control wpcf7-text wpcf7-validates-as-required\" aria-required=\"true\" aria-invalid=\"false\" placeholder=\"Salon\" value=\"\" type=\"text\" name=\"your-salon\" \/><\/span>\n\t<\/p>\n<\/div>\n<div class=\"fomn2\">\n\t<p><span class=\"wpcf7-form-control-wrap\" data-name=\"ciudad\"><input size=\"40\" maxlength=\"400\" class=\"wpcf7-form-control wpcf7-text\" aria-invalid=\"false\" placeholder=\"Ville\" value=\"\" type=\"text\" name=\"ciudad\" \/><\/span>\n\t<\/p>\n<\/div>\n<div class=\"fomn2\">\n\t<p><span class=\"wpcf7-form-control-wrap\" data-name=\"your-email\"><input size=\"40\" maxlength=\"400\" class=\"wpcf7-form-control wpcf7-email wpcf7-validates-as-required wpcf7-text wpcf7-validates-as-email\" aria-required=\"true\" aria-invalid=\"false\" placeholder=\"Adresse e-mail\" value=\"\" type=\"email\" name=\"your-email\" \/><\/span>\n\t<\/p>\n<\/div>\n<div class=\"fomn2\">\n\t<p><span class=\"wpcf7-form-control-wrap\" data-name=\"tel\"><input size=\"40\" maxlength=\"400\" class=\"wpcf7-form-control wpcf7-tel wpcf7-text wpcf7-validates-as-tel\" aria-invalid=\"false\" placeholder=\"T\u00e9l\u00e9phone\" value=\"\" type=\"tel\" name=\"tel\" \/><\/span>\n\t<\/p>\n<\/div>\n<div class=\"fomn2\">\n\t<p><span class=\"wpcf7-form-control-wrap\" data-name=\"menu-148\"><select class=\"wpcf7-form-control wpcf7-select wpcf7-validates-as-required\" aria-required=\"true\" aria-invalid=\"false\" name=\"menu-148\"><option value=\"Quel technicien vous int\u00e9resse\">Quel technicien vous int\u00e9resse<\/option><option value=\"FRANCISCO TERR\u00d3N\">FRANCISCO TERR\u00d3N<\/option><option value=\"RAQUEL CORCHERO\">RAQUEL CORCHERO<\/option><option value=\"JOS\u00c9 LU\u00cdS GARC\u00cdA\">JOS\u00c9 LU\u00cdS GARC\u00cdA<\/option><option value=\"YOLANDA GIL\">YOLANDA GIL<\/option><\/select><\/span>\n\t<\/p>\n<\/div>\n<p><span style=\"font-size: 10px; line-height: 12px !important; display: block;\">Il est inform\u00e9 \u00e0 la personne concern\u00e9e que ses donn\u00e9es personnelles seront int\u00e9gr\u00e9es dans un fichier automatis\u00e9, dont le responsable est TAHE PRODUCTOS COSM\u00c9TICOS S.L. Ces donn\u00e9es sont absolument n\u00e9cessaires pour offrir un service de qualit\u00e9 et des garanties. Le titulaire des donn\u00e9es consent \u00e0 leur communication \u00e0 d'autres entreprises de notre groupe, afin de fournir la prestation contract\u00e9e\/demand\u00e9e. Conform\u00e9ment \u00e0 la Loi Organique 15\/1999 du 13 d\u00e9cembre, relative \u00e0 la Protection des Donn\u00e9es \u00e0 Caract\u00e8re Personnel, et au D\u00e9cret Royal 1720\/2007 du 21 d\u00e9cembre, R\u00e8glement de d\u00e9veloppement de la Loi Organique 15\/1999, TAHE PRODUCTOS COSM\u00c9TICOS S.L., propri\u00e9taire et titulaire de cette base de donn\u00e9es, a adopt\u00e9 les mesures appropri\u00e9es pour prot\u00e9ger vos donn\u00e9es personnelles afin de sauvegarder votre droit \u00e0 l'honneur et \u00e0 l'intimit\u00e9 personnelle et familiale. La personne concern\u00e9e peut exercer ses droits d'opposition, d'acc\u00e8s, de rectification et d'annulation en relation avec ses donn\u00e9es personnelles en s'adressant par \u00e9crit \u00e0 TAHE PRODUCTOS COSM\u00c9TICOS, o\u00f9 des mod\u00e8les \u00e9crits sont disponibles pour l'exercice de ces droits.<\/span>\n<\/p>\n<div style=\"margin-left:5px;\">\n\t<p><span class=\"texto-formulario\"><span class=\"wpcf7-form-control-wrap\" data-name=\"acceptance-279\"><span class=\"wpcf7-form-control wpcf7-acceptance\"><span class=\"wpcf7-list-item\"><input type=\"checkbox\" name=\"acceptance-279\" value=\"1\" aria-invalid=\"false\" \/><\/span><\/span><\/span> J'ai lu et j'accepte <a target=\"_blank\" rel=\"nofollow noopener noreferrer\" href=\"https:\/\/tahecosmetics.com\/professional\/aviso-legal\/\">l'Avis L\u00e9gal<\/a> et la <a target=\"_blank\" rel=\"nofollow noopener noreferrer\" href=\"https:\/\/tahecosmetics.com\/professional\/politica-de-privacidad\/\">Politique de Confidentialit\u00e9<\/a>.<\/span><br \/>\n<span class=\"wpcf7-form-control-wrap\" data-name=\"quiz-226\"><label><span class=\"wpcf7-quiz-label\">2+5<\/span> <input size=\"40\" class=\"wpcf7-form-control wpcf7-quiz\" autocomplete=\"off\" aria-required=\"true\" aria-invalid=\"false\" type=\"text\" name=\"quiz-226\" \/><\/label><input type=\"hidden\" name=\"_wpcf7_quiz_answer_quiz-226\" value=\"9a541d0666736f30455d90d4d9e11c6f\" \/><\/span><input class=\"wpcf7-form-control wpcf7-submit has-spinner\" type=\"submit\" value=\"Envoyer\" \/>\n\t<\/p>\n<\/div><input type='hidden' class='wpcf7-pum' value='{\"closepopup\":false,\"closedelay\":0,\"openpopup\":false,\"openpopup_id\":0}' \/><div class=\"wpcf7-response-output\" aria-hidden=\"true\"><\/div>\n<\/form>\n<\/div>\n\n<\/div>\n\n<script>\ndocument.getElementById('btn-cliente').addEventListener('click', function() {\n    var cliente = document.getElementById('formulario-cliente');\n    var noCliente = document.getElementById('formulario-no-cliente');\n\n    \/\/ Ocultar el formulario de \"No soy cliente\"\n    noCliente.style.display = 'none';\n    \/\/ Mostrar el formulario de \"Soy cliente\"\n    cliente.style.display = 'block';\n});\n\ndocument.getElementById('btn-no-cliente').addEventListener('click', function() {\n    var cliente = document.getElementById('formulario-cliente');\n    var noCliente = document.getElementById('formulario-no-cliente');\n\n    \/\/ Ocultar el formulario de \"Soy cliente\"\n    cliente.style.display = 'none';\n    \/\/ Mostrar el formulario de \"No soy cliente\"\n    noCliente.style.display = 'block';\n});\n<\/script>\n\t\t\t\t<\/div>\n\t\t\t\t<\/div>\n\t\t\t\t\t<\/div>\n\t\t<\/div>\n\t\t\t\t\t<\/div>\n\t\t<\/section>\n\t\t\t\t<\/div>\n\t\t","protected":false},"excerpt":{"rendered":"<p>S\u00e9lectionner une option Je suis un client Je ne suis pas un client<\/p>\n","protected":false},"author":3,"featured_media":0,"parent":0,"menu_order":0,"comment_status":"closed","ping_status":"closed","template":"","meta":{"footnotes":""},"class_list":["post-25699","page","type-page","status-publish","hentry"],"yoast_head":"<!-- This site is optimized with the Yoast SEO plugin v27.1.1 - https:\/\/yoast.com\/product\/yoast-seo-wordpress\/ -->\n<title>Contacto formaciones | Tahe Profesional<\/title>\n<meta name=\"robots\" content=\"index, follow, max-snippet:-1, max-image-preview:large, max-video-preview:-1\" \/>\n<link rel=\"canonical\" href=\"https:\/\/tahecosmetics.com\/professional\/fr\/contacto-formaciones\/\" \/>\n<meta property=\"og:locale\" content=\"fr_FR\" \/>\n<meta property=\"og:type\" content=\"article\" \/>\n<meta property=\"og:title\" content=\"Contacto formaciones | Tahe Profesional\" \/>\n<meta property=\"og:description\" content=\"S\u00e9lectionner une option Je suis un client Je ne suis pas un client\" \/>\n<meta property=\"og:url\" content=\"https:\/\/tahecosmetics.com\/professional\/fr\/contacto-formaciones\/\" \/>\n<meta property=\"og:site_name\" content=\"Tahe Profesional\" \/>\n<meta property=\"article:modified_time\" content=\"2024-11-18T15:19:27+00:00\" \/>\n<meta property=\"og:image\" content=\"https:\/\/tahecosmetics.com\/professional\/wp-content\/uploads\/2021\/06\/tahe-logo-dark.png\" \/>\n\t<meta property=\"og:image:width\" content=\"800\" \/>\n\t<meta property=\"og:image:height\" content=\"359\" \/>\n\t<meta property=\"og:image:type\" content=\"image\/png\" \/>\n<meta name=\"twitter:card\" content=\"summary_large_image\" \/>\n<meta name=\"twitter:label1\" content=\"Dur\u00e9e de lecture estim\u00e9e\" \/>\n\t<meta name=\"twitter:data1\" content=\"1 minute\" \/>\n<script type=\"application\/ld+json\" class=\"yoast-schema-graph\">{\"@context\":\"https:\/\/schema.org\",\"@graph\":[{\"@type\":\"WebPage\",\"@id\":\"https:\/\/tahecosmetics.com\/professional\/fr\/contacto-formaciones\/\",\"url\":\"https:\/\/tahecosmetics.com\/professional\/fr\/contacto-formaciones\/\",\"name\":\"Contacto formaciones | Tahe Profesional\",\"isPartOf\":{\"@id\":\"https:\/\/tahecosmetics.com\/professional\/#website\"},\"datePublished\":\"2024-10-03T11:34:23+00:00\",\"dateModified\":\"2024-11-18T15:19:27+00:00\",\"breadcrumb\":{\"@id\":\"https:\/\/tahecosmetics.com\/professional\/fr\/contacto-formaciones\/#breadcrumb\"},\"inLanguage\":\"fr-FR\",\"potentialAction\":[{\"@type\":\"ReadAction\",\"target\":[\"https:\/\/tahecosmetics.com\/professional\/fr\/contacto-formaciones\/\"]}]},{\"@type\":\"BreadcrumbList\",\"@id\":\"https:\/\/tahecosmetics.com\/professional\/fr\/contacto-formaciones\/#breadcrumb\",\"itemListElement\":[{\"@type\":\"ListItem\",\"position\":1,\"name\":\"Home\",\"item\":\"https:\/\/tahecosmetics.com\/professional\/it\/\"},{\"@type\":\"ListItem\",\"position\":2,\"name\":\"Contacto formaciones\"}]},{\"@type\":\"WebSite\",\"@id\":\"https:\/\/tahecosmetics.com\/professional\/#website\",\"url\":\"https:\/\/tahecosmetics.com\/professional\/\",\"name\":\"Tahe Profesional\",\"description\":\"Productos Cosm\u00e9ticos para Profesionales\",\"publisher\":{\"@id\":\"https:\/\/tahecosmetics.com\/professional\/#organization\"},\"alternateName\":\"Tahe Profesional\",\"potentialAction\":[{\"@type\":\"SearchAction\",\"target\":{\"@type\":\"EntryPoint\",\"urlTemplate\":\"https:\/\/tahecosmetics.com\/professional\/?s={search_term_string}\"},\"query-input\":{\"@type\":\"PropertyValueSpecification\",\"valueRequired\":true,\"valueName\":\"search_term_string\"}}],\"inLanguage\":\"fr-FR\"},{\"@type\":\"Organization\",\"@id\":\"https:\/\/tahecosmetics.com\/professional\/#organization\",\"name\":\"Tahe Productos Cosm\u00e9ticos, S.L.\",\"url\":\"https:\/\/tahecosmetics.com\/professional\/\",\"logo\":{\"@type\":\"ImageObject\",\"inLanguage\":\"fr-FR\",\"@id\":\"https:\/\/tahecosmetics.com\/professional\/#\/schema\/logo\/image\/\",\"url\":\"https:\/\/tahecosmetics.com\/professional\/wp-content\/uploads\/2021\/06\/tahe-logo-dark.png\",\"contentUrl\":\"https:\/\/tahecosmetics.com\/professional\/wp-content\/uploads\/2021\/06\/tahe-logo-dark.png\",\"width\":800,\"height\":359,\"caption\":\"Tahe Productos Cosm\u00e9ticos, S.L.\"},\"image\":{\"@id\":\"https:\/\/tahecosmetics.com\/professional\/#\/schema\/logo\/image\/\"}}]}<\/script>\n<!-- \/ Yoast SEO plugin. -->","yoast_head_json":{"title":"Contacto formaciones | Tahe Profesional","robots":{"index":"index","follow":"follow","max-snippet":"max-snippet:-1","max-image-preview":"max-image-preview:large","max-video-preview":"max-video-preview:-1"},"canonical":"https:\/\/tahecosmetics.com\/professional\/fr\/contacto-formaciones\/","og_locale":"fr_FR","og_type":"article","og_title":"Contacto formaciones | Tahe Profesional","og_description":"S\u00e9lectionner une option Je suis un client Je ne suis pas un client","og_url":"https:\/\/tahecosmetics.com\/professional\/fr\/contacto-formaciones\/","og_site_name":"Tahe Profesional","article_modified_time":"2024-11-18T15:19:27+00:00","og_image":[{"width":800,"height":359,"url":"https:\/\/tahecosmetics.com\/professional\/wp-content\/uploads\/2021\/06\/tahe-logo-dark.png","type":"image\/png"}],"twitter_card":"summary_large_image","twitter_misc":{"Dur\u00e9e de lecture estim\u00e9e":"1 minute"},"schema":{"@context":"https:\/\/schema.org","@graph":[{"@type":"WebPage","@id":"https:\/\/tahecosmetics.com\/professional\/fr\/contacto-formaciones\/","url":"https:\/\/tahecosmetics.com\/professional\/fr\/contacto-formaciones\/","name":"Contacto formaciones | Tahe Profesional","isPartOf":{"@id":"https:\/\/tahecosmetics.com\/professional\/#website"},"datePublished":"2024-10-03T11:34:23+00:00","dateModified":"2024-11-18T15:19:27+00:00","breadcrumb":{"@id":"https:\/\/tahecosmetics.com\/professional\/fr\/contacto-formaciones\/#breadcrumb"},"inLanguage":"fr-FR","potentialAction":[{"@type":"ReadAction","target":["https:\/\/tahecosmetics.com\/professional\/fr\/contacto-formaciones\/"]}]},{"@type":"BreadcrumbList","@id":"https:\/\/tahecosmetics.com\/professional\/fr\/contacto-formaciones\/#breadcrumb","itemListElement":[{"@type":"ListItem","position":1,"name":"Home","item":"https:\/\/tahecosmetics.com\/professional\/it\/"},{"@type":"ListItem","position":2,"name":"Contacto formaciones"}]},{"@type":"WebSite","@id":"https:\/\/tahecosmetics.com\/professional\/#website","url":"https:\/\/tahecosmetics.com\/professional\/","name":"Tahe Profesional","description":"Productos Cosm\u00e9ticos para Profesionales","publisher":{"@id":"https:\/\/tahecosmetics.com\/professional\/#organization"},"alternateName":"Tahe Profesional","potentialAction":[{"@type":"SearchAction","target":{"@type":"EntryPoint","urlTemplate":"https:\/\/tahecosmetics.com\/professional\/?s={search_term_string}"},"query-input":{"@type":"PropertyValueSpecification","valueRequired":true,"valueName":"search_term_string"}}],"inLanguage":"fr-FR"},{"@type":"Organization","@id":"https:\/\/tahecosmetics.com\/professional\/#organization","name":"Tahe Productos Cosm\u00e9ticos, S.L.","url":"https:\/\/tahecosmetics.com\/professional\/","logo":{"@type":"ImageObject","inLanguage":"fr-FR","@id":"https:\/\/tahecosmetics.com\/professional\/#\/schema\/logo\/image\/","url":"https:\/\/tahecosmetics.com\/professional\/wp-content\/uploads\/2021\/06\/tahe-logo-dark.png","contentUrl":"https:\/\/tahecosmetics.com\/professional\/wp-content\/uploads\/2021\/06\/tahe-logo-dark.png","width":800,"height":359,"caption":"Tahe Productos Cosm\u00e9ticos, S.L."},"image":{"@id":"https:\/\/tahecosmetics.com\/professional\/#\/schema\/logo\/image\/"}}]}},"acf":[],"_links":{"self":[{"href":"https:\/\/tahecosmetics.com\/professional\/fr\/wp-json\/wp\/v2\/pages\/25699","targetHints":{"allow":["GET"]}}],"collection":[{"href":"https:\/\/tahecosmetics.com\/professional\/fr\/wp-json\/wp\/v2\/pages"}],"about":[{"href":"https:\/\/tahecosmetics.com\/professional\/fr\/wp-json\/wp\/v2\/types\/page"}],"author":[{"embeddable":true,"href":"https:\/\/tahecosmetics.com\/professional\/fr\/wp-json\/wp\/v2\/users\/3"}],"replies":[{"embeddable":true,"href":"https:\/\/tahecosmetics.com\/professional\/fr\/wp-json\/wp\/v2\/comments?post=25699"}],"version-history":[{"count":6,"href":"https:\/\/tahecosmetics.com\/professional\/fr\/wp-json\/wp\/v2\/pages\/25699\/revisions"}],"predecessor-version":[{"id":25713,"href":"https:\/\/tahecosmetics.com\/professional\/fr\/wp-json\/wp\/v2\/pages\/25699\/revisions\/25713"}],"wp:attachment":[{"href":"https:\/\/tahecosmetics.com\/professional\/fr\/wp-json\/wp\/v2\/media?parent=25699"}],"curies":[{"name":"wp","href":"https:\/\/api.w.org\/{rel}","templated":true}]}}