{"id":25783,"date":"2024-10-03T11:34:23","date_gmt":"2024-10-03T11:34:23","guid":{"rendered":"https:\/\/tahecosmetics.com\/professional\/contacto-formaciones\/"},"modified":"2024-11-19T11:52:17","modified_gmt":"2024-11-19T11:52:17","slug":"contacto-formaciones","status":"publish","type":"page","link":"https:\/\/tahecosmetics.com\/professional\/it\/contacto-formaciones\/","title":{"rendered":"Contatti formazione"},"content":{"rendered":"\t\t<div data-elementor-type=\"wp-page\" data-elementor-id=\"25783\" class=\"elementor elementor-25783\">\n\t\t\t\t\t\t<section class=\"elementor-section elementor-top-section elementor-element elementor-element-21fd3b3 elementor-section-boxed elementor-section-height-default elementor-section-height-default\" data-id=\"21fd3b3\" data-element_type=\"section\" data-e-type=\"section\">\n\t\t\t\t\t\t<div class=\"elementor-container elementor-column-gap-default\">\n\t\t\t\t\t<div class=\"elementor-column elementor-col-100 elementor-top-column elementor-element elementor-element-b719c91\" data-id=\"b719c91\" data-element_type=\"column\" data-e-type=\"column\">\n\t\t\t<div class=\"elementor-widget-wrap elementor-element-populated\">\n\t\t\t\t\t\t<div class=\"elementor-element elementor-element-057f92c elementor-widget elementor-widget-heading\" data-id=\"057f92c\" data-element_type=\"widget\" data-e-type=\"widget\" data-widget_type=\"heading.default\">\n\t\t\t\t<div class=\"elementor-widget-container\">\n\t\t\t\t\t<h2 class=\"elementor-heading-title elementor-size-default\">Seleziona un'opzione<\/h2>\t\t\t\t<\/div>\n\t\t\t\t<\/div>\n\t\t\t\t\t<\/div>\n\t\t<\/div>\n\t\t\t\t\t<\/div>\n\t\t<\/section>\n\t\t\t\t<section class=\"elementor-section elementor-top-section elementor-element elementor-element-0dbb0dd elementor-section-boxed elementor-section-height-default elementor-section-height-default\" data-id=\"0dbb0dd\" data-element_type=\"section\" data-e-type=\"section\">\n\t\t\t\t\t\t<div class=\"elementor-container elementor-column-gap-default\">\n\t\t\t\t\t<div class=\"elementor-column elementor-col-50 elementor-top-column elementor-element elementor-element-e8a16d7\" data-id=\"e8a16d7\" data-element_type=\"column\" data-e-type=\"column\">\n\t\t\t<div class=\"elementor-widget-wrap elementor-element-populated\">\n\t\t\t\t\t\t<div class=\"elementor-element elementor-element-e3b41c0 elementor-widget elementor-widget-button\" data-id=\"e3b41c0\" data-element_type=\"widget\" data-e-type=\"widget\" data-widget_type=\"button.default\">\n\t\t\t\t<div class=\"elementor-widget-container\">\n\t\t\t\t\t\t\t\t\t<div class=\"elementor-button-wrapper\">\n\t\t\t\t\t<a class=\"elementor-button elementor-button-link elementor-size-sm\" href=\"#\" id=\"btn-cliente\">\n\t\t\t\t\t\t<span class=\"elementor-button-content-wrapper\">\n\t\t\t\t\t\t\t\t\t<span class=\"elementor-button-text\">Sono cliente<\/span>\n\t\t\t\t\t<\/span>\n\t\t\t\t\t<\/a>\n\t\t\t\t<\/div>\n\t\t\t\t\t\t\t\t<\/div>\n\t\t\t\t<\/div>\n\t\t\t\t\t<\/div>\n\t\t<\/div>\n\t\t\t\t<div class=\"elementor-column elementor-col-50 elementor-top-column elementor-element elementor-element-d08eddb\" data-id=\"d08eddb\" data-element_type=\"column\" data-e-type=\"column\">\n\t\t\t<div class=\"elementor-widget-wrap elementor-element-populated\">\n\t\t\t\t\t\t<div class=\"elementor-element elementor-element-3034200 elementor-widget elementor-widget-button\" data-id=\"3034200\" data-element_type=\"widget\" data-e-type=\"widget\" data-widget_type=\"button.default\">\n\t\t\t\t<div class=\"elementor-widget-container\">\n\t\t\t\t\t\t\t\t\t<div class=\"elementor-button-wrapper\">\n\t\t\t\t\t<a class=\"elementor-button elementor-button-link elementor-size-sm\" href=\"#\" id=\"btn-no-cliente\">\n\t\t\t\t\t\t<span class=\"elementor-button-content-wrapper\">\n\t\t\t\t\t\t\t\t\t<span class=\"elementor-button-text\">Non sono cliente<\/span>\n\t\t\t\t\t<\/span>\n\t\t\t\t\t<\/a>\n\t\t\t\t<\/div>\n\t\t\t\t\t\t\t\t<\/div>\n\t\t\t\t<\/div>\n\t\t\t\t\t<\/div>\n\t\t<\/div>\n\t\t\t\t\t<\/div>\n\t\t<\/section>\n\t\t\t\t<section class=\"elementor-section elementor-top-section elementor-element elementor-element-8cea298 elementor-section-boxed elementor-section-height-default elementor-section-height-default\" data-id=\"8cea298\" data-element_type=\"section\" data-e-type=\"section\">\n\t\t\t\t\t\t<div class=\"elementor-container elementor-column-gap-default\">\n\t\t\t\t\t<div class=\"elementor-column elementor-col-100 elementor-top-column elementor-element elementor-element-fac4164\" data-id=\"fac4164\" data-element_type=\"column\" data-e-type=\"column\">\n\t\t\t<div class=\"elementor-widget-wrap elementor-element-populated\">\n\t\t\t\t\t\t<div class=\"elementor-element elementor-element-3e98da5 elementor-widget elementor-widget-html\" data-id=\"3e98da5\" data-element_type=\"widget\" data-e-type=\"widget\" data-widget_type=\"html.default\">\n\t\t\t\t<div class=\"elementor-widget-container\">\n\t\t\t\t\t<div id=\"formulario-cliente\" style=\"display:none;\">\n    \n<div class=\"wpcf7 no-js\" id=\"wpcf7-f25788-o1\" lang=\"it-IT\" dir=\"ltr\" data-wpcf7-id=\"25788\">\n<div class=\"screen-reader-response\"><p role=\"status\" aria-live=\"polite\" aria-atomic=\"true\"><\/p> <ul><\/ul><\/div>\n<form action=\"\/professional\/it\/wp-json\/wp\/v2\/pages\/25783#wpcf7-f25788-o1\" method=\"post\" class=\"wpcf7-form init e87a6a1b3e6d cmatic-conn cmatic-aud-15 cmatic-mapd0-0 cmatic-v0976 cmatic-sent-0 cmatic-total-0\" aria-label=\"Modulo di contatto\" novalidate=\"novalidate\" data-status=\"init\">\n<fieldset class=\"hidden-fields-container\"><input type=\"hidden\" name=\"_wpcf7\" value=\"25788\" \/><input type=\"hidden\" name=\"_wpcf7_version\" value=\"6.1.5\" \/><input type=\"hidden\" name=\"_wpcf7_locale\" value=\"it_IT\" \/><input type=\"hidden\" name=\"_wpcf7_unit_tag\" value=\"wpcf7-f25788-o1\" \/><input type=\"hidden\" name=\"_wpcf7_container_post\" value=\"0\" \/><input type=\"hidden\" name=\"_wpcf7_posted_data_hash\" value=\"\" \/><input type=\"hidden\" name=\"_wpcf7_recaptcha_response\" value=\"\" \/>\n<\/fieldset>\n<div class=\"fomn2\">\n\t<p><span class=\"wpcf7-form-control-wrap\" data-name=\"your-name\"><input size=\"40\" maxlength=\"400\" class=\"wpcf7-form-control wpcf7-text wpcf7-validates-as-required\" aria-required=\"true\" aria-invalid=\"false\" placeholder=\"Nome e cognome\" value=\"\" type=\"text\" name=\"your-name\" \/><\/span>\n\t<\/p>\n<\/div>\n<div class=\"fomn2\">\n\t<p><span class=\"wpcf7-form-control-wrap\" data-name=\"your-salon\"><input size=\"40\" maxlength=\"400\" class=\"wpcf7-form-control wpcf7-text wpcf7-validates-as-required\" aria-required=\"true\" aria-invalid=\"false\" placeholder=\"Salone\" value=\"\" type=\"text\" name=\"your-salon\" \/><\/span>\n\t<\/p>\n<\/div>\n<div class=\"fomn2\">\n\t<p><span class=\"wpcf7-form-control-wrap\" data-name=\"your-comercial\"><input size=\"40\" maxlength=\"400\" class=\"wpcf7-form-control wpcf7-text wpcf7-validates-as-required\" aria-required=\"true\" aria-invalid=\"false\" placeholder=\"Il tuo commerciale\" value=\"\" type=\"text\" name=\"your-comercial\" \/><\/span>\n\t<\/p>\n<\/div>\n<div class=\"fomn2\">\n\t<p>[text citt\u00e0 placeholder \"Citt\u00e0\"]\n\t<\/p>\n<\/div>\n<div class=\"fomn2\">\n\t<p><span class=\"wpcf7-form-control-wrap\" data-name=\"your-email\"><input size=\"40\" maxlength=\"400\" class=\"wpcf7-form-control wpcf7-email wpcf7-validates-as-required wpcf7-text wpcf7-validates-as-email\" aria-required=\"true\" aria-invalid=\"false\" placeholder=\"Indirizzo email\" value=\"\" type=\"email\" name=\"your-email\" \/><\/span>\n\t<\/p>\n<\/div>\n<div class=\"fomn2\">\n\t<p><span class=\"wpcf7-form-control-wrap\" data-name=\"tel\"><input size=\"40\" maxlength=\"400\" class=\"wpcf7-form-control wpcf7-tel wpcf7-text wpcf7-validates-as-tel\" aria-invalid=\"false\" placeholder=\"Telefono\" value=\"\" type=\"tel\" name=\"tel\" \/><\/span>\n\t<\/p>\n<\/div>\n<div class=\"fomn2\">\n\t<p><span class=\"wpcf7-form-control-wrap\" data-name=\"menu-148\"><select class=\"wpcf7-form-control wpcf7-select wpcf7-validates-as-required\" aria-required=\"true\" aria-invalid=\"false\" name=\"menu-148\"><option value=\"Quale tecnico ti interessa\">Quale tecnico ti interessa<\/option><option value=\"FRANCISCO TERR\u00d3N\">FRANCISCO TERR\u00d3N<\/option><option value=\"RAQUEL CORCHERO\">RAQUEL CORCHERO<\/option><option value=\"JOS\u00c9 LU\u00cdS GARC\u00cdA\">JOS\u00c9 LU\u00cdS GARC\u00cdA<\/option><option value=\"YOLANDA GIL\">YOLANDA GIL<\/option><\/select><\/span>\n\t<\/p>\n<\/div>\n<p><span style=\"font-size: 10px; line-height: 12px !important; display: block;\">Si informa l'interessato che i suoi dati personali saranno inseriti in un archivio automatizzato, di cui \u00e8 responsabile TAHE PRODUCTOS COSM\u00c9TICOS S.L. Questi dati sono assolutamente necessari per offrire un servizio di qualit\u00e0 e garanzie. Il titolare dei dati acconsente alla loro comunicazione ad altre aziende del nostro gruppo, per fornirgli il servizio richiesto. In conformit\u00e0 con la Legge Organica 15\/1999 del 13 dicembre, sulla protezione dei dati personali, e con il Decreto Reale 1720\/2007, del 21 dicembre, regolamento di sviluppo della Legge Organica 15\/1999, TAHE PRODUCTOS COSM\u00c9TICOS S.L., proprietaria di questa base di dati, ha adottato le misure adeguate per proteggere i dati personali, al fine di salvaguardare il diritto all'onore e alla privacy personale e familiare. L'interessato potr\u00e0 esercitare i propri diritti di opposizione, accesso, rettifica e cancellazione dei propri dati personali scrivendo a TAHE PRODUCTOS COSM\u00c9TICOS, dove sono disponibili modelli scritti per esercitare tali diritti.<\/span>\n<\/p>\n<div style=\"margin-left:5px;\">\n\t<p><span class=\"texto-formulario\"><span class=\"wpcf7-form-control-wrap\" data-name=\"acceptance-279\"><span class=\"wpcf7-form-control wpcf7-acceptance\"><span class=\"wpcf7-list-item\"><input type=\"checkbox\" name=\"acceptance-279\" value=\"1\" aria-invalid=\"false\" \/><\/span><\/span><\/span> Ho letto e accetto il <a target=\"_blank\" rel=\"nofollow noopener noreferrer\" href=\"https:\/\/tahecosmetics.com\/professional\/aviso-legal\/\">Avviso Legale<\/a> e la <a target=\"_blank\" rel=\"nofollow noopener noreferrer\" href=\"https:\/\/tahecosmetics.com\/professional\/politica-de-privacidad\/\">Politica sulla Privacy<\/a>.<\/span><br \/>\n<span class=\"wpcf7-form-control-wrap\" data-name=\"quiz-226\"><label><span class=\"wpcf7-quiz-label\">2+5<\/span> <input size=\"40\" class=\"wpcf7-form-control wpcf7-quiz\" autocomplete=\"off\" aria-required=\"true\" aria-invalid=\"false\" type=\"text\" name=\"quiz-226\" \/><\/label><input type=\"hidden\" name=\"_wpcf7_quiz_answer_quiz-226\" value=\"9a541d0666736f30455d90d4d9e11c6f\" \/><\/span><input class=\"wpcf7-form-control wpcf7-submit has-spinner\" type=\"submit\" value=\"Invia\" \/>\n\t<\/p>\n<\/div><input type='hidden' class='wpcf7-pum' value='{\"closepopup\":false,\"closedelay\":0,\"openpopup\":false,\"openpopup_id\":0}' \/><div class=\"wpcf7-response-output\" aria-hidden=\"true\"><\/div>\n<\/form>\n<\/div>\n\n<\/div>\n<div id=\"formulario-no-cliente\" style=\"display:none;\">\n    \n<div class=\"wpcf7 no-js\" id=\"wpcf7-f25790-o2\" lang=\"it-IT\" dir=\"ltr\" data-wpcf7-id=\"25790\">\n<div class=\"screen-reader-response\"><p role=\"status\" aria-live=\"polite\" aria-atomic=\"true\"><\/p> <ul><\/ul><\/div>\n<form action=\"\/professional\/it\/wp-json\/wp\/v2\/pages\/25783#wpcf7-f25790-o2\" method=\"post\" class=\"wpcf7-form init e87a6a1b3e6d cmatic-conn cmatic-aud-15 cmatic-mapd0-0 cmatic-v0976 cmatic-sent-0 cmatic-total-0\" aria-label=\"Modulo di contatto\" novalidate=\"novalidate\" data-status=\"init\">\n<fieldset class=\"hidden-fields-container\"><input type=\"hidden\" name=\"_wpcf7\" value=\"25790\" \/><input type=\"hidden\" name=\"_wpcf7_version\" value=\"6.1.5\" \/><input type=\"hidden\" name=\"_wpcf7_locale\" value=\"it_IT\" \/><input type=\"hidden\" name=\"_wpcf7_unit_tag\" value=\"wpcf7-f25790-o2\" \/><input type=\"hidden\" name=\"_wpcf7_container_post\" value=\"0\" \/><input type=\"hidden\" name=\"_wpcf7_posted_data_hash\" value=\"\" \/><input type=\"hidden\" name=\"_wpcf7_recaptcha_response\" value=\"\" \/>\n<\/fieldset>\n<div class=\"fomn2\">\n\t<p><span class=\"wpcf7-form-control-wrap\" data-name=\"your-name\"><input size=\"40\" maxlength=\"400\" class=\"wpcf7-form-control wpcf7-text wpcf7-validates-as-required\" aria-required=\"true\" aria-invalid=\"false\" placeholder=\"Nome e cognome\" value=\"\" type=\"text\" name=\"your-name\" \/><\/span>\n\t<\/p>\n<\/div>\n<div class=\"fomn2\">\n\t<p><span class=\"wpcf7-form-control-wrap\" data-name=\"your-salon\"><input size=\"40\" maxlength=\"400\" class=\"wpcf7-form-control wpcf7-text wpcf7-validates-as-required\" aria-required=\"true\" aria-invalid=\"false\" placeholder=\"Salone\" value=\"\" type=\"text\" name=\"your-salon\" \/><\/span>\n\t<\/p>\n<\/div>\n<div class=\"fomn2\">\n\t<p>[text citt\u00e0 placeholder \"Citt\u00e0\"]\n\t<\/p>\n<\/div>\n<div class=\"fomn2\">\n\t<p><span class=\"wpcf7-form-control-wrap\" data-name=\"your-email\"><input size=\"40\" maxlength=\"400\" class=\"wpcf7-form-control wpcf7-email wpcf7-validates-as-required wpcf7-text wpcf7-validates-as-email\" aria-required=\"true\" aria-invalid=\"false\" placeholder=\"Indirizzo email\" value=\"\" type=\"email\" name=\"your-email\" \/><\/span>\n\t<\/p>\n<\/div>\n<div class=\"fomn2\">\n\t<p><span class=\"wpcf7-form-control-wrap\" data-name=\"tel\"><input size=\"40\" maxlength=\"400\" class=\"wpcf7-form-control wpcf7-tel wpcf7-text wpcf7-validates-as-tel\" aria-invalid=\"false\" placeholder=\"Telefono\" value=\"\" type=\"tel\" name=\"tel\" \/><\/span>\n\t<\/p>\n<\/div>\n<div class=\"fomn2\">\n\t<p><span class=\"wpcf7-form-control-wrap\" data-name=\"menu-148\"><select class=\"wpcf7-form-control wpcf7-select wpcf7-validates-as-required\" aria-required=\"true\" aria-invalid=\"false\" name=\"menu-148\"><option value=\"Quale tecnico ti interessa\">Quale tecnico ti interessa<\/option><option value=\"FRANCISCO TERR\u00d3N\">FRANCISCO TERR\u00d3N<\/option><option value=\"RAQUEL CORCHERO\">RAQUEL CORCHERO<\/option><option value=\"JOS\u00c9 LU\u00cdS GARC\u00cdA\">JOS\u00c9 LU\u00cdS GARC\u00cdA<\/option><option value=\"YOLANDA GIL\">YOLANDA GIL<\/option><\/select><\/span>\n\t<\/p>\n<\/div>\n<p><span style=\"font-size: 10px; line-height: 12px !important; display: block;\">Si informa l'interessato che i suoi dati personali saranno inseriti in un archivio automatizzato, di cui \u00e8 responsabile TAHE PRODUCTOS COSM\u00c9TICOS S.L. Questi dati sono assolutamente necessari per offrire un servizio di qualit\u00e0 e garanzie. Il titolare dei dati acconsente alla loro comunicazione ad altre aziende del nostro gruppo, per fornirgli il servizio richiesto. In conformit\u00e0 con la Legge Organica 15\/1999 del 13 dicembre, sulla protezione dei dati personali, e con il Decreto Reale 1720\/2007, del 21 dicembre, regolamento di sviluppo della Legge Organica 15\/1999, TAHE PRODUCTOS COSM\u00c9TICOS S.L., proprietaria di questa base di dati, ha adottato le misure adeguate per proteggere i dati personali, al fine di salvaguardare il diritto all'onore e alla privacy personale e familiare. L'interessato potr\u00e0 esercitare i propri diritti di opposizione, accesso, rettifica e cancellazione dei propri dati personali scrivendo a TAHE PRODUCTOS COSM\u00c9TICOS, dove sono disponibili modelli scritti per esercitare tali diritti.<\/span>\n<\/p>\n<div style=\"margin-left:5px;\">\n\t<p><span class=\"texto-formulario\"><span class=\"wpcf7-form-control-wrap\" data-name=\"acceptance-279\"><span class=\"wpcf7-form-control wpcf7-acceptance\"><span class=\"wpcf7-list-item\"><input type=\"checkbox\" name=\"acceptance-279\" value=\"1\" aria-invalid=\"false\" \/><\/span><\/span><\/span> Ho letto e accetto il <a target=\"_blank\" rel=\"nofollow noopener noreferrer\" href=\"https:\/\/tahecosmetics.com\/professional\/aviso-legal\/\">Avviso Legale<\/a> e la <a target=\"_blank\" rel=\"nofollow noopener noreferrer\" href=\"https:\/\/tahecosmetics.com\/professional\/politica-de-privacidad\/\">Politica sulla Privacy<\/a>.<\/span><br \/>\n<span class=\"wpcf7-form-control-wrap\" data-name=\"quiz-226\"><label><span class=\"wpcf7-quiz-label\">2+5<\/span> <input size=\"40\" class=\"wpcf7-form-control wpcf7-quiz\" autocomplete=\"off\" aria-required=\"true\" aria-invalid=\"false\" type=\"text\" name=\"quiz-226\" \/><\/label><input type=\"hidden\" name=\"_wpcf7_quiz_answer_quiz-226\" value=\"9a541d0666736f30455d90d4d9e11c6f\" \/><\/span><input class=\"wpcf7-form-control wpcf7-submit has-spinner\" type=\"submit\" value=\"Invia\" \/>\n\t<\/p>\n<\/div><input type='hidden' class='wpcf7-pum' value='{\"closepopup\":false,\"closedelay\":0,\"openpopup\":false,\"openpopup_id\":0}' \/><div class=\"wpcf7-response-output\" aria-hidden=\"true\"><\/div>\n<\/form>\n<\/div>\n\n<\/div>\n\n<script>\ndocument.getElementById('btn-cliente').addEventListener('click', function() {\n    var cliente = document.getElementById('formulario-cliente');\n    var noCliente = document.getElementById('formulario-no-cliente');\n\n    \/\/ Ocultar el formulario de \"No soy cliente\"\n    noCliente.style.display = 'none';\n    \/\/ Mostrar el formulario de \"Soy cliente\"\n    cliente.style.display = 'block';\n});\n\ndocument.getElementById('btn-no-cliente').addEventListener('click', function() {\n    var cliente = document.getElementById('formulario-cliente');\n    var noCliente = document.getElementById('formulario-no-cliente');\n\n    \/\/ Ocultar el formulario de \"Soy cliente\"\n    cliente.style.display = 'none';\n    \/\/ Mostrar el formulario de \"No soy cliente\"\n    noCliente.style.display = 'block';\n});\n<\/script>\n\t\t\t\t<\/div>\n\t\t\t\t<\/div>\n\t\t\t\t\t<\/div>\n\t\t<\/div>\n\t\t\t\t\t<\/div>\n\t\t<\/section>\n\t\t\t\t<\/div>\n\t\t","protected":false},"excerpt":{"rendered":"<p>Seleziona un&#8217;opzione Sono cliente Non sono cliente<\/p>\n","protected":false},"author":3,"featured_media":0,"parent":0,"menu_order":0,"comment_status":"closed","ping_status":"closed","template":"","meta":{"footnotes":""},"class_list":["post-25783","page","type-page","status-publish","hentry"],"yoast_head":"<!-- This site is optimized with the Yoast SEO plugin v27.1.1 - https:\/\/yoast.com\/product\/yoast-seo-wordpress\/ -->\n<title>Contatti formazione | Tahe Profesional<\/title>\n<meta name=\"robots\" content=\"index, follow, max-snippet:-1, max-image-preview:large, max-video-preview:-1\" \/>\n<link rel=\"canonical\" href=\"https:\/\/tahecosmetics.com\/professional\/it\/contacto-formaciones\/\" \/>\n<meta property=\"og:locale\" content=\"it_IT\" \/>\n<meta property=\"og:type\" content=\"article\" \/>\n<meta property=\"og:title\" content=\"Contatti formazione | Tahe Profesional\" \/>\n<meta property=\"og:description\" content=\"Seleziona un&#8217;opzione Sono cliente Non sono cliente\" \/>\n<meta property=\"og:url\" content=\"https:\/\/tahecosmetics.com\/professional\/it\/contacto-formaciones\/\" \/>\n<meta property=\"og:site_name\" content=\"Tahe Profesional\" \/>\n<meta property=\"article:modified_time\" content=\"2024-11-19T11:52:17+00:00\" \/>\n<meta property=\"og:image\" content=\"https:\/\/tahecosmetics.com\/professional\/wp-content\/uploads\/2021\/06\/tahe-logo-dark.png\" \/>\n\t<meta property=\"og:image:width\" content=\"800\" \/>\n\t<meta property=\"og:image:height\" content=\"359\" \/>\n\t<meta property=\"og:image:type\" content=\"image\/png\" \/>\n<meta name=\"twitter:card\" content=\"summary_large_image\" \/>\n<meta name=\"twitter:label1\" content=\"Tempo di lettura stimato\" \/>\n\t<meta name=\"twitter:data1\" content=\"1 minuto\" \/>\n<script type=\"application\/ld+json\" class=\"yoast-schema-graph\">{\"@context\":\"https:\/\/schema.org\",\"@graph\":[{\"@type\":\"WebPage\",\"@id\":\"https:\/\/tahecosmetics.com\/professional\/it\/contacto-formaciones\/\",\"url\":\"https:\/\/tahecosmetics.com\/professional\/it\/contacto-formaciones\/\",\"name\":\"Contatti formazione | Tahe Profesional\",\"isPartOf\":{\"@id\":\"https:\/\/tahecosmetics.com\/professional\/#website\"},\"datePublished\":\"2024-10-03T11:34:23+00:00\",\"dateModified\":\"2024-11-19T11:52:17+00:00\",\"breadcrumb\":{\"@id\":\"https:\/\/tahecosmetics.com\/professional\/it\/contacto-formaciones\/#breadcrumb\"},\"inLanguage\":\"it-IT\",\"potentialAction\":[{\"@type\":\"ReadAction\",\"target\":[\"https:\/\/tahecosmetics.com\/professional\/it\/contacto-formaciones\/\"]}]},{\"@type\":\"BreadcrumbList\",\"@id\":\"https:\/\/tahecosmetics.com\/professional\/it\/contacto-formaciones\/#breadcrumb\",\"itemListElement\":[{\"@type\":\"ListItem\",\"position\":1,\"name\":\"Home\",\"item\":\"https:\/\/tahecosmetics.com\/professional\/it\/\"},{\"@type\":\"ListItem\",\"position\":2,\"name\":\"Contatti formazione\"}]},{\"@type\":\"WebSite\",\"@id\":\"https:\/\/tahecosmetics.com\/professional\/#website\",\"url\":\"https:\/\/tahecosmetics.com\/professional\/\",\"name\":\"Tahe Profesional\",\"description\":\"Productos Cosm\u00e9ticos para Profesionales\",\"publisher\":{\"@id\":\"https:\/\/tahecosmetics.com\/professional\/#organization\"},\"alternateName\":\"Tahe Profesional\",\"potentialAction\":[{\"@type\":\"SearchAction\",\"target\":{\"@type\":\"EntryPoint\",\"urlTemplate\":\"https:\/\/tahecosmetics.com\/professional\/?s={search_term_string}\"},\"query-input\":{\"@type\":\"PropertyValueSpecification\",\"valueRequired\":true,\"valueName\":\"search_term_string\"}}],\"inLanguage\":\"it-IT\"},{\"@type\":\"Organization\",\"@id\":\"https:\/\/tahecosmetics.com\/professional\/#organization\",\"name\":\"Tahe Productos Cosm\u00e9ticos, S.L.\",\"url\":\"https:\/\/tahecosmetics.com\/professional\/\",\"logo\":{\"@type\":\"ImageObject\",\"inLanguage\":\"it-IT\",\"@id\":\"https:\/\/tahecosmetics.com\/professional\/#\/schema\/logo\/image\/\",\"url\":\"https:\/\/tahecosmetics.com\/professional\/wp-content\/uploads\/2021\/06\/tahe-logo-dark.png\",\"contentUrl\":\"https:\/\/tahecosmetics.com\/professional\/wp-content\/uploads\/2021\/06\/tahe-logo-dark.png\",\"width\":800,\"height\":359,\"caption\":\"Tahe Productos Cosm\u00e9ticos, S.L.\"},\"image\":{\"@id\":\"https:\/\/tahecosmetics.com\/professional\/#\/schema\/logo\/image\/\"}}]}<\/script>\n<!-- \/ Yoast SEO plugin. -->","yoast_head_json":{"title":"Contatti formazione | Tahe Profesional","robots":{"index":"index","follow":"follow","max-snippet":"max-snippet:-1","max-image-preview":"max-image-preview:large","max-video-preview":"max-video-preview:-1"},"canonical":"https:\/\/tahecosmetics.com\/professional\/it\/contacto-formaciones\/","og_locale":"it_IT","og_type":"article","og_title":"Contatti formazione | Tahe Profesional","og_description":"Seleziona un&#8217;opzione Sono cliente Non sono cliente","og_url":"https:\/\/tahecosmetics.com\/professional\/it\/contacto-formaciones\/","og_site_name":"Tahe Profesional","article_modified_time":"2024-11-19T11:52:17+00:00","og_image":[{"width":800,"height":359,"url":"https:\/\/tahecosmetics.com\/professional\/wp-content\/uploads\/2021\/06\/tahe-logo-dark.png","type":"image\/png"}],"twitter_card":"summary_large_image","twitter_misc":{"Tempo di lettura stimato":"1 minuto"},"schema":{"@context":"https:\/\/schema.org","@graph":[{"@type":"WebPage","@id":"https:\/\/tahecosmetics.com\/professional\/it\/contacto-formaciones\/","url":"https:\/\/tahecosmetics.com\/professional\/it\/contacto-formaciones\/","name":"Contatti formazione | Tahe Profesional","isPartOf":{"@id":"https:\/\/tahecosmetics.com\/professional\/#website"},"datePublished":"2024-10-03T11:34:23+00:00","dateModified":"2024-11-19T11:52:17+00:00","breadcrumb":{"@id":"https:\/\/tahecosmetics.com\/professional\/it\/contacto-formaciones\/#breadcrumb"},"inLanguage":"it-IT","potentialAction":[{"@type":"ReadAction","target":["https:\/\/tahecosmetics.com\/professional\/it\/contacto-formaciones\/"]}]},{"@type":"BreadcrumbList","@id":"https:\/\/tahecosmetics.com\/professional\/it\/contacto-formaciones\/#breadcrumb","itemListElement":[{"@type":"ListItem","position":1,"name":"Home","item":"https:\/\/tahecosmetics.com\/professional\/it\/"},{"@type":"ListItem","position":2,"name":"Contatti formazione"}]},{"@type":"WebSite","@id":"https:\/\/tahecosmetics.com\/professional\/#website","url":"https:\/\/tahecosmetics.com\/professional\/","name":"Tahe Profesional","description":"Productos Cosm\u00e9ticos para Profesionales","publisher":{"@id":"https:\/\/tahecosmetics.com\/professional\/#organization"},"alternateName":"Tahe Profesional","potentialAction":[{"@type":"SearchAction","target":{"@type":"EntryPoint","urlTemplate":"https:\/\/tahecosmetics.com\/professional\/?s={search_term_string}"},"query-input":{"@type":"PropertyValueSpecification","valueRequired":true,"valueName":"search_term_string"}}],"inLanguage":"it-IT"},{"@type":"Organization","@id":"https:\/\/tahecosmetics.com\/professional\/#organization","name":"Tahe Productos Cosm\u00e9ticos, S.L.","url":"https:\/\/tahecosmetics.com\/professional\/","logo":{"@type":"ImageObject","inLanguage":"it-IT","@id":"https:\/\/tahecosmetics.com\/professional\/#\/schema\/logo\/image\/","url":"https:\/\/tahecosmetics.com\/professional\/wp-content\/uploads\/2021\/06\/tahe-logo-dark.png","contentUrl":"https:\/\/tahecosmetics.com\/professional\/wp-content\/uploads\/2021\/06\/tahe-logo-dark.png","width":800,"height":359,"caption":"Tahe Productos Cosm\u00e9ticos, S.L."},"image":{"@id":"https:\/\/tahecosmetics.com\/professional\/#\/schema\/logo\/image\/"}}]}},"acf":[],"_links":{"self":[{"href":"https:\/\/tahecosmetics.com\/professional\/it\/wp-json\/wp\/v2\/pages\/25783","targetHints":{"allow":["GET"]}}],"collection":[{"href":"https:\/\/tahecosmetics.com\/professional\/it\/wp-json\/wp\/v2\/pages"}],"about":[{"href":"https:\/\/tahecosmetics.com\/professional\/it\/wp-json\/wp\/v2\/types\/page"}],"author":[{"embeddable":true,"href":"https:\/\/tahecosmetics.com\/professional\/it\/wp-json\/wp\/v2\/users\/3"}],"replies":[{"embeddable":true,"href":"https:\/\/tahecosmetics.com\/professional\/it\/wp-json\/wp\/v2\/comments?post=25783"}],"version-history":[{"count":7,"href":"https:\/\/tahecosmetics.com\/professional\/it\/wp-json\/wp\/v2\/pages\/25783\/revisions"}],"predecessor-version":[{"id":25793,"href":"https:\/\/tahecosmetics.com\/professional\/it\/wp-json\/wp\/v2\/pages\/25783\/revisions\/25793"}],"wp:attachment":[{"href":"https:\/\/tahecosmetics.com\/professional\/it\/wp-json\/wp\/v2\/media?parent=25783"}],"curies":[{"name":"wp","href":"https:\/\/api.w.org\/{rel}","templated":true}]}}