{"id":25291,"date":"2024-10-03T11:34:23","date_gmt":"2024-10-03T11:34:23","guid":{"rendered":"https:\/\/tahecosmetics.com\/professional\/contacto-formaciones\/"},"modified":"2024-11-05T10:26:09","modified_gmt":"2024-11-05T10:26:09","slug":"contacto-formaciones","status":"publish","type":"page","link":"https:\/\/tahecosmetics.com\/professional\/pt\/contacto-formaciones\/","title":{"rendered":"Forma\u00e7\u00f5es de contacto"},"content":{"rendered":"\t\t<div data-elementor-type=\"wp-page\" data-elementor-id=\"25291\" class=\"elementor elementor-25291\">\n\t\t\t\t\t\t<section class=\"elementor-section elementor-top-section elementor-element elementor-element-21fd3b3 elementor-section-boxed elementor-section-height-default elementor-section-height-default\" data-id=\"21fd3b3\" data-element_type=\"section\" data-e-type=\"section\">\n\t\t\t\t\t\t<div class=\"elementor-container elementor-column-gap-default\">\n\t\t\t\t\t<div class=\"elementor-column elementor-col-100 elementor-top-column elementor-element elementor-element-b719c91\" data-id=\"b719c91\" data-element_type=\"column\" data-e-type=\"column\">\n\t\t\t<div class=\"elementor-widget-wrap elementor-element-populated\">\n\t\t\t\t\t\t<div class=\"elementor-element elementor-element-057f92c elementor-widget elementor-widget-heading\" data-id=\"057f92c\" data-element_type=\"widget\" data-e-type=\"widget\" data-widget_type=\"heading.default\">\n\t\t\t\t<div class=\"elementor-widget-container\">\n\t\t\t\t\t<h2 class=\"elementor-heading-title elementor-size-default\">Selecionar uma op\u00e7\u00e3o<\/h2>\t\t\t\t<\/div>\n\t\t\t\t<\/div>\n\t\t\t\t\t<\/div>\n\t\t<\/div>\n\t\t\t\t\t<\/div>\n\t\t<\/section>\n\t\t\t\t<section class=\"elementor-section elementor-top-section elementor-element elementor-element-0dbb0dd elementor-section-boxed elementor-section-height-default elementor-section-height-default\" data-id=\"0dbb0dd\" data-element_type=\"section\" data-e-type=\"section\">\n\t\t\t\t\t\t<div class=\"elementor-container elementor-column-gap-default\">\n\t\t\t\t\t<div class=\"elementor-column elementor-col-50 elementor-top-column elementor-element elementor-element-e8a16d7\" data-id=\"e8a16d7\" data-element_type=\"column\" data-e-type=\"column\">\n\t\t\t<div class=\"elementor-widget-wrap elementor-element-populated\">\n\t\t\t\t\t\t<div class=\"elementor-element elementor-element-e3b41c0 elementor-widget elementor-widget-button\" data-id=\"e3b41c0\" data-element_type=\"widget\" data-e-type=\"widget\" data-widget_type=\"button.default\">\n\t\t\t\t<div class=\"elementor-widget-container\">\n\t\t\t\t\t\t\t\t\t<div class=\"elementor-button-wrapper\">\n\t\t\t\t\t<a class=\"elementor-button elementor-button-link elementor-size-sm\" href=\"#\" id=\"btn-cliente\">\n\t\t\t\t\t\t<span class=\"elementor-button-content-wrapper\">\n\t\t\t\t\t\t\t\t\t<span class=\"elementor-button-text\">Eu sou um cliente<\/span>\n\t\t\t\t\t<\/span>\n\t\t\t\t\t<\/a>\n\t\t\t\t<\/div>\n\t\t\t\t\t\t\t\t<\/div>\n\t\t\t\t<\/div>\n\t\t\t\t\t<\/div>\n\t\t<\/div>\n\t\t\t\t<div class=\"elementor-column elementor-col-50 elementor-top-column elementor-element elementor-element-d08eddb\" data-id=\"d08eddb\" data-element_type=\"column\" data-e-type=\"column\">\n\t\t\t<div class=\"elementor-widget-wrap elementor-element-populated\">\n\t\t\t\t\t\t<div class=\"elementor-element elementor-element-3034200 elementor-widget elementor-widget-button\" data-id=\"3034200\" data-element_type=\"widget\" data-e-type=\"widget\" data-widget_type=\"button.default\">\n\t\t\t\t<div class=\"elementor-widget-container\">\n\t\t\t\t\t\t\t\t\t<div class=\"elementor-button-wrapper\">\n\t\t\t\t\t<a class=\"elementor-button elementor-button-link elementor-size-sm\" href=\"#\" id=\"btn-no-cliente\">\n\t\t\t\t\t\t<span class=\"elementor-button-content-wrapper\">\n\t\t\t\t\t\t\t\t\t<span class=\"elementor-button-text\">N\u00e3o sou um cliente<\/span>\n\t\t\t\t\t<\/span>\n\t\t\t\t\t<\/a>\n\t\t\t\t<\/div>\n\t\t\t\t\t\t\t\t<\/div>\n\t\t\t\t<\/div>\n\t\t\t\t\t<\/div>\n\t\t<\/div>\n\t\t\t\t\t<\/div>\n\t\t<\/section>\n\t\t\t\t<section class=\"elementor-section elementor-top-section elementor-element elementor-element-8cea298 elementor-section-boxed elementor-section-height-default elementor-section-height-default\" data-id=\"8cea298\" data-element_type=\"section\" data-e-type=\"section\">\n\t\t\t\t\t\t<div class=\"elementor-container elementor-column-gap-default\">\n\t\t\t\t\t<div class=\"elementor-column elementor-col-100 elementor-top-column elementor-element elementor-element-fac4164\" data-id=\"fac4164\" data-element_type=\"column\" data-e-type=\"column\">\n\t\t\t<div class=\"elementor-widget-wrap elementor-element-populated\">\n\t\t\t\t\t\t<div class=\"elementor-element elementor-element-3e98da5 elementor-widget elementor-widget-html\" data-id=\"3e98da5\" data-element_type=\"widget\" data-e-type=\"widget\" data-widget_type=\"html.default\">\n\t\t\t\t<div class=\"elementor-widget-container\">\n\t\t\t\t\t<div id=\"formulario-cliente\" style=\"display:none;\">\n    \n<div class=\"wpcf7 no-js\" id=\"wpcf7-f25297-o1\" lang=\"pt\" dir=\"ltr\" data-wpcf7-id=\"25297\">\n<div class=\"screen-reader-response\"><p role=\"status\" aria-live=\"polite\" aria-atomic=\"true\"><\/p> <ul><\/ul><\/div>\n<form action=\"\/professional\/pt\/wp-json\/wp\/v2\/pages\/25291#wpcf7-f25297-o1\" method=\"post\" class=\"wpcf7-form init e87a6a1b3e6d cmatic-conn cmatic-aud-15 cmatic-mapd0-0 cmatic-v0976 cmatic-sent-0 cmatic-total-0\" aria-label=\"Contact form\" novalidate=\"novalidate\" data-status=\"init\">\n<fieldset class=\"hidden-fields-container\"><input type=\"hidden\" name=\"_wpcf7\" value=\"25297\" \/><input type=\"hidden\" name=\"_wpcf7_version\" value=\"6.1.5\" \/><input type=\"hidden\" name=\"_wpcf7_locale\" value=\"pt\" \/><input type=\"hidden\" name=\"_wpcf7_unit_tag\" value=\"wpcf7-f25297-o1\" \/><input type=\"hidden\" name=\"_wpcf7_container_post\" value=\"0\" \/><input type=\"hidden\" name=\"_wpcf7_posted_data_hash\" value=\"\" \/><input type=\"hidden\" name=\"_wpcf7_recaptcha_response\" value=\"\" \/>\n<\/fieldset>\n<div class=\"fomn2\">\n\t<p><span class=\"wpcf7-form-control-wrap\" data-name=\"your-name\"><input size=\"40\" maxlength=\"400\" class=\"wpcf7-form-control wpcf7-text wpcf7-validates-as-required\" aria-required=\"true\" aria-invalid=\"false\" placeholder=\"Nombre y apellidos\" value=\"\" type=\"text\" name=\"your-name\" \/><\/span>\n\t<\/p>\n<\/div>\n<div class=\"fomn2\">\n\t<p><span class=\"wpcf7-form-control-wrap\" data-name=\"your-salon\"><input size=\"40\" maxlength=\"400\" class=\"wpcf7-form-control wpcf7-text wpcf7-validates-as-required\" aria-required=\"true\" aria-invalid=\"false\" placeholder=\"Sal\u00f3n\" value=\"\" type=\"text\" name=\"your-salon\" \/><\/span>\n\t<\/p>\n<\/div>\n<div class=\"fomn2\">\n\t<p><span class=\"wpcf7-form-control-wrap\" data-name=\"your-comercial\"><input size=\"40\" maxlength=\"400\" class=\"wpcf7-form-control wpcf7-text wpcf7-validates-as-required\" aria-required=\"true\" aria-invalid=\"false\" placeholder=\"Tu comercial\" value=\"\" type=\"text\" name=\"your-comercial\" \/><\/span>\n\t<\/p>\n<\/div>\n<div class=\"fomn2\">\n\t<p><span class=\"wpcf7-form-control-wrap\" data-name=\"ciudad\"><input size=\"40\" maxlength=\"400\" class=\"wpcf7-form-control wpcf7-text\" aria-invalid=\"false\" placeholder=\"Ciudad\" value=\"\" type=\"text\" name=\"ciudad\" \/><\/span>\n\t<\/p>\n<\/div>\n<div class=\"fomn2\">\n\t<p><span class=\"wpcf7-form-control-wrap\" data-name=\"your-email\"><input size=\"40\" maxlength=\"400\" class=\"wpcf7-form-control wpcf7-email wpcf7-validates-as-required wpcf7-text wpcf7-validates-as-email\" aria-required=\"true\" aria-invalid=\"false\" placeholder=\"Correo electr\u00f3nico\" value=\"\" type=\"email\" name=\"your-email\" \/><\/span>\n\t<\/p>\n<\/div>\n<div class=\"fomn2\">\n\t<p><span class=\"wpcf7-form-control-wrap\" data-name=\"tel\"><input size=\"40\" maxlength=\"400\" class=\"wpcf7-form-control wpcf7-tel wpcf7-text wpcf7-validates-as-tel\" aria-invalid=\"false\" placeholder=\"Tel\u00e9fono\" value=\"\" type=\"tel\" name=\"tel\" \/><\/span>\n\t<\/p>\n<\/div>\n<div class=\"fomn2\">\n\t<p><span class=\"wpcf7-form-control-wrap\" data-name=\"menu-148\"><select class=\"wpcf7-form-control wpcf7-select wpcf7-validates-as-required\" aria-required=\"true\" aria-invalid=\"false\" name=\"menu-148\"><option value=\"Qu\u00e9 t\u00e9cnico te interesa\">Qu\u00e9 t\u00e9cnico te interesa<\/option><option value=\"FRANCISCO TERR\u00d3N\">FRANCISCO TERR\u00d3N<\/option><option value=\"RAQUEL CORCHERO\">RAQUEL CORCHERO<\/option><option value=\"JOS\u00c9 LU\u00cdS GARC\u00cdA\">JOS\u00c9 LU\u00cdS GARC\u00cdA<\/option><option value=\"YOLANDA GIL\">YOLANDA GIL<\/option><\/select><\/span>\n\t<\/p>\n<\/div>\n<p><span style=\"font-size: 10px; line-height: 12px !important; display: block;\">Se informa al interesado que sus datos personales van a ser incorporados a un fichero automatizado, cuyo responsable es TAHE PRODUCTOS COSM\u00c9TICOS S.L. Estos datos son absolutamente necesarios para poder ofrecer un servicio de calidad y garant\u00edas. El titular de los datos consiente su comunicaci\u00f3n a otras empresas de nuestro grupo, para procurarle la prestaci\u00f3n contratada\/ solicitada. En cumplimiento de la Ley Org\u00e1nica 15\/1999 de 13 de Diciembre, de Protecci\u00f3n de Datos de Car\u00e1cter Personal, y del Real Decreto 1720\/2007, de 21 de Diciembre, Reglamento de desarrollo de la Ley Org\u00e1nica 15\/1999, el TAHE PRODUCTOS COSM\u00c9TICOS S.L., propietario y titular de esta base de datos, ha adoptado las medidas adecuadas para proteger sus datos de car\u00e1cter personal con el fin de salvaguardar su derecho al honor e intimidad personal y familiar. El interesado podr\u00e1 ejercitar sus derechos de oposici\u00f3n, acceso, rectificaci\u00f3n y cancelaci\u00f3n en relaci\u00f3n sus datos personales dirigi\u00e9ndose por escrito a TAHE PRODUCTOS COSM\u00c9TICOS, en la cual existen a disposici\u00f3n del titular de los datos modelos escritos mediante los cuales ejercitar tales derechos.<\/span>\n<\/p>\n<div style=\"margin-left:5px;\">\n\t<p><span class=\"texto-formulario\"><span class=\"wpcf7-form-control-wrap\" data-name=\"acceptance-279\"><span class=\"wpcf7-form-control wpcf7-acceptance\"><span class=\"wpcf7-list-item\"><input type=\"checkbox\" name=\"acceptance-279\" value=\"1\" aria-invalid=\"false\" \/><\/span><\/span><\/span> He le\u00eddo y acepto el <a target=\"_blank\" rel=\"nofollow noopener noreferrer\" href=\"https:\/\/tahecosmetics.com\/professional\/aviso-legal\/\">Aviso Legal<\/a> y la <a target=\"_blank\" rel=\"nofollow noopener noreferrer\" href=\"https:\/\/tahecosmetics.com\/professional\/politica-de-privacidad\/\">Pol\u00edtica de Privacidad<\/a>.<\/span>\n\t<\/p>\n\t<p><input class=\"wpcf7-form-control wpcf7-submit has-spinner\" type=\"submit\" value=\"Enviar\" \/>\n\t<\/p>\n<\/div><input type='hidden' class='wpcf7-pum' value='{\"closepopup\":false,\"closedelay\":0,\"openpopup\":false,\"openpopup_id\":0}' \/><div class=\"wpcf7-response-output\" aria-hidden=\"true\"><\/div>\n<\/form>\n<\/div>\n\n<\/div>\n<div id=\"formulario-no-cliente\" style=\"display:none;\">\n    \n<div class=\"wpcf7 no-js\" id=\"wpcf7-f25298-o2\" lang=\"pt\" dir=\"ltr\" data-wpcf7-id=\"25298\">\n<div class=\"screen-reader-response\"><p role=\"status\" aria-live=\"polite\" aria-atomic=\"true\"><\/p> <ul><\/ul><\/div>\n<form action=\"\/professional\/pt\/wp-json\/wp\/v2\/pages\/25291#wpcf7-f25298-o2\" method=\"post\" class=\"wpcf7-form init e87a6a1b3e6d cmatic-conn cmatic-aud-15 cmatic-mapd0-0 cmatic-v0976 cmatic-sent-0 cmatic-total-0\" aria-label=\"Contact form\" novalidate=\"novalidate\" data-status=\"init\">\n<fieldset class=\"hidden-fields-container\"><input type=\"hidden\" name=\"_wpcf7\" value=\"25298\" \/><input type=\"hidden\" name=\"_wpcf7_version\" value=\"6.1.5\" \/><input type=\"hidden\" name=\"_wpcf7_locale\" value=\"pt\" \/><input type=\"hidden\" name=\"_wpcf7_unit_tag\" value=\"wpcf7-f25298-o2\" \/><input type=\"hidden\" name=\"_wpcf7_container_post\" value=\"0\" \/><input type=\"hidden\" name=\"_wpcf7_posted_data_hash\" value=\"\" \/><input type=\"hidden\" name=\"_wpcf7_recaptcha_response\" value=\"\" \/>\n<\/fieldset>\n<div class=\"fomn2\">\n\t<p><span class=\"wpcf7-form-control-wrap\" data-name=\"your-name\"><input size=\"40\" maxlength=\"400\" class=\"wpcf7-form-control wpcf7-text wpcf7-validates-as-required\" aria-required=\"true\" aria-invalid=\"false\" placeholder=\"Nombre y apellidos\" value=\"\" type=\"text\" name=\"your-name\" \/><\/span>\n\t<\/p>\n<\/div>\n<div class=\"fomn2\">\n\t<p><span class=\"wpcf7-form-control-wrap\" data-name=\"your-salon\"><input size=\"40\" maxlength=\"400\" class=\"wpcf7-form-control wpcf7-text wpcf7-validates-as-required\" aria-required=\"true\" aria-invalid=\"false\" placeholder=\"Sal\u00f3n\" value=\"\" type=\"text\" name=\"your-salon\" \/><\/span>\n\t<\/p>\n<\/div>\n<div class=\"fomn2\">\n\t<p><span class=\"wpcf7-form-control-wrap\" data-name=\"ciudad\"><input size=\"40\" maxlength=\"400\" class=\"wpcf7-form-control wpcf7-text\" aria-invalid=\"false\" placeholder=\"Ciudad\" value=\"\" type=\"text\" name=\"ciudad\" \/><\/span>\n\t<\/p>\n<\/div>\n<div class=\"fomn2\">\n\t<p><span class=\"wpcf7-form-control-wrap\" data-name=\"your-email\"><input size=\"40\" maxlength=\"400\" class=\"wpcf7-form-control wpcf7-email wpcf7-validates-as-required wpcf7-text wpcf7-validates-as-email\" aria-required=\"true\" aria-invalid=\"false\" placeholder=\"Correo electr\u00f3nico\" value=\"\" type=\"email\" name=\"your-email\" \/><\/span>\n\t<\/p>\n<\/div>\n<div class=\"fomn2\">\n\t<p><span class=\"wpcf7-form-control-wrap\" data-name=\"tel\"><input size=\"40\" maxlength=\"400\" class=\"wpcf7-form-control wpcf7-tel wpcf7-text wpcf7-validates-as-tel\" aria-invalid=\"false\" placeholder=\"Tel\u00e9fono\" value=\"\" type=\"tel\" name=\"tel\" \/><\/span>\n\t<\/p>\n<\/div>\n<div class=\"fomn2\">\n\t<p><span class=\"wpcf7-form-control-wrap\" data-name=\"menu-148\"><select class=\"wpcf7-form-control wpcf7-select wpcf7-validates-as-required\" aria-required=\"true\" aria-invalid=\"false\" name=\"menu-148\"><option value=\"Qu\u00e9 t\u00e9cnico te interesa\">Qu\u00e9 t\u00e9cnico te interesa<\/option><option value=\"FRANCISCO TERR\u00d3N\">FRANCISCO TERR\u00d3N<\/option><option value=\"RAQUEL CORCHERO\">RAQUEL CORCHERO<\/option><option value=\"JOS\u00c9 LU\u00cdS GARC\u00cdA\">JOS\u00c9 LU\u00cdS GARC\u00cdA<\/option><option value=\"YOLANDA GIL\">YOLANDA GIL<\/option><\/select><\/span>\n\t<\/p>\n<\/div>\n<p><span style=\"font-size: 10px; line-height: 12px !important; display: block;\">Se informa al interesado que sus datos personales van a ser incorporados a un fichero automatizado, cuyo responsable es TAHE PRODUCTOS COSM\u00c9TICOS S.L. Estos datos son absolutamente necesarios para poder ofrecer un servicio de calidad y garant\u00edas. El titular de los datos consiente su comunicaci\u00f3n a otras empresas de nuestro grupo, para procurarle la prestaci\u00f3n contratada\/ solicitada. En cumplimiento de la Ley Org\u00e1nica 15\/1999 de 13 de Diciembre, de Protecci\u00f3n de Datos de Car\u00e1cter Personal, y del Real Decreto 1720\/2007, de 21 de Diciembre, Reglamento de desarrollo de la Ley Org\u00e1nica 15\/1999, el TAHE PRODUCTOS COSM\u00c9TICOS S.L., propietario y titular de esta base de datos, ha adoptado las medidas adecuadas para proteger sus datos de car\u00e1cter personal con el fin de salvaguardar su derecho al honor e intimidad personal y familiar. El interesado podr\u00e1 ejercitar sus derechos de oposici\u00f3n, acceso, rectificaci\u00f3n y cancelaci\u00f3n en relaci\u00f3n sus datos personales dirigi\u00e9ndose por escrito a TAHE PRODUCTOS COSM\u00c9TICOS, en la cual existen a disposici\u00f3n del titular de los datos modelos escritos mediante los cuales ejercitar tales derechos.<\/span>\n<\/p>\n<div style=\"margin-left:5px;\">\n\t<p><span class=\"texto-formulario\"><span class=\"wpcf7-form-control-wrap\" data-name=\"acceptance-279\"><span class=\"wpcf7-form-control wpcf7-acceptance\"><span class=\"wpcf7-list-item\"><input type=\"checkbox\" name=\"acceptance-279\" value=\"1\" aria-invalid=\"false\" \/><\/span><\/span><\/span> He le\u00eddo y acepto el <a target=\"_blank\" rel=\"nofollow noopener noreferrer\" href=\"https:\/\/tahecosmetics.com\/professional\/aviso-legal\/\">Aviso Legal<\/a> y la <a target=\"_blank\" rel=\"nofollow noopener noreferrer\" href=\"https:\/\/tahecosmetics.com\/professional\/politica-de-privacidad\/\">Pol\u00edtica de Privacidad<\/a>.<\/span>\n\t<\/p>\n\t<p><input class=\"wpcf7-form-control wpcf7-submit has-spinner\" type=\"submit\" value=\"Enviar\" \/>\n\t<\/p>\n<\/div><input type='hidden' class='wpcf7-pum' value='{\"closepopup\":false,\"closedelay\":0,\"openpopup\":false,\"openpopup_id\":0}' \/><div class=\"wpcf7-response-output\" aria-hidden=\"true\"><\/div>\n<\/form>\n<\/div>\n\n<\/div>\n\n<script>\ndocument.getElementById('btn-cliente').addEventListener('click', function() {\n    var cliente = document.getElementById('formulario-cliente');\n    var noCliente = document.getElementById('formulario-no-cliente');\n\n    \/\/ Ocultar el formulario de \"No soy cliente\"\n    noCliente.style.display = 'none';\n    \/\/ Mostrar el formulario de \"Soy cliente\"\n    cliente.style.display = 'block';\n});\n\ndocument.getElementById('btn-no-cliente').addEventListener('click', function() {\n    var cliente = document.getElementById('formulario-cliente');\n    var noCliente = document.getElementById('formulario-no-cliente');\n\n    \/\/ Ocultar el formulario de \"Soy cliente\"\n    cliente.style.display = 'none';\n    \/\/ Mostrar el formulario de \"No soy cliente\"\n    noCliente.style.display = 'block';\n});\n<\/script>\n\t\t\t\t<\/div>\n\t\t\t\t<\/div>\n\t\t\t\t\t<\/div>\n\t\t<\/div>\n\t\t\t\t\t<\/div>\n\t\t<\/section>\n\t\t\t\t<\/div>\n\t\t","protected":false},"excerpt":{"rendered":"<p>Selecionar uma op\u00e7\u00e3o Eu sou um cliente N\u00e3o sou um cliente<\/p>\n","protected":false},"author":3,"featured_media":0,"parent":0,"menu_order":0,"comment_status":"closed","ping_status":"closed","template":"","meta":{"footnotes":""},"class_list":["post-25291","page","type-page","status-publish","hentry"],"yoast_head":"<!-- This site is optimized with the Yoast SEO plugin v27.1.1 - https:\/\/yoast.com\/product\/yoast-seo-wordpress\/ -->\n<title>Forma\u00e7\u00f5es de contacto | Tahe Profesional<\/title>\n<meta name=\"robots\" content=\"index, follow, max-snippet:-1, max-image-preview:large, max-video-preview:-1\" \/>\n<link rel=\"canonical\" href=\"https:\/\/tahecosmetics.com\/professional\/pt\/contacto-formaciones\/\" \/>\n<meta property=\"og:locale\" content=\"pt_PT\" \/>\n<meta property=\"og:type\" content=\"article\" \/>\n<meta property=\"og:title\" content=\"Forma\u00e7\u00f5es de contacto | Tahe Profesional\" \/>\n<meta property=\"og:description\" content=\"Selecionar uma op\u00e7\u00e3o Eu sou um cliente N\u00e3o sou um cliente\" \/>\n<meta property=\"og:url\" content=\"https:\/\/tahecosmetics.com\/professional\/pt\/contacto-formaciones\/\" \/>\n<meta property=\"og:site_name\" content=\"Tahe Profesional\" \/>\n<meta property=\"article:modified_time\" content=\"2024-11-05T10:26:09+00:00\" \/>\n<meta property=\"og:image\" content=\"https:\/\/tahecosmetics.com\/professional\/wp-content\/uploads\/2021\/06\/tahe-logo-dark.png\" \/>\n\t<meta property=\"og:image:width\" content=\"800\" \/>\n\t<meta property=\"og:image:height\" content=\"359\" \/>\n\t<meta property=\"og:image:type\" content=\"image\/png\" \/>\n<meta name=\"twitter:card\" content=\"summary_large_image\" \/>\n<meta name=\"twitter:label1\" content=\"Est. reading time\" \/>\n\t<meta name=\"twitter:data1\" content=\"1 minute\" \/>\n<script type=\"application\/ld+json\" class=\"yoast-schema-graph\">{\"@context\":\"https:\/\/schema.org\",\"@graph\":[{\"@type\":\"WebPage\",\"@id\":\"https:\/\/tahecosmetics.com\/professional\/pt\/contacto-formaciones\/\",\"url\":\"https:\/\/tahecosmetics.com\/professional\/pt\/contacto-formaciones\/\",\"name\":\"Forma\u00e7\u00f5es de contacto | Tahe Profesional\",\"isPartOf\":{\"@id\":\"https:\/\/tahecosmetics.com\/professional\/#website\"},\"datePublished\":\"2024-10-03T11:34:23+00:00\",\"dateModified\":\"2024-11-05T10:26:09+00:00\",\"breadcrumb\":{\"@id\":\"https:\/\/tahecosmetics.com\/professional\/pt\/contacto-formaciones\/#breadcrumb\"},\"inLanguage\":\"pt\",\"potentialAction\":[{\"@type\":\"ReadAction\",\"target\":[\"https:\/\/tahecosmetics.com\/professional\/pt\/contacto-formaciones\/\"]}]},{\"@type\":\"BreadcrumbList\",\"@id\":\"https:\/\/tahecosmetics.com\/professional\/pt\/contacto-formaciones\/#breadcrumb\",\"itemListElement\":[{\"@type\":\"ListItem\",\"position\":1,\"name\":\"Home\",\"item\":\"https:\/\/tahecosmetics.com\/professional\/\"},{\"@type\":\"ListItem\",\"position\":2,\"name\":\"Forma\u00e7\u00f5es de contacto\"}]},{\"@type\":\"WebSite\",\"@id\":\"https:\/\/tahecosmetics.com\/professional\/#website\",\"url\":\"https:\/\/tahecosmetics.com\/professional\/\",\"name\":\"Tahe Profesional\",\"description\":\"Productos Cosm\u00e9ticos para Profesionales\",\"publisher\":{\"@id\":\"https:\/\/tahecosmetics.com\/professional\/#organization\"},\"alternateName\":\"Tahe Profesional\",\"potentialAction\":[{\"@type\":\"SearchAction\",\"target\":{\"@type\":\"EntryPoint\",\"urlTemplate\":\"https:\/\/tahecosmetics.com\/professional\/?s={search_term_string}\"},\"query-input\":{\"@type\":\"PropertyValueSpecification\",\"valueRequired\":true,\"valueName\":\"search_term_string\"}}],\"inLanguage\":\"pt\"},{\"@type\":\"Organization\",\"@id\":\"https:\/\/tahecosmetics.com\/professional\/#organization\",\"name\":\"Tahe Productos Cosm\u00e9ticos, S.L.\",\"url\":\"https:\/\/tahecosmetics.com\/professional\/\",\"logo\":{\"@type\":\"ImageObject\",\"inLanguage\":\"pt\",\"@id\":\"https:\/\/tahecosmetics.com\/professional\/#\/schema\/logo\/image\/\",\"url\":\"https:\/\/tahecosmetics.com\/professional\/wp-content\/uploads\/2021\/06\/tahe-logo-dark.png\",\"contentUrl\":\"https:\/\/tahecosmetics.com\/professional\/wp-content\/uploads\/2021\/06\/tahe-logo-dark.png\",\"width\":800,\"height\":359,\"caption\":\"Tahe Productos Cosm\u00e9ticos, S.L.\"},\"image\":{\"@id\":\"https:\/\/tahecosmetics.com\/professional\/#\/schema\/logo\/image\/\"}}]}<\/script>\n<!-- \/ Yoast SEO plugin. -->","yoast_head_json":{"title":"Forma\u00e7\u00f5es de contacto | Tahe Profesional","robots":{"index":"index","follow":"follow","max-snippet":"max-snippet:-1","max-image-preview":"max-image-preview:large","max-video-preview":"max-video-preview:-1"},"canonical":"https:\/\/tahecosmetics.com\/professional\/pt\/contacto-formaciones\/","og_locale":"pt_PT","og_type":"article","og_title":"Forma\u00e7\u00f5es de contacto | Tahe Profesional","og_description":"Selecionar uma op\u00e7\u00e3o Eu sou um cliente N\u00e3o sou um cliente","og_url":"https:\/\/tahecosmetics.com\/professional\/pt\/contacto-formaciones\/","og_site_name":"Tahe Profesional","article_modified_time":"2024-11-05T10:26:09+00:00","og_image":[{"width":800,"height":359,"url":"https:\/\/tahecosmetics.com\/professional\/wp-content\/uploads\/2021\/06\/tahe-logo-dark.png","type":"image\/png"}],"twitter_card":"summary_large_image","twitter_misc":{"Est. reading time":"1 minute"},"schema":{"@context":"https:\/\/schema.org","@graph":[{"@type":"WebPage","@id":"https:\/\/tahecosmetics.com\/professional\/pt\/contacto-formaciones\/","url":"https:\/\/tahecosmetics.com\/professional\/pt\/contacto-formaciones\/","name":"Forma\u00e7\u00f5es de contacto | Tahe Profesional","isPartOf":{"@id":"https:\/\/tahecosmetics.com\/professional\/#website"},"datePublished":"2024-10-03T11:34:23+00:00","dateModified":"2024-11-05T10:26:09+00:00","breadcrumb":{"@id":"https:\/\/tahecosmetics.com\/professional\/pt\/contacto-formaciones\/#breadcrumb"},"inLanguage":"pt","potentialAction":[{"@type":"ReadAction","target":["https:\/\/tahecosmetics.com\/professional\/pt\/contacto-formaciones\/"]}]},{"@type":"BreadcrumbList","@id":"https:\/\/tahecosmetics.com\/professional\/pt\/contacto-formaciones\/#breadcrumb","itemListElement":[{"@type":"ListItem","position":1,"name":"Home","item":"https:\/\/tahecosmetics.com\/professional\/"},{"@type":"ListItem","position":2,"name":"Forma\u00e7\u00f5es de contacto"}]},{"@type":"WebSite","@id":"https:\/\/tahecosmetics.com\/professional\/#website","url":"https:\/\/tahecosmetics.com\/professional\/","name":"Tahe Profesional","description":"Productos Cosm\u00e9ticos para Profesionales","publisher":{"@id":"https:\/\/tahecosmetics.com\/professional\/#organization"},"alternateName":"Tahe Profesional","potentialAction":[{"@type":"SearchAction","target":{"@type":"EntryPoint","urlTemplate":"https:\/\/tahecosmetics.com\/professional\/?s={search_term_string}"},"query-input":{"@type":"PropertyValueSpecification","valueRequired":true,"valueName":"search_term_string"}}],"inLanguage":"pt"},{"@type":"Organization","@id":"https:\/\/tahecosmetics.com\/professional\/#organization","name":"Tahe Productos Cosm\u00e9ticos, S.L.","url":"https:\/\/tahecosmetics.com\/professional\/","logo":{"@type":"ImageObject","inLanguage":"pt","@id":"https:\/\/tahecosmetics.com\/professional\/#\/schema\/logo\/image\/","url":"https:\/\/tahecosmetics.com\/professional\/wp-content\/uploads\/2021\/06\/tahe-logo-dark.png","contentUrl":"https:\/\/tahecosmetics.com\/professional\/wp-content\/uploads\/2021\/06\/tahe-logo-dark.png","width":800,"height":359,"caption":"Tahe Productos Cosm\u00e9ticos, S.L."},"image":{"@id":"https:\/\/tahecosmetics.com\/professional\/#\/schema\/logo\/image\/"}}]}},"acf":[],"_links":{"self":[{"href":"https:\/\/tahecosmetics.com\/professional\/pt\/wp-json\/wp\/v2\/pages\/25291","targetHints":{"allow":["GET"]}}],"collection":[{"href":"https:\/\/tahecosmetics.com\/professional\/pt\/wp-json\/wp\/v2\/pages"}],"about":[{"href":"https:\/\/tahecosmetics.com\/professional\/pt\/wp-json\/wp\/v2\/types\/page"}],"author":[{"embeddable":true,"href":"https:\/\/tahecosmetics.com\/professional\/pt\/wp-json\/wp\/v2\/users\/3"}],"replies":[{"embeddable":true,"href":"https:\/\/tahecosmetics.com\/professional\/pt\/wp-json\/wp\/v2\/comments?post=25291"}],"version-history":[{"count":8,"href":"https:\/\/tahecosmetics.com\/professional\/pt\/wp-json\/wp\/v2\/pages\/25291\/revisions"}],"predecessor-version":[{"id":25302,"href":"https:\/\/tahecosmetics.com\/professional\/pt\/wp-json\/wp\/v2\/pages\/25291\/revisions\/25302"}],"wp:attachment":[{"href":"https:\/\/tahecosmetics.com\/professional\/pt\/wp-json\/wp\/v2\/media?parent=25291"}],"curies":[{"name":"wp","href":"https:\/\/api.w.org\/{rel}","templated":true}]}}