{"id":15110,"date":"2021-11-17T08:29:08","date_gmt":"2021-11-17T08:29:08","guid":{"rendered":"https:\/\/tahecosmetics.com\/professional\/?page_id=15110"},"modified":"2024-03-04T11:05:47","modified_gmt":"2024-03-04T11:05:47","slug":"actualidad","status":"publish","type":"page","link":"https:\/\/tahecosmetics.com\/professional\/actualidad\/","title":{"rendered":"Actualidad"},"content":{"rendered":"\t\t<div data-elementor-type=\"wp-page\" data-elementor-id=\"15110\" class=\"elementor elementor-15110\">\n\t\t\t\t\t\t<section class=\"elementor-section elementor-top-section elementor-element elementor-element-8496ad9 elementor-section-boxed elementor-section-height-default elementor-section-height-default\" data-id=\"8496ad9\" data-element_type=\"section\" data-e-type=\"section\">\n\t\t\t\t\t\t<div class=\"elementor-container elementor-column-gap-default\">\n\t\t\t\t\t<div class=\"elementor-column elementor-col-100 elementor-top-column elementor-element elementor-element-e7d7e1d\" data-id=\"e7d7e1d\" data-element_type=\"column\" data-e-type=\"column\">\n\t\t\t<div class=\"elementor-widget-wrap elementor-element-populated\">\n\t\t\t\t\t\t<div class=\"elementor-element elementor-element-37ac2ca elementor-grid-2 elementor-posts--align-left elementor-grid-tablet-2 elementor-grid-mobile-1 elementor-posts--thumbnail-top elementor-widget elementor-widget-posts\" data-id=\"37ac2ca\" data-element_type=\"widget\" data-e-type=\"widget\" data-settings=\"{&quot;classic_columns&quot;:&quot;2&quot;,&quot;classic_row_gap&quot;:{&quot;unit&quot;:&quot;px&quot;,&quot;size&quot;:30,&quot;sizes&quot;:[]},&quot;pagination_type&quot;:&quot;numbers&quot;,&quot;classic_columns_tablet&quot;:&quot;2&quot;,&quot;classic_columns_mobile&quot;:&quot;1&quot;,&quot;classic_row_gap_tablet&quot;:{&quot;unit&quot;:&quot;px&quot;,&quot;size&quot;:&quot;&quot;,&quot;sizes&quot;:[]},&quot;classic_row_gap_mobile&quot;:{&quot;unit&quot;:&quot;px&quot;,&quot;size&quot;:&quot;&quot;,&quot;sizes&quot;:[]}}\" data-widget_type=\"posts.classic\">\n\t\t\t\t<div class=\"elementor-widget-container\">\n\t\t\t\t\t\t\t<div class=\"elementor-posts-container elementor-posts elementor-posts--skin-classic elementor-grid\">\n\t\t\t\t<article class=\"elementor-post elementor-grid-item post-55146 post type-post status-publish format-standard has-post-thumbnail hentry category-noticias category-profesionales\">\n\t\t\t\t<a class=\"elementor-post__thumbnail__link\" href=\"https:\/\/tahecosmetics.com\/professional\/primer-crucero-tahe-entre-clientes-equipo\/\" >\n\t\t\t<div class=\"elementor-post__thumbnail\"><img fetchpriority=\"high\" decoding=\"async\" width=\"768\" height=\"350\" src=\"https:\/\/tahecosmetics.com\/professional\/wp-content\/uploads\/2025\/11\/crucero-2025-768x350.jpg\" class=\"attachment-medium_large size-medium_large wp-image-55157\" alt=\"\" srcset=\"https:\/\/tahecosmetics.com\/professional\/wp-content\/uploads\/2025\/11\/crucero-2025-768x350.jpg 768w, https:\/\/tahecosmetics.com\/professional\/wp-content\/uploads\/2025\/11\/crucero-2025-300x137.jpg 300w, https:\/\/tahecosmetics.com\/professional\/wp-content\/uploads\/2025\/11\/crucero-2025-1024x467.jpg 1024w, https:\/\/tahecosmetics.com\/professional\/wp-content\/uploads\/2025\/11\/crucero-2025-1536x700.jpg 1536w, https:\/\/tahecosmetics.com\/professional\/wp-content\/uploads\/2025\/11\/crucero-2025-2048x933.jpg 2048w, https:\/\/tahecosmetics.com\/professional\/wp-content\/uploads\/2025\/11\/crucero-2025-580x264.jpg 580w, https:\/\/tahecosmetics.com\/professional\/wp-content\/uploads\/2025\/11\/crucero-2025-860x392.jpg 860w, https:\/\/tahecosmetics.com\/professional\/wp-content\/uploads\/2025\/11\/crucero-2025-1160x529.jpg 1160w\" sizes=\"(max-width: 768px) 100vw, 768px\" \/><\/div>\n\t\t<\/a>\n\t\t\t\t<div class=\"elementor-post__text\">\n\t\t\t\t<h3 class=\"elementor-post__title\">\n\t\t\t<a href=\"https:\/\/tahecosmetics.com\/professional\/primer-crucero-tahe-entre-clientes-equipo\/\" >\n\t\t\t\tTahe celebra su primer crucero incentivo con m\u00e1s de 190 participantes entre clientes y equipo\t\t\t<\/a>\n\t\t<\/h3>\n\t\t\t\t<div class=\"elementor-post__excerpt\">\n\t\t\t<p>Murcia, 4-11-2025 Un viaje hist\u00f3rico para la comunidad Tahe Con gran \u00e9xito de participaci\u00f3n, m\u00e1s de 190 personas \u2014entre clientes y miembros del equipo de<\/p>\n\t\t<\/div>\n\t\t\n\t\t<a class=\"elementor-post__read-more\" href=\"https:\/\/tahecosmetics.com\/professional\/primer-crucero-tahe-entre-clientes-equipo\/\" >\n\t\t\tLeer m\u00e1s \u00bb\t\t<\/a>\n\n\t\t\t\t<\/div>\n\t\t\t\t<\/article>\n\t\t\t\t<article class=\"elementor-post elementor-grid-item post-55104 post type-post status-publish format-standard has-post-thumbnail hentry category-noticias category-profesionales tag-bienal-quimica tag-bilbao tag-green-chemistry tag-innovacion tag-quimica tag-quimica-verde tag-rsc tag-rseq tag-sostenibilidad tag-tahe\">\n\t\t\t\t<a class=\"elementor-post__thumbnail__link\" href=\"https:\/\/tahecosmetics.com\/professional\/tahe-mejor-estrategia-afiliacion-ecommerce-awards-2025\/\" >\n\t\t\t<div class=\"elementor-post__thumbnail\"><img decoding=\"async\" width=\"768\" height=\"512\" src=\"https:\/\/tahecosmetics.com\/professional\/wp-content\/uploads\/2025\/09\/tahe-premio-mejor-estrategia-afiliacion-768x512.jpg\" class=\"attachment-medium_large size-medium_large wp-image-55105\" alt=\"\" srcset=\"https:\/\/tahecosmetics.com\/professional\/wp-content\/uploads\/2025\/09\/tahe-premio-mejor-estrategia-afiliacion-768x512.jpg 768w, https:\/\/tahecosmetics.com\/professional\/wp-content\/uploads\/2025\/09\/tahe-premio-mejor-estrategia-afiliacion-300x200.jpg 300w, https:\/\/tahecosmetics.com\/professional\/wp-content\/uploads\/2025\/09\/tahe-premio-mejor-estrategia-afiliacion-1024x683.jpg 1024w, https:\/\/tahecosmetics.com\/professional\/wp-content\/uploads\/2025\/09\/tahe-premio-mejor-estrategia-afiliacion-1536x1024.jpg 1536w, https:\/\/tahecosmetics.com\/professional\/wp-content\/uploads\/2025\/09\/tahe-premio-mejor-estrategia-afiliacion-580x387.jpg 580w, https:\/\/tahecosmetics.com\/professional\/wp-content\/uploads\/2025\/09\/tahe-premio-mejor-estrategia-afiliacion-860x573.jpg 860w, https:\/\/tahecosmetics.com\/professional\/wp-content\/uploads\/2025\/09\/tahe-premio-mejor-estrategia-afiliacion-1160x773.jpg 1160w, https:\/\/tahecosmetics.com\/professional\/wp-content\/uploads\/2025\/09\/tahe-premio-mejor-estrategia-afiliacion.jpg 1800w\" sizes=\"(max-width: 768px) 100vw, 768px\" \/><\/div>\n\t\t<\/a>\n\t\t\t\t<div class=\"elementor-post__text\">\n\t\t\t\t<h3 class=\"elementor-post__title\">\n\t\t\t<a href=\"https:\/\/tahecosmetics.com\/professional\/tahe-mejor-estrategia-afiliacion-ecommerce-awards-2025\/\" >\n\t\t\t\tTahe gana el premio a la Mejor Estrategia de Afiliaci\u00f3n en los Ecommerce Awards 2025\t\t\t<\/a>\n\t\t<\/h3>\n\t\t\t\t<div class=\"elementor-post__excerpt\">\n\t\t\t<p>En Tahe seguimos demostrando que la innovaci\u00f3n no depende del tama\u00f1o de la empresa, sino de la manera en la que se hacen las cosas.<\/p>\n\t\t<\/div>\n\t\t\n\t\t<a class=\"elementor-post__read-more\" href=\"https:\/\/tahecosmetics.com\/professional\/tahe-mejor-estrategia-afiliacion-ecommerce-awards-2025\/\" >\n\t\t\tLeer m\u00e1s \u00bb\t\t<\/a>\n\n\t\t\t\t<\/div>\n\t\t\t\t<\/article>\n\t\t\t\t<article class=\"elementor-post elementor-grid-item post-27493 post type-post status-publish format-standard has-post-thumbnail hentry category-noticias category-profesionales tag-bienal-quimica tag-bilbao tag-green-chemistry tag-innovacion tag-quimica tag-quimica-verde tag-rsc tag-rseq tag-sostenibilidad tag-tahe\">\n\t\t\t\t<a class=\"elementor-post__thumbnail__link\" href=\"https:\/\/tahecosmetics.com\/professional\/quimica-verde-reunion-bienal-rseq-tahe\/\" >\n\t\t\t<div class=\"elementor-post__thumbnail\"><img decoding=\"async\" width=\"768\" height=\"511\" src=\"https:\/\/tahecosmetics.com\/professional\/wp-content\/uploads\/2025\/07\/bienal-768x511.jpg\" class=\"attachment-medium_large size-medium_large wp-image-27496\" alt=\"Representantes del Grupo Especializado de Qu\u00edmica Verde durante la Reuni\u00f3n Bienal de la Real Sociedad Espa\u00f1ola de Qu\u00edmica 2025 en Bilbao.\" srcset=\"https:\/\/tahecosmetics.com\/professional\/wp-content\/uploads\/2025\/07\/bienal-768x511.jpg 768w, https:\/\/tahecosmetics.com\/professional\/wp-content\/uploads\/2025\/07\/bienal-300x199.jpg 300w, https:\/\/tahecosmetics.com\/professional\/wp-content\/uploads\/2025\/07\/bienal-1024x681.jpg 1024w, https:\/\/tahecosmetics.com\/professional\/wp-content\/uploads\/2025\/07\/bienal-1536x1021.jpg 1536w, https:\/\/tahecosmetics.com\/professional\/wp-content\/uploads\/2025\/07\/bienal-2048x1362.jpg 2048w, https:\/\/tahecosmetics.com\/professional\/wp-content\/uploads\/2025\/07\/bienal-580x386.jpg 580w, https:\/\/tahecosmetics.com\/professional\/wp-content\/uploads\/2025\/07\/bienal-860x572.jpg 860w, https:\/\/tahecosmetics.com\/professional\/wp-content\/uploads\/2025\/07\/bienal-1160x771.jpg 1160w\" sizes=\"(max-width: 768px) 100vw, 768px\" \/><\/div>\n\t\t<\/a>\n\t\t\t\t<div class=\"elementor-post__text\">\n\t\t\t\t<h3 class=\"elementor-post__title\">\n\t\t\t<a href=\"https:\/\/tahecosmetics.com\/professional\/quimica-verde-reunion-bienal-rseq-tahe\/\" >\n\t\t\t\tTahe participa en la Reuni\u00f3n Bienal de Qu\u00edmica para seguir impulsando una innovaci\u00f3n m\u00e1s sostenible\t\t\t<\/a>\n\t\t<\/h3>\n\t\t\t\t<div class=\"elementor-post__excerpt\">\n\t\t\t<p>Tahe ha participado recientemente en la XL Reuni\u00f3n Bienal de la Real Sociedad Espa\u00f1ola de Qu\u00edmica, celebrada en Bilbao, a trav\u00e9s del Grupo Especializado de<\/p>\n\t\t<\/div>\n\t\t\n\t\t<a class=\"elementor-post__read-more\" href=\"https:\/\/tahecosmetics.com\/professional\/quimica-verde-reunion-bienal-rseq-tahe\/\" >\n\t\t\tLeer m\u00e1s \u00bb\t\t<\/a>\n\n\t\t\t\t<\/div>\n\t\t\t\t<\/article>\n\t\t\t\t<article class=\"elementor-post elementor-grid-item post-27403 post type-post status-publish format-standard has-post-thumbnail hentry category-profesionales tag-clientes-tahe tag-entrevista tag-estilista tag-formacion tag-irene-sanchez tag-peluqueria tag-peluqueria-profesional tag-toledo\">\n\t\t\t\t<a class=\"elementor-post__thumbnail__link\" href=\"https:\/\/tahecosmetics.com\/professional\/irene-sanchez-tahe-crecimiento-peluqueria\/\" >\n\t\t\t<div class=\"elementor-post__thumbnail\"><img loading=\"lazy\" decoding=\"async\" width=\"768\" height=\"432\" src=\"https:\/\/tahecosmetics.com\/professional\/wp-content\/uploads\/2025\/05\/irene-sanchez-peluquera-768x432.jpg\" class=\"attachment-medium_large size-medium_large wp-image-27426\" alt=\"\" srcset=\"https:\/\/tahecosmetics.com\/professional\/wp-content\/uploads\/2025\/05\/irene-sanchez-peluquera-768x432.jpg 768w, https:\/\/tahecosmetics.com\/professional\/wp-content\/uploads\/2025\/05\/irene-sanchez-peluquera-300x169.jpg 300w, https:\/\/tahecosmetics.com\/professional\/wp-content\/uploads\/2025\/05\/irene-sanchez-peluquera-1024x576.jpg 1024w, https:\/\/tahecosmetics.com\/professional\/wp-content\/uploads\/2025\/05\/irene-sanchez-peluquera-1536x864.jpg 1536w, https:\/\/tahecosmetics.com\/professional\/wp-content\/uploads\/2025\/05\/irene-sanchez-peluquera-580x326.jpg 580w, https:\/\/tahecosmetics.com\/professional\/wp-content\/uploads\/2025\/05\/irene-sanchez-peluquera-860x484.jpg 860w, https:\/\/tahecosmetics.com\/professional\/wp-content\/uploads\/2025\/05\/irene-sanchez-peluquera-1160x653.jpg 1160w, https:\/\/tahecosmetics.com\/professional\/wp-content\/uploads\/2025\/05\/irene-sanchez-peluquera.jpg 1920w\" sizes=\"(max-width: 768px) 100vw, 768px\" \/><\/div>\n\t\t<\/a>\n\t\t\t\t<div class=\"elementor-post__text\">\n\t\t\t\t<h3 class=\"elementor-post__title\">\n\t\t\t<a href=\"https:\/\/tahecosmetics.com\/professional\/irene-sanchez-tahe-crecimiento-peluqueria\/\" >\n\t\t\t\tIrene S\u00e1nchez: \u201cSer 100% Tahe me ha permitido conocer y controlar mi negocio\u00bb\t\t\t<\/a>\n\t\t<\/h3>\n\t\t\t\t<div class=\"elementor-post__excerpt\">\n\t\t\t<p>Irene S\u00e1nchez, estilista profesional Desde muy joven, Irene S\u00e1nchez supo que su camino estaba en la peluquer\u00eda. Procedente de una familia de profesionales del sector,<\/p>\n\t\t<\/div>\n\t\t\n\t\t<a class=\"elementor-post__read-more\" href=\"https:\/\/tahecosmetics.com\/professional\/irene-sanchez-tahe-crecimiento-peluqueria\/\" >\n\t\t\tLeer m\u00e1s \u00bb\t\t<\/a>\n\n\t\t\t\t<\/div>\n\t\t\t\t<\/article>\n\t\t\t\t<article class=\"elementor-post elementor-grid-item post-26808 post type-post status-publish format-standard has-post-thumbnail hentry category-corporativo category-noticias tag-colaboraciones tag-festival tag-patrocinios tag-tahe tag-warm-up tag-warmup\">\n\t\t\t\t<a class=\"elementor-post__thumbnail__link\" href=\"https:\/\/tahecosmetics.com\/professional\/tahe-warm-up-2025-resumen\/\" >\n\t\t\t<div class=\"elementor-post__thumbnail\"><img loading=\"lazy\" decoding=\"async\" width=\"768\" height=\"512\" src=\"https:\/\/tahecosmetics.com\/professional\/wp-content\/uploads\/2025\/05\/tahe-festival-warm-up-murcia-768x512.jpg\" class=\"attachment-medium_large size-medium_large wp-image-27225\" alt=\"\" srcset=\"https:\/\/tahecosmetics.com\/professional\/wp-content\/uploads\/2025\/05\/tahe-festival-warm-up-murcia-768x512.jpg 768w, https:\/\/tahecosmetics.com\/professional\/wp-content\/uploads\/2025\/05\/tahe-festival-warm-up-murcia-300x200.jpg 300w, https:\/\/tahecosmetics.com\/professional\/wp-content\/uploads\/2025\/05\/tahe-festival-warm-up-murcia-1024x683.jpg 1024w, https:\/\/tahecosmetics.com\/professional\/wp-content\/uploads\/2025\/05\/tahe-festival-warm-up-murcia-1536x1024.jpg 1536w, https:\/\/tahecosmetics.com\/professional\/wp-content\/uploads\/2025\/05\/tahe-festival-warm-up-murcia-2048x1365.jpg 2048w, https:\/\/tahecosmetics.com\/professional\/wp-content\/uploads\/2025\/05\/tahe-festival-warm-up-murcia-580x387.jpg 580w, https:\/\/tahecosmetics.com\/professional\/wp-content\/uploads\/2025\/05\/tahe-festival-warm-up-murcia-860x573.jpg 860w, https:\/\/tahecosmetics.com\/professional\/wp-content\/uploads\/2025\/05\/tahe-festival-warm-up-murcia-1160x773.jpg 1160w\" sizes=\"(max-width: 768px) 100vw, 768px\" \/><\/div>\n\t\t<\/a>\n\t\t\t\t<div class=\"elementor-post__text\">\n\t\t\t\t<h3 class=\"elementor-post__title\">\n\t\t\t<a href=\"https:\/\/tahecosmetics.com\/professional\/tahe-warm-up-2025-resumen\/\" >\n\t\t\t\tTahe brilla en WARM UP con una propuesta que lleva la belleza profesional al coraz\u00f3n del festival\t\t\t<\/a>\n\t\t<\/h3>\n\t\t\t\t<div class=\"elementor-post__excerpt\">\n\t\t\t<p>Con una participaci\u00f3n que combin\u00f3 belleza, entretenimiento y v\u00ednculo emocional con el p\u00fablico, Tahe estren\u00f3 su presencia en el festival WARM UP Estrella de Levante 2025 con una activaci\u00f3n que reuni\u00f3 a m\u00e1s de 1.000 personas. <\/p>\n\t\t<\/div>\n\t\t\n\t\t<a class=\"elementor-post__read-more\" href=\"https:\/\/tahecosmetics.com\/professional\/tahe-warm-up-2025-resumen\/\" >\n\t\t\tLeer m\u00e1s \u00bb\t\t<\/a>\n\n\t\t\t\t<\/div>\n\t\t\t\t<\/article>\n\t\t\t\t<article class=\"elementor-post elementor-grid-item post-26765 post type-post status-publish format-standard has-post-thumbnail hentry category-corporativo category-noticias tag-colaboraciones tag-festival tag-patrocinios tag-tahe tag-warm-up tag-warmup\">\n\t\t\t\t<a class=\"elementor-post__thumbnail__link\" href=\"https:\/\/tahecosmetics.com\/professional\/experiencia-tahe-festival-warm-up-stand\/\" >\n\t\t\t<div class=\"elementor-post__thumbnail\"><img loading=\"lazy\" decoding=\"async\" width=\"768\" height=\"512\" src=\"https:\/\/tahecosmetics.com\/professional\/wp-content\/uploads\/2025\/04\/tahe-festival-warm-up-patrocinio-2025-768x512.png\" class=\"attachment-medium_large size-medium_large wp-image-26777\" alt=\"\" srcset=\"https:\/\/tahecosmetics.com\/professional\/wp-content\/uploads\/2025\/04\/tahe-festival-warm-up-patrocinio-2025-768x512.png 768w, https:\/\/tahecosmetics.com\/professional\/wp-content\/uploads\/2025\/04\/tahe-festival-warm-up-patrocinio-2025-300x200.png 300w, https:\/\/tahecosmetics.com\/professional\/wp-content\/uploads\/2025\/04\/tahe-festival-warm-up-patrocinio-2025-1024x683.png 1024w, https:\/\/tahecosmetics.com\/professional\/wp-content\/uploads\/2025\/04\/tahe-festival-warm-up-patrocinio-2025-580x387.png 580w, https:\/\/tahecosmetics.com\/professional\/wp-content\/uploads\/2025\/04\/tahe-festival-warm-up-patrocinio-2025-860x573.png 860w, https:\/\/tahecosmetics.com\/professional\/wp-content\/uploads\/2025\/04\/tahe-festival-warm-up-patrocinio-2025-1160x773.png 1160w, https:\/\/tahecosmetics.com\/professional\/wp-content\/uploads\/2025\/04\/tahe-festival-warm-up-patrocinio-2025.png 1536w\" sizes=\"(max-width: 768px) 100vw, 768px\" \/><\/div>\n\t\t<\/a>\n\t\t\t\t<div class=\"elementor-post__text\">\n\t\t\t\t<h3 class=\"elementor-post__title\">\n\t\t\t<a href=\"https:\/\/tahecosmetics.com\/professional\/experiencia-tahe-festival-warm-up-stand\/\" >\n\t\t\t\tAs\u00ed viviremos el festival WARM UP Estrella de Levante: entre la tradici\u00f3n local y la proyecci\u00f3n global\t\t\t<\/a>\n\t\t<\/h3>\n\t\t\t\t<div class=\"elementor-post__excerpt\">\n\t\t\t<p>En el marco de nuestra participaci\u00f3n como patrocinador oficial del festival WARM UP Estrella de Levante, Tahe anuncia una activaci\u00f3n experiencial dise\u00f1ada para conectar con<\/p>\n\t\t<\/div>\n\t\t\n\t\t<a class=\"elementor-post__read-more\" href=\"https:\/\/tahecosmetics.com\/professional\/experiencia-tahe-festival-warm-up-stand\/\" >\n\t\t\tLeer m\u00e1s \u00bb\t\t<\/a>\n\n\t\t\t\t<\/div>\n\t\t\t\t<\/article>\n\t\t\t\t<\/div>\n\n\n\t\t\n\t\t\t\t<div class=\"e-load-more-anchor\" data-page=\"1\" data-max-page=\"20\" data-next-page=\"https:\/\/tahecosmetics.com\/professional\/wp-json\/wp\/v2\/pages\/15110\/page\/2\/\"><\/div>\n\t\t\t\t<nav class=\"elementor-pagination\" role=\"navigation\" aria-label=\"Pagination\">\n\t\t\t<span aria-current=\"page\" class=\"page-numbers current\"><span class=\"elementor-screen-only\">Page<\/span>1<\/span>\n<a class=\"page-numbers\" href=\"https:\/\/tahecosmetics.com\/professional\/wp-json\/wp\/v2\/pages\/15110\/page\/2\/\"><span class=\"elementor-screen-only\">Page<\/span>2<\/a>\n<a class=\"page-numbers\" href=\"https:\/\/tahecosmetics.com\/professional\/wp-json\/wp\/v2\/pages\/15110\/page\/3\/\"><span class=\"elementor-screen-only\">Page<\/span>3<\/a>\n<a class=\"page-numbers\" href=\"https:\/\/tahecosmetics.com\/professional\/wp-json\/wp\/v2\/pages\/15110\/page\/4\/\"><span class=\"elementor-screen-only\">Page<\/span>4<\/a>\n<a class=\"page-numbers\" href=\"https:\/\/tahecosmetics.com\/professional\/wp-json\/wp\/v2\/pages\/15110\/page\/5\/\"><span class=\"elementor-screen-only\">Page<\/span>5<\/a>\t\t<\/nav>\n\t\t\t\t\t\t<\/div>\n\t\t\t\t<\/div>\n\t\t\t\t\t<\/div>\n\t\t<\/div>\n\t\t\t\t\t<\/div>\n\t\t<\/section>\n\t\t\t\t<\/div>\n\t\t","protected":false},"excerpt":{"rendered":"","protected":false},"author":3,"featured_media":0,"parent":0,"menu_order":0,"comment_status":"closed","ping_status":"closed","template":"","meta":{"footnotes":""},"class_list":["post-15110","page","type-page","status-publish","hentry"],"yoast_head":"<!-- This site is optimized with the Yoast SEO plugin v27.1.1 - https:\/\/yoast.com\/product\/yoast-seo-wordpress\/ -->\n<title>Actualidad sobre profesionales de peluquer\u00eda y est\u00e9tica | Tahe<\/title>\n<meta name=\"description\" content=\"Descubre toda la actualidad para profesionales del mundo de la peluquer\u00eda y est\u00e9tica. No te pierdas las novedades de la marca Tahe y sus cosm\u00e9ticos.\" \/>\n<meta name=\"robots\" content=\"noindex, follow\" \/>\n<meta property=\"og:locale\" content=\"es_ES\" \/>\n<meta property=\"og:type\" content=\"article\" \/>\n<meta property=\"og:title\" content=\"Actualidad sobre profesionales de peluquer\u00eda y est\u00e9tica | Tahe\" \/>\n<meta property=\"og:description\" content=\"Descubre toda la actualidad para profesionales del mundo de la peluquer\u00eda y est\u00e9tica. No te pierdas las novedades de la marca Tahe y sus cosm\u00e9ticos.\" \/>\n<meta property=\"og:url\" content=\"https:\/\/tahecosmetics.com\/professional\/actualidad\/\" \/>\n<meta property=\"og:site_name\" content=\"Tahe Profesional\" \/>\n<meta property=\"article:modified_time\" content=\"2024-03-04T11:05:47+00:00\" \/>\n<meta property=\"og:image\" content=\"https:\/\/tahecosmetics.com\/professional\/wp-content\/uploads\/2021\/06\/tahe-logo-dark.png\" \/>\n\t<meta property=\"og:image:width\" content=\"800\" \/>\n\t<meta property=\"og:image:height\" content=\"359\" \/>\n\t<meta property=\"og:image:type\" content=\"image\/png\" \/>\n<meta name=\"twitter:card\" content=\"summary_large_image\" \/>\n<script type=\"application\/ld+json\" class=\"yoast-schema-graph\">{\"@context\":\"https:\/\/schema.org\",\"@graph\":[{\"@type\":\"WebPage\",\"@id\":\"https:\/\/tahecosmetics.com\/professional\/actualidad\/\",\"url\":\"https:\/\/tahecosmetics.com\/professional\/actualidad\/\",\"name\":\"Actualidad sobre profesionales de peluquer\u00eda y est\u00e9tica | Tahe\",\"isPartOf\":{\"@id\":\"https:\/\/tahecosmetics.com\/professional\/#website\"},\"datePublished\":\"2021-11-17T08:29:08+00:00\",\"dateModified\":\"2024-03-04T11:05:47+00:00\",\"description\":\"Descubre toda la actualidad para profesionales del mundo de la peluquer\u00eda y est\u00e9tica. No te pierdas las novedades de la marca Tahe y sus cosm\u00e9ticos.\",\"breadcrumb\":{\"@id\":\"https:\/\/tahecosmetics.com\/professional\/actualidad\/#breadcrumb\"},\"inLanguage\":\"es\",\"potentialAction\":[{\"@type\":\"ReadAction\",\"target\":[\"https:\/\/tahecosmetics.com\/professional\/actualidad\/\"]}]},{\"@type\":\"BreadcrumbList\",\"@id\":\"https:\/\/tahecosmetics.com\/professional\/actualidad\/#breadcrumb\",\"itemListElement\":[{\"@type\":\"ListItem\",\"position\":1,\"name\":\"Home\",\"item\":\"https:\/\/tahecosmetics.com\/professional\/\"},{\"@type\":\"ListItem\",\"position\":2,\"name\":\"Actualidad\"}]},{\"@type\":\"WebSite\",\"@id\":\"https:\/\/tahecosmetics.com\/professional\/#website\",\"url\":\"https:\/\/tahecosmetics.com\/professional\/\",\"name\":\"Tahe Profesional\",\"description\":\"Productos Cosm\u00e9ticos para Profesionales\",\"publisher\":{\"@id\":\"https:\/\/tahecosmetics.com\/professional\/#organization\"},\"alternateName\":\"Tahe Profesional\",\"potentialAction\":[{\"@type\":\"SearchAction\",\"target\":{\"@type\":\"EntryPoint\",\"urlTemplate\":\"https:\/\/tahecosmetics.com\/professional\/?s={search_term_string}\"},\"query-input\":{\"@type\":\"PropertyValueSpecification\",\"valueRequired\":true,\"valueName\":\"search_term_string\"}}],\"inLanguage\":\"es\"},{\"@type\":\"Organization\",\"@id\":\"https:\/\/tahecosmetics.com\/professional\/#organization\",\"name\":\"Tahe Productos Cosm\u00e9ticos, S.L.\",\"url\":\"https:\/\/tahecosmetics.com\/professional\/\",\"logo\":{\"@type\":\"ImageObject\",\"inLanguage\":\"es\",\"@id\":\"https:\/\/tahecosmetics.com\/professional\/#\/schema\/logo\/image\/\",\"url\":\"https:\/\/tahecosmetics.com\/professional\/wp-content\/uploads\/2021\/06\/tahe-logo-dark.png\",\"contentUrl\":\"https:\/\/tahecosmetics.com\/professional\/wp-content\/uploads\/2021\/06\/tahe-logo-dark.png\",\"width\":800,\"height\":359,\"caption\":\"Tahe Productos Cosm\u00e9ticos, S.L.\"},\"image\":{\"@id\":\"https:\/\/tahecosmetics.com\/professional\/#\/schema\/logo\/image\/\"}}]}<\/script>\n<!-- \/ Yoast SEO plugin. -->","yoast_head_json":{"title":"Actualidad sobre profesionales de peluquer\u00eda y est\u00e9tica | Tahe","description":"Descubre toda la actualidad para profesionales del mundo de la peluquer\u00eda y est\u00e9tica. No te pierdas las novedades de la marca Tahe y sus cosm\u00e9ticos.","robots":{"index":"noindex","follow":"follow"},"og_locale":"es_ES","og_type":"article","og_title":"Actualidad sobre profesionales de peluquer\u00eda y est\u00e9tica | Tahe","og_description":"Descubre toda la actualidad para profesionales del mundo de la peluquer\u00eda y est\u00e9tica. No te pierdas las novedades de la marca Tahe y sus cosm\u00e9ticos.","og_url":"https:\/\/tahecosmetics.com\/professional\/actualidad\/","og_site_name":"Tahe Profesional","article_modified_time":"2024-03-04T11:05:47+00:00","og_image":[{"width":800,"height":359,"url":"https:\/\/tahecosmetics.com\/professional\/wp-content\/uploads\/2021\/06\/tahe-logo-dark.png","type":"image\/png"}],"twitter_card":"summary_large_image","schema":{"@context":"https:\/\/schema.org","@graph":[{"@type":"WebPage","@id":"https:\/\/tahecosmetics.com\/professional\/actualidad\/","url":"https:\/\/tahecosmetics.com\/professional\/actualidad\/","name":"Actualidad sobre profesionales de peluquer\u00eda y est\u00e9tica | Tahe","isPartOf":{"@id":"https:\/\/tahecosmetics.com\/professional\/#website"},"datePublished":"2021-11-17T08:29:08+00:00","dateModified":"2024-03-04T11:05:47+00:00","description":"Descubre toda la actualidad para profesionales del mundo de la peluquer\u00eda y est\u00e9tica. No te pierdas las novedades de la marca Tahe y sus cosm\u00e9ticos.","breadcrumb":{"@id":"https:\/\/tahecosmetics.com\/professional\/actualidad\/#breadcrumb"},"inLanguage":"es","potentialAction":[{"@type":"ReadAction","target":["https:\/\/tahecosmetics.com\/professional\/actualidad\/"]}]},{"@type":"BreadcrumbList","@id":"https:\/\/tahecosmetics.com\/professional\/actualidad\/#breadcrumb","itemListElement":[{"@type":"ListItem","position":1,"name":"Home","item":"https:\/\/tahecosmetics.com\/professional\/"},{"@type":"ListItem","position":2,"name":"Actualidad"}]},{"@type":"WebSite","@id":"https:\/\/tahecosmetics.com\/professional\/#website","url":"https:\/\/tahecosmetics.com\/professional\/","name":"Tahe Profesional","description":"Productos Cosm\u00e9ticos para Profesionales","publisher":{"@id":"https:\/\/tahecosmetics.com\/professional\/#organization"},"alternateName":"Tahe Profesional","potentialAction":[{"@type":"SearchAction","target":{"@type":"EntryPoint","urlTemplate":"https:\/\/tahecosmetics.com\/professional\/?s={search_term_string}"},"query-input":{"@type":"PropertyValueSpecification","valueRequired":true,"valueName":"search_term_string"}}],"inLanguage":"es"},{"@type":"Organization","@id":"https:\/\/tahecosmetics.com\/professional\/#organization","name":"Tahe Productos Cosm\u00e9ticos, S.L.","url":"https:\/\/tahecosmetics.com\/professional\/","logo":{"@type":"ImageObject","inLanguage":"es","@id":"https:\/\/tahecosmetics.com\/professional\/#\/schema\/logo\/image\/","url":"https:\/\/tahecosmetics.com\/professional\/wp-content\/uploads\/2021\/06\/tahe-logo-dark.png","contentUrl":"https:\/\/tahecosmetics.com\/professional\/wp-content\/uploads\/2021\/06\/tahe-logo-dark.png","width":800,"height":359,"caption":"Tahe Productos Cosm\u00e9ticos, S.L."},"image":{"@id":"https:\/\/tahecosmetics.com\/professional\/#\/schema\/logo\/image\/"}}]}},"acf":[],"_links":{"self":[{"href":"https:\/\/tahecosmetics.com\/professional\/wp-json\/wp\/v2\/pages\/15110","targetHints":{"allow":["GET"]}}],"collection":[{"href":"https:\/\/tahecosmetics.com\/professional\/wp-json\/wp\/v2\/pages"}],"about":[{"href":"https:\/\/tahecosmetics.com\/professional\/wp-json\/wp\/v2\/types\/page"}],"author":[{"embeddable":true,"href":"https:\/\/tahecosmetics.com\/professional\/wp-json\/wp\/v2\/users\/3"}],"replies":[{"embeddable":true,"href":"https:\/\/tahecosmetics.com\/professional\/wp-json\/wp\/v2\/comments?post=15110"}],"version-history":[{"count":0,"href":"https:\/\/tahecosmetics.com\/professional\/wp-json\/wp\/v2\/pages\/15110\/revisions"}],"wp:attachment":[{"href":"https:\/\/tahecosmetics.com\/professional\/wp-json\/wp\/v2\/media?parent=15110"}],"curies":[{"name":"wp","href":"https:\/\/api.w.org\/{rel}","templated":true}]}}