{"id":2004,"date":"2021-06-17T09:25:30","date_gmt":"2021-06-17T09:25:30","guid":{"rendered":"https:\/\/tahecosmetics.com\/trends\/?page_id=2004"},"modified":"2021-06-17T09:31:30","modified_gmt":"2021-06-17T09:31:30","slug":"politica-de-calidad-y-medioambiente","status":"publish","type":"page","link":"https:\/\/tahecosmetics.com\/trends\/politica-de-calidad-y-medioambiente\/","title":{"rendered":"Pol\u00edtica de Calidad y Medioambiente"},"content":{"rendered":"\n<h1 class=\"wp-block-heading\">Pol\u00edtica de Calidad y Medioambiente<\/h1>\n\n\n\n<figure class=\"wp-block-image size-large\"><img decoding=\"async\" width=\"800\" height=\"274\" src=\"https:\/\/tahecosmetics.com\/trends\/wp-content\/uploads\/2021\/06\/tahecalidadmedioambiente.jpg\" alt=\"\" class=\"wp-image-2015\" srcset=\"https:\/\/tahecosmetics.com\/trends\/wp-content\/uploads\/2021\/06\/tahecalidadmedioambiente.jpg 800w, https:\/\/tahecosmetics.com\/trends\/wp-content\/uploads\/2021\/06\/tahecalidadmedioambiente-300x103.jpg 300w, https:\/\/tahecosmetics.com\/trends\/wp-content\/uploads\/2021\/06\/tahecalidadmedioambiente-768x263.jpg 768w, https:\/\/tahecosmetics.com\/trends\/wp-content\/uploads\/2021\/06\/tahecalidadmedioambiente-580x199.jpg 580w\" sizes=\"(max-width: 800px) 100vw, 800px\" \/><\/figure>\n\n\n\n<p>La Direcci\u00f3n de TAHE PRODUCTOS COSM\u00c9TICOS, S.L. en adelante \u2013&nbsp;<strong>TAHE<\/strong>&nbsp;\u2013 proclama la siguiente declaraci\u00f3n de \u201cPol\u00edtica de la Calidad y Medioambiente\u201d y se compromete a difundirla, hacerla cumplir y vigilar su cumplimiento en toda la empresa.&nbsp;<\/p>\n\n\n\n<p>El Alcance es el Dise\u00f1o, fabricaci\u00f3n, envasado y distribuci\u00f3n de productos cosm\u00e9ticos y peluquer\u00eda:<\/p>\n\n\n\n<ul class=\"wp-block-list\"><li><strong>TAHE<\/strong>&nbsp;sit\u00faa la calidad de sus servicios por encima de todo lo dem\u00e1s, porque la lealtad y satisfacci\u00f3n del cliente constituyen nuestra mayor preocupaci\u00f3n. Calidad significa satisfacer las necesidades y expectativas razonables de los clientes la primera y todas las veces, y reconocemos que los clientes existen dentro de la empresa y fuera de ella.<\/li><li><strong>TAHE<\/strong>, se compromete a operar, siempre, bajo el estricto cumplimiento de la legislaci\u00f3n vigente (local, auton\u00f3mica, estatal, comunitaria e internacional) que le sea de aplicaci\u00f3n, as\u00ed como el cumplimiento de otros requisitos establecidos voluntariamente por TAHE para proteger al Medioambiente.<\/li><li><strong>TAHE<\/strong>&nbsp;atender\u00e1 a las necesidades de sus clientes, tratando de clarificar y de hacer realistas y operativos los requisitos especificados de los productos, buscando los mejores resultados mediante una estrecha colaboraci\u00f3n con los clientes y dem\u00e1s partes interesadas dentro del contexto de la Organizaci\u00f3n.<\/li><li><strong>TAHE<\/strong>&nbsp;tendr\u00e1 disponibles los recursos humanos y materiales necesarios para garantizar la calidad de sus servicios.<\/li><li><strong>TAHE<\/strong>, define las responsabilidades dentro de la Organizaci\u00f3n de manera que permitan conseguir los objetivos Medioambientales y de la Calidad establecidos, as\u00ed como disponer de los recursos t\u00e9cnicos adecuados para el desarrollo del Sistema de Gesti\u00f3n y Desempe\u00f1o Ambiental.<\/li><li><strong>TAHE<\/strong>&nbsp;mantendr\u00e1 actualizado su programa de formaci\u00f3n y entrenamiento de su personal, con recursos propios o externos, tanto para mejorar los conocimientos y habilidades en el entorno de su puesto de trabajo como para alcanzar un mayor conocimiento t\u00e9cnico y de la calidad y lograr una mayor sensibilizaci\u00f3n y motivaci\u00f3n sobre la protecci\u00f3n ambiental, comprometi\u00e9ndose pues a disponer del personal adecuado para as\u00ed cumplir con los requisitos de nuestros productos y servicios, y asegur\u00e1ndose que todos los trabajadores sean conscientes de la incidencia de su trabajo en el Medioambiente.<\/li><li><strong>TAHE<\/strong>&nbsp;motiva la participaci\u00f3n creativa, de todo el personal de la organizaci\u00f3n, en el desarrollo y mejora del Sistema de Gesti\u00f3n y Desempe\u00f1o Ambiental.<\/li><li><strong>TAHE<\/strong>&nbsp;se esforzar\u00e1 continuamente por mejorar sus procesos de producci\u00f3n y control, recogidos, todos ellos, en procedimientos, realizando un uso sostenible de los recursos naturales, materias primas y energ\u00eda.<\/li><li><strong>TAHE<\/strong>&nbsp;proteger\u00e1 al Medioambiente y trabajar\u00e1 por prevenir la contaminaci\u00f3n mediante la aplicaci\u00f3n de medidas organizativas y tecnol\u00f3gicas que sean adecuadas y viables, dentro del marco de su competencia y de sus recursos.<\/li><li><strong>TAHE<\/strong>&nbsp;seleccionar\u00e1 aquellos proveedores que nos garanticen un producto o servicio de calidad y respetuoso con el Medioambiente.<\/li><li><strong>TAHE<\/strong>, velar\u00e1 por el cumplimento de las buenas pr\u00e1cticas medioambientales por parte de sus empleados, suministradores, subcontratistas y visitas en general, para prevenir incidencias sobre el&nbsp;Medioambiente.<\/li><li><strong>TAHE<\/strong>&nbsp;atender\u00e1 y responder\u00e1 a todas las sugerencias y reclamaciones formuladas por sus clientes, que, previamente, habr\u00e1n sido analizadas.<\/li><li><strong>TAHE<\/strong>&nbsp;establecer\u00e1 cuantas acciones correctivas sean oportunas para evitar la repetici\u00f3n de no conformidades, estimulando cualquier acci\u00f3n encaminada a la mejora continua de su sistema de gesti\u00f3n.<\/li><li><strong>TAHE<\/strong>, promueve un enfoque a procesos, basado en el an\u00e1lisis de riesgos y oportunidades.<\/li><li><strong>TAHE<\/strong>&nbsp;promueve la transmisi\u00f3n del conocimiento a los empleados basados en la experiencia de nuestra organizaci\u00f3n aprendiendo de errores y \u00e9xitos del pasado.<\/li><li><strong>TAHE<\/strong>&nbsp;facilitar\u00e1 la transparencia e informaci\u00f3n sobre su comportamiento medioambiental.<\/li><li><strong>TAHE<\/strong>&nbsp;establece anualmente los objetivos necesarios para la consecuci\u00f3n de esta Pol\u00edtica, y se compromete, dirige y apoya a quienes contribuyen a la eficacia del Sistema de Gesti\u00f3n y Desempe\u00f1o Ambiental. Adem\u00e1s revisar\u00e1 peri\u00f3dicamente dichos objetivos y metas, dentro del proceso de mejora continua.<\/li><\/ul>\n\n\n\n<p>Por tanto, cuento con el apoyo de todo el personal, para mantener y desarrollar el sistema de gesti\u00f3n establecido, que se ir\u00e1 mejorando continuamente y que deber\u00e1 garantizar el riguroso cumplimiento de las normativas UNE-EN-ISO 22716:2007 cuyas directrices est\u00e1n destinadas a proporcionar una gu\u00eda de buenas pr\u00e1cticas de fabricaci\u00f3n en productos cosm\u00e9ticos, ISO 9001:2015, norma que se concentra en el aumento de la satisfacci\u00f3n del cliente y en la capacidad de proveer productos y servicios que cumplan con las exigencias internas y externas de la Organizaci\u00f3n e ISO 14001:2015, norma que establece un marco con el que proteger el Medioambiente y responder a las condiciones ambientales cambiantes, siempre guardando el equilibrio con las necesidades socioecon\u00f3micas.<\/p>\n\n\n\n<p>Fdo. Mariano Maga\u00f1a, Director General<\/p>\n\n\n\n<div class=\"wp-block-columns is-layout-flex wp-container-core-columns-is-layout-1 wp-block-columns-is-layout-flex\">\n<div class=\"wp-block-column is-layout-flow wp-block-column-is-layout-flow\"><\/div>\n\n\n\n<div class=\"wp-block-column is-layout-flow wp-block-column-is-layout-flow\">\n<figure class=\"wp-block-image size-large\"><img decoding=\"async\" width=\"1024\" height=\"999\" src=\"https:\/\/tahecosmetics.com\/trends\/wp-content\/uploads\/2021\/06\/SGS-ISO-14001-COLOR-1024x999.png\" alt=\"\" class=\"wp-image-2012\" srcset=\"https:\/\/tahecosmetics.com\/trends\/wp-content\/uploads\/2021\/06\/SGS-ISO-14001-COLOR-1024x999.png 1024w, https:\/\/tahecosmetics.com\/trends\/wp-content\/uploads\/2021\/06\/SGS-ISO-14001-COLOR-300x293.png 300w, https:\/\/tahecosmetics.com\/trends\/wp-content\/uploads\/2021\/06\/SGS-ISO-14001-COLOR-768x750.png 768w, https:\/\/tahecosmetics.com\/trends\/wp-content\/uploads\/2021\/06\/SGS-ISO-14001-COLOR-1536x1499.png 1536w, https:\/\/tahecosmetics.com\/trends\/wp-content\/uploads\/2021\/06\/SGS-ISO-14001-COLOR-2048x1999.png 2048w, https:\/\/tahecosmetics.com\/trends\/wp-content\/uploads\/2021\/06\/SGS-ISO-14001-COLOR-580x566.png 580w, https:\/\/tahecosmetics.com\/trends\/wp-content\/uploads\/2021\/06\/SGS-ISO-14001-COLOR-860x839.png 860w, https:\/\/tahecosmetics.com\/trends\/wp-content\/uploads\/2021\/06\/SGS-ISO-14001-COLOR-1160x1132.png 1160w\" sizes=\"(max-width: 1024px) 100vw, 1024px\" \/><\/figure>\n<\/div>\n\n\n\n<div class=\"wp-block-column is-layout-flow wp-block-column-is-layout-flow\"><\/div>\n\n\n\n<div class=\"wp-block-column is-layout-flow wp-block-column-is-layout-flow\">\n<figure class=\"wp-block-image size-large\"><img decoding=\"async\" width=\"1024\" height=\"1001\" src=\"https:\/\/tahecosmetics.com\/trends\/wp-content\/uploads\/2021\/06\/SGS-ISO-9001-COLOR-1024x1001.png\" alt=\"\" class=\"wp-image-2011\" srcset=\"https:\/\/tahecosmetics.com\/trends\/wp-content\/uploads\/2021\/06\/SGS-ISO-9001-COLOR-1024x1001.png 1024w, https:\/\/tahecosmetics.com\/trends\/wp-content\/uploads\/2021\/06\/SGS-ISO-9001-COLOR-300x293.png 300w, https:\/\/tahecosmetics.com\/trends\/wp-content\/uploads\/2021\/06\/SGS-ISO-9001-COLOR-768x750.png 768w, https:\/\/tahecosmetics.com\/trends\/wp-content\/uploads\/2021\/06\/SGS-ISO-9001-COLOR-1536x1501.png 1536w, https:\/\/tahecosmetics.com\/trends\/wp-content\/uploads\/2021\/06\/SGS-ISO-9001-COLOR-2048x2001.png 2048w, https:\/\/tahecosmetics.com\/trends\/wp-content\/uploads\/2021\/06\/SGS-ISO-9001-COLOR-580x567.png 580w, https:\/\/tahecosmetics.com\/trends\/wp-content\/uploads\/2021\/06\/SGS-ISO-9001-COLOR-860x840.png 860w, https:\/\/tahecosmetics.com\/trends\/wp-content\/uploads\/2021\/06\/SGS-ISO-9001-COLOR-1160x1133.png 1160w\" sizes=\"(max-width: 1024px) 100vw, 1024px\" \/><\/figure>\n<\/div>\n\n\n\n<div class=\"wp-block-column is-layout-flow wp-block-column-is-layout-flow\"><\/div>\n\n\n\n<div class=\"wp-block-column is-layout-flow wp-block-column-is-layout-flow\">\n<figure class=\"wp-block-image size-large\"><img decoding=\"async\" width=\"641\" height=\"625\" src=\"https:\/\/tahecosmetics.com\/trends\/wp-content\/uploads\/2021\/06\/SGS_GMP_TCL.png\" alt=\"\" class=\"wp-image-2013\" srcset=\"https:\/\/tahecosmetics.com\/trends\/wp-content\/uploads\/2021\/06\/SGS_GMP_TCL.png 641w, https:\/\/tahecosmetics.com\/trends\/wp-content\/uploads\/2021\/06\/SGS_GMP_TCL-300x293.png 300w, https:\/\/tahecosmetics.com\/trends\/wp-content\/uploads\/2021\/06\/SGS_GMP_TCL-580x566.png 580w\" sizes=\"(max-width: 641px) 100vw, 641px\" \/><\/figure>\n<\/div>\n\n\n\n<div class=\"wp-block-column is-layout-flow wp-block-column-is-layout-flow\"><\/div>\n<\/div>\n<div style='text-align:left' class='yasr-auto-insert-visitor'><\/div>","protected":false},"excerpt":{"rendered":"<p>Pol\u00edtica de Calidad y Medioambiente La Direcci\u00f3n de TAHE PRODUCTOS COSM\u00c9TICOS, S.L. en adelante \u2013&nbsp;TAHE&nbsp;\u2013 proclama la siguiente declaraci\u00f3n de \u201cPol\u00edtica de la Calidad y Medioambiente\u201d y se compromete a difundirla, hacerla cumplir y vigilar su cumplimiento en toda la empresa.&nbsp; El Alcance es el Dise\u00f1o, fabricaci\u00f3n, envasado y distribuci\u00f3n de productos cosm\u00e9ticos y peluquer\u00eda:&#8230;<\/p>\n","protected":false},"author":9,"featured_media":0,"parent":0,"menu_order":0,"comment_status":"closed","ping_status":"closed","template":"","meta":{"yasr_overall_rating":0,"yasr_post_is_review":"","yasr_auto_insert_disabled":"","yasr_review_type":"","footnotes":""},"class_list":["post-2004","page","type-page","status-publish","hentry"],"yoast_head":"<!-- This site is optimized with the Yoast SEO plugin v24.7 - https:\/\/yoast.com\/wordpress\/plugins\/seo\/ -->\n<title>Pol\u00edtica de Calidad y Medioambiente | Blog de Tahe<\/title>\n<meta name=\"robots\" content=\"index, follow, max-snippet:-1, max-image-preview:large, max-video-preview:-1\" \/>\n<link rel=\"canonical\" href=\"https:\/\/tahecosmetics.com\/trends\/politica-de-calidad-y-medioambiente\/\" \/>\n<meta property=\"og:locale\" content=\"es_ES\" \/>\n<meta property=\"og:type\" content=\"article\" \/>\n<meta property=\"og:title\" content=\"Pol\u00edtica de Calidad y Medioambiente | Blog de Tahe\" \/>\n<meta property=\"og:description\" content=\"Pol\u00edtica de Calidad y Medioambiente La Direcci\u00f3n de TAHE PRODUCTOS COSM\u00c9TICOS, S.L. en adelante \u2013&nbsp;TAHE&nbsp;\u2013 proclama la siguiente declaraci\u00f3n de \u201cPol\u00edtica de la Calidad y Medioambiente\u201d y se compromete a difundirla, hacerla cumplir y vigilar su cumplimiento en toda la empresa.&nbsp; El Alcance es el Dise\u00f1o, fabricaci\u00f3n, envasado y distribuci\u00f3n de productos cosm\u00e9ticos y peluquer\u00eda:...\" \/>\n<meta property=\"og:url\" content=\"https:\/\/tahecosmetics.com\/trends\/politica-de-calidad-y-medioambiente\/\" \/>\n<meta property=\"og:site_name\" content=\"Blog de Tahe\" \/>\n<meta property=\"article:publisher\" content=\"https:\/\/www.facebook.com\/Tahe.Oficial\" \/>\n<meta property=\"article:modified_time\" content=\"2021-06-17T09:31:30+00:00\" \/>\n<meta property=\"og:image\" content=\"https:\/\/tahecosmetics.com\/trends\/wp-content\/uploads\/2021\/06\/tahecalidadmedioambiente.jpg\" \/>\n<meta name=\"twitter:card\" content=\"summary_large_image\" \/>\n<meta name=\"twitter:site\" content=\"@taheoficial\" \/>\n<meta name=\"twitter:label1\" content=\"Tiempo de lectura\" \/>\n\t<meta name=\"twitter:data1\" content=\"4 minutos\" \/>\n<script type=\"application\/ld+json\" class=\"yoast-schema-graph\">{\"@context\":\"https:\/\/schema.org\",\"@graph\":[{\"@type\":[\"Article\",\"BlogPosting\"],\"@id\":\"https:\/\/tahecosmetics.com\/trends\/politica-de-calidad-y-medioambiente\/#article\",\"isPartOf\":{\"@id\":\"https:\/\/tahecosmetics.com\/trends\/politica-de-calidad-y-medioambiente\/\"},\"author\":{\"name\":\"Tahe\",\"@id\":\"https:\/\/tahecosmetics.com\/trends\/#\/schema\/person\/22a38bfbeee9e0b7481f273aac33fad4\"},\"headline\":\"Pol\u00edtica de Calidad y Medioambiente\",\"datePublished\":\"2021-06-17T09:25:30+00:00\",\"dateModified\":\"2021-06-17T09:31:30+00:00\",\"mainEntityOfPage\":{\"@id\":\"https:\/\/tahecosmetics.com\/trends\/politica-de-calidad-y-medioambiente\/\"},\"wordCount\":812,\"publisher\":{\"@id\":\"https:\/\/tahecosmetics.com\/trends\/#organization\"},\"image\":{\"@id\":\"https:\/\/tahecosmetics.com\/trends\/politica-de-calidad-y-medioambiente\/#primaryimage\"},\"thumbnailUrl\":\"https:\/\/tahecosmetics.com\/trends\/wp-content\/uploads\/2021\/06\/tahecalidadmedioambiente.jpg\",\"inLanguage\":\"es\"},{\"@type\":\"WebPage\",\"@id\":\"https:\/\/tahecosmetics.com\/trends\/politica-de-calidad-y-medioambiente\/\",\"url\":\"https:\/\/tahecosmetics.com\/trends\/politica-de-calidad-y-medioambiente\/\",\"name\":\"Pol\u00edtica de Calidad y Medioambiente | Blog de Tahe\",\"isPartOf\":{\"@id\":\"https:\/\/tahecosmetics.com\/trends\/#website\"},\"primaryImageOfPage\":{\"@id\":\"https:\/\/tahecosmetics.com\/trends\/politica-de-calidad-y-medioambiente\/#primaryimage\"},\"image\":{\"@id\":\"https:\/\/tahecosmetics.com\/trends\/politica-de-calidad-y-medioambiente\/#primaryimage\"},\"thumbnailUrl\":\"https:\/\/tahecosmetics.com\/trends\/wp-content\/uploads\/2021\/06\/tahecalidadmedioambiente.jpg\",\"datePublished\":\"2021-06-17T09:25:30+00:00\",\"dateModified\":\"2021-06-17T09:31:30+00:00\",\"breadcrumb\":{\"@id\":\"https:\/\/tahecosmetics.com\/trends\/politica-de-calidad-y-medioambiente\/#breadcrumb\"},\"inLanguage\":\"es\",\"potentialAction\":[{\"@type\":\"ReadAction\",\"target\":[\"https:\/\/tahecosmetics.com\/trends\/politica-de-calidad-y-medioambiente\/\"]}]},{\"@type\":\"ImageObject\",\"inLanguage\":\"es\",\"@id\":\"https:\/\/tahecosmetics.com\/trends\/politica-de-calidad-y-medioambiente\/#primaryimage\",\"url\":\"https:\/\/tahecosmetics.com\/trends\/wp-content\/uploads\/2021\/06\/tahecalidadmedioambiente.jpg\",\"contentUrl\":\"https:\/\/tahecosmetics.com\/trends\/wp-content\/uploads\/2021\/06\/tahecalidadmedioambiente.jpg\",\"width\":800,\"height\":274,\"caption\":\"Tahe calidad y medioambiente\"},{\"@type\":\"BreadcrumbList\",\"@id\":\"https:\/\/tahecosmetics.com\/trends\/politica-de-calidad-y-medioambiente\/#breadcrumb\",\"itemListElement\":[{\"@type\":\"ListItem\",\"position\":1,\"name\":\"Home\",\"item\":\"https:\/\/tahecosmetics.com\/trends\/\"},{\"@type\":\"ListItem\",\"position\":2,\"name\":\"Pol\u00edtica de Calidad y Medioambiente\"}]},{\"@type\":\"WebSite\",\"@id\":\"https:\/\/tahecosmetics.com\/trends\/#website\",\"url\":\"https:\/\/tahecosmetics.com\/trends\/\",\"name\":\"Blog de Tahe\",\"description\":\"Blog de Tahe Productos Cosm\u00e9ticos\",\"publisher\":{\"@id\":\"https:\/\/tahecosmetics.com\/trends\/#organization\"},\"alternateName\":\"Blog de Tahe\",\"potentialAction\":[{\"@type\":\"SearchAction\",\"target\":{\"@type\":\"EntryPoint\",\"urlTemplate\":\"https:\/\/tahecosmetics.com\/trends\/?s={search_term_string}\"},\"query-input\":{\"@type\":\"PropertyValueSpecification\",\"valueRequired\":true,\"valueName\":\"search_term_string\"}}],\"inLanguage\":\"es\"},{\"@type\":\"Organization\",\"@id\":\"https:\/\/tahecosmetics.com\/trends\/#organization\",\"name\":\"Tahe Productos Cosm\u00e9ticos, S.L.\",\"url\":\"https:\/\/tahecosmetics.com\/trends\/\",\"logo\":{\"@type\":\"ImageObject\",\"inLanguage\":\"es\",\"@id\":\"https:\/\/tahecosmetics.com\/trends\/#\/schema\/logo\/image\/\",\"url\":\"https:\/\/tahecosmetics.com\/trends\/wp-content\/uploads\/2023\/09\/tahe-logo-dark.webp\",\"contentUrl\":\"https:\/\/tahecosmetics.com\/trends\/wp-content\/uploads\/2023\/09\/tahe-logo-dark.webp\",\"width\":400,\"height\":400,\"caption\":\"Tahe Productos Cosm\u00e9ticos, S.L.\"},\"image\":{\"@id\":\"https:\/\/tahecosmetics.com\/trends\/#\/schema\/logo\/image\/\"},\"sameAs\":[\"https:\/\/www.facebook.com\/Tahe.Oficial\",\"https:\/\/x.com\/taheoficial\",\"https:\/\/www.instagram.com\/taheoficial\/\",\"https:\/\/www.youtube.com\/taheoficial\",\"https:\/\/www.linkedin.com\/company\/taheoficial\/\"]},{\"@type\":\"Person\",\"@id\":\"https:\/\/tahecosmetics.com\/trends\/#\/schema\/person\/22a38bfbeee9e0b7481f273aac33fad4\",\"name\":\"Tahe\",\"image\":{\"@type\":\"ImageObject\",\"inLanguage\":\"es\",\"@id\":\"https:\/\/tahecosmetics.com\/trends\/#\/schema\/person\/image\/\",\"url\":\"https:\/\/tahecosmetics.com\/trends\/wp-content\/uploads\/2023\/09\/tahe-logo-dark-150x150.webp\",\"contentUrl\":\"https:\/\/tahecosmetics.com\/trends\/wp-content\/uploads\/2023\/09\/tahe-logo-dark-150x150.webp\",\"caption\":\"Tahe\"},\"sameAs\":[\"https:\/\/tahecosmetics.com\/trends\/\"],\"url\":\"https:\/\/tahecosmetics.com\/trends\/author\/informatica\/\"},false]}<\/script>\n<!-- \/ Yoast SEO plugin. -->","yoast_head_json":{"title":"Pol\u00edtica de Calidad y Medioambiente | Blog de Tahe","robots":{"index":"index","follow":"follow","max-snippet":"max-snippet:-1","max-image-preview":"max-image-preview:large","max-video-preview":"max-video-preview:-1"},"canonical":"https:\/\/tahecosmetics.com\/trends\/politica-de-calidad-y-medioambiente\/","og_locale":"es_ES","og_type":"article","og_title":"Pol\u00edtica de Calidad y Medioambiente | Blog de Tahe","og_description":"Pol\u00edtica de Calidad y Medioambiente La Direcci\u00f3n de TAHE PRODUCTOS COSM\u00c9TICOS, S.L. en adelante \u2013&nbsp;TAHE&nbsp;\u2013 proclama la siguiente declaraci\u00f3n de \u201cPol\u00edtica de la Calidad y Medioambiente\u201d y se compromete a difundirla, hacerla cumplir y vigilar su cumplimiento en toda la empresa.&nbsp; El Alcance es el Dise\u00f1o, fabricaci\u00f3n, envasado y distribuci\u00f3n de productos cosm\u00e9ticos y peluquer\u00eda:...","og_url":"https:\/\/tahecosmetics.com\/trends\/politica-de-calidad-y-medioambiente\/","og_site_name":"Blog de Tahe","article_publisher":"https:\/\/www.facebook.com\/Tahe.Oficial","article_modified_time":"2021-06-17T09:31:30+00:00","og_image":[{"url":"https:\/\/tahecosmetics.com\/trends\/wp-content\/uploads\/2021\/06\/tahecalidadmedioambiente.jpg","type":"","width":"","height":""}],"twitter_card":"summary_large_image","twitter_site":"@taheoficial","twitter_misc":{"Tiempo de lectura":"4 minutos"},"schema":{"@context":"https:\/\/schema.org","@graph":[{"@type":["Article","BlogPosting"],"@id":"https:\/\/tahecosmetics.com\/trends\/politica-de-calidad-y-medioambiente\/#article","isPartOf":{"@id":"https:\/\/tahecosmetics.com\/trends\/politica-de-calidad-y-medioambiente\/"},"author":{"name":"Tahe","@id":"https:\/\/tahecosmetics.com\/trends\/#\/schema\/person\/22a38bfbeee9e0b7481f273aac33fad4"},"headline":"Pol\u00edtica de Calidad y Medioambiente","datePublished":"2021-06-17T09:25:30+00:00","dateModified":"2021-06-17T09:31:30+00:00","mainEntityOfPage":{"@id":"https:\/\/tahecosmetics.com\/trends\/politica-de-calidad-y-medioambiente\/"},"wordCount":812,"publisher":{"@id":"https:\/\/tahecosmetics.com\/trends\/#organization"},"image":{"@id":"https:\/\/tahecosmetics.com\/trends\/politica-de-calidad-y-medioambiente\/#primaryimage"},"thumbnailUrl":"https:\/\/tahecosmetics.com\/trends\/wp-content\/uploads\/2021\/06\/tahecalidadmedioambiente.jpg","inLanguage":"es"},{"@type":"WebPage","@id":"https:\/\/tahecosmetics.com\/trends\/politica-de-calidad-y-medioambiente\/","url":"https:\/\/tahecosmetics.com\/trends\/politica-de-calidad-y-medioambiente\/","name":"Pol\u00edtica de Calidad y Medioambiente | Blog de Tahe","isPartOf":{"@id":"https:\/\/tahecosmetics.com\/trends\/#website"},"primaryImageOfPage":{"@id":"https:\/\/tahecosmetics.com\/trends\/politica-de-calidad-y-medioambiente\/#primaryimage"},"image":{"@id":"https:\/\/tahecosmetics.com\/trends\/politica-de-calidad-y-medioambiente\/#primaryimage"},"thumbnailUrl":"https:\/\/tahecosmetics.com\/trends\/wp-content\/uploads\/2021\/06\/tahecalidadmedioambiente.jpg","datePublished":"2021-06-17T09:25:30+00:00","dateModified":"2021-06-17T09:31:30+00:00","breadcrumb":{"@id":"https:\/\/tahecosmetics.com\/trends\/politica-de-calidad-y-medioambiente\/#breadcrumb"},"inLanguage":"es","potentialAction":[{"@type":"ReadAction","target":["https:\/\/tahecosmetics.com\/trends\/politica-de-calidad-y-medioambiente\/"]}]},{"@type":"ImageObject","inLanguage":"es","@id":"https:\/\/tahecosmetics.com\/trends\/politica-de-calidad-y-medioambiente\/#primaryimage","url":"https:\/\/tahecosmetics.com\/trends\/wp-content\/uploads\/2021\/06\/tahecalidadmedioambiente.jpg","contentUrl":"https:\/\/tahecosmetics.com\/trends\/wp-content\/uploads\/2021\/06\/tahecalidadmedioambiente.jpg","width":800,"height":274,"caption":"Tahe calidad y medioambiente"},{"@type":"BreadcrumbList","@id":"https:\/\/tahecosmetics.com\/trends\/politica-de-calidad-y-medioambiente\/#breadcrumb","itemListElement":[{"@type":"ListItem","position":1,"name":"Home","item":"https:\/\/tahecosmetics.com\/trends\/"},{"@type":"ListItem","position":2,"name":"Pol\u00edtica de Calidad y Medioambiente"}]},{"@type":"WebSite","@id":"https:\/\/tahecosmetics.com\/trends\/#website","url":"https:\/\/tahecosmetics.com\/trends\/","name":"Blog de Tahe","description":"Blog de Tahe Productos Cosm\u00e9ticos","publisher":{"@id":"https:\/\/tahecosmetics.com\/trends\/#organization"},"alternateName":"Blog de Tahe","potentialAction":[{"@type":"SearchAction","target":{"@type":"EntryPoint","urlTemplate":"https:\/\/tahecosmetics.com\/trends\/?s={search_term_string}"},"query-input":{"@type":"PropertyValueSpecification","valueRequired":true,"valueName":"search_term_string"}}],"inLanguage":"es"},{"@type":"Organization","@id":"https:\/\/tahecosmetics.com\/trends\/#organization","name":"Tahe Productos Cosm\u00e9ticos, S.L.","url":"https:\/\/tahecosmetics.com\/trends\/","logo":{"@type":"ImageObject","inLanguage":"es","@id":"https:\/\/tahecosmetics.com\/trends\/#\/schema\/logo\/image\/","url":"https:\/\/tahecosmetics.com\/trends\/wp-content\/uploads\/2023\/09\/tahe-logo-dark.webp","contentUrl":"https:\/\/tahecosmetics.com\/trends\/wp-content\/uploads\/2023\/09\/tahe-logo-dark.webp","width":400,"height":400,"caption":"Tahe Productos Cosm\u00e9ticos, S.L."},"image":{"@id":"https:\/\/tahecosmetics.com\/trends\/#\/schema\/logo\/image\/"},"sameAs":["https:\/\/www.facebook.com\/Tahe.Oficial","https:\/\/x.com\/taheoficial","https:\/\/www.instagram.com\/taheoficial\/","https:\/\/www.youtube.com\/taheoficial","https:\/\/www.linkedin.com\/company\/taheoficial\/"]},{"@type":"Person","@id":"https:\/\/tahecosmetics.com\/trends\/#\/schema\/person\/22a38bfbeee9e0b7481f273aac33fad4","name":"Tahe","image":{"@type":"ImageObject","inLanguage":"es","@id":"https:\/\/tahecosmetics.com\/trends\/#\/schema\/person\/image\/","url":"https:\/\/tahecosmetics.com\/trends\/wp-content\/uploads\/2023\/09\/tahe-logo-dark-150x150.webp","contentUrl":"https:\/\/tahecosmetics.com\/trends\/wp-content\/uploads\/2023\/09\/tahe-logo-dark-150x150.webp","caption":"Tahe"},"sameAs":["https:\/\/tahecosmetics.com\/trends\/"],"url":"https:\/\/tahecosmetics.com\/trends\/author\/informatica\/"},false]}},"yasr_visitor_votes":{"stars_attributes":{"read_only":false,"span_bottom":false},"number_of_votes":0,"sum_votes":0},"acf":[],"_links":{"self":[{"href":"https:\/\/tahecosmetics.com\/trends\/wp-json\/wp\/v2\/pages\/2004","targetHints":{"allow":["GET"]}}],"collection":[{"href":"https:\/\/tahecosmetics.com\/trends\/wp-json\/wp\/v2\/pages"}],"about":[{"href":"https:\/\/tahecosmetics.com\/trends\/wp-json\/wp\/v2\/types\/page"}],"author":[{"embeddable":true,"href":"https:\/\/tahecosmetics.com\/trends\/wp-json\/wp\/v2\/users\/9"}],"replies":[{"embeddable":true,"href":"https:\/\/tahecosmetics.com\/trends\/wp-json\/wp\/v2\/comments?post=2004"}],"version-history":[{"count":4,"href":"https:\/\/tahecosmetics.com\/trends\/wp-json\/wp\/v2\/pages\/2004\/revisions"}],"predecessor-version":[{"id":2565,"href":"https:\/\/tahecosmetics.com\/trends\/wp-json\/wp\/v2\/pages\/2004\/revisions\/2565"}],"wp:attachment":[{"href":"https:\/\/tahecosmetics.com\/trends\/wp-json\/wp\/v2\/media?parent=2004"}],"curies":[{"name":"wp","href":"https:\/\/api.w.org\/{rel}","templated":true}]}}