{"id":7855,"date":"2025-10-07T13:40:07","date_gmt":"2025-10-07T11:40:07","guid":{"rendered":"https:\/\/tahecosmetics.com\/trends\/?page_id=7855"},"modified":"2025-10-08T09:45:30","modified_gmt":"2025-10-08T07:45:30","slug":"author","status":"publish","type":"page","link":"https:\/\/tahecosmetics.com\/trends\/author\/","title":{"rendered":"Colaboran:"},"content":{"rendered":"\n<h2 class=\"wp-block-heading\">Conoce al equipo detr\u00e1s de cada art\u00edculo del blog de Tahe<\/h2>\n\n\n\n<p><br>Detr\u00e1s de cada art\u00edculo y cada consejo hay un equipo de personas expertas, apasionadas por la belleza, la ciencia cosm\u00e9tica y el cuidado personal. En esta secci\u00f3n, te invitamos a conocer al grupo de profesionales que aportan su conocimiento, experiencia y creatividad al <strong>blog de Tahe<\/strong>.<\/p>\n\n\n\n<hr class=\"wp-block-separator has-alpha-channel-opacity is-style-default\"\/>\n\n\n<div class=\"tahe-autores-lista\"><a class=\"autor\" style=\"margin-bottom: 40px;\" href=\"https:\/\/tahecosmetics.com\/trends\/author\/jose-ferrer\/\"><div><img decoding=\"async\" src=\"https:\/\/tahecosmetics.com\/trends\/wp-content\/uploads\/2024\/08\/jose-ferrer-mercader-autora-150x150.jpg\" width=\"150\" height=\"150\" srcset=\"https:\/\/tahecosmetics.com\/trends\/wp-content\/uploads\/2024\/08\/jose-ferrer-mercader-autora.jpg 2x\" alt=\"Jose Ferrer\" class=\"avatar avatar-150 wp-user-avatar wp-user-avatar-150 alignnone photo\" \/><h3>Jose Ferrer<\/h3><div><h4 style=\"margin:0;\">Directora t\u00e9cnica de Tahe<\/h4><p style=\"line-hight:20px;font-size: 15px;\">Especialista en productos de belleza y t\u00e9cnicas de estilismo.<\/p><\/div><div class=\"category-autor\"><strong>Categor\u00edas:<\/strong> <span class=\"cate\">Cabello<\/span><span class=\"cate\">Consejos<\/span><\/div><\/div><a class=\"autor\" style=\"margin-bottom: 40px;\" href=\"https:\/\/tahecosmetics.com\/trends\/author\/juana-maria\/\"><div><img decoding=\"async\" src=\"https:\/\/tahecosmetics.com\/trends\/wp-content\/uploads\/2025\/10\/juana-maria-bernal-foto-150x150.jpg\" width=\"150\" height=\"150\" srcset=\"https:\/\/tahecosmetics.com\/trends\/wp-content\/uploads\/2025\/10\/juana-maria-bernal-foto-350x350.jpg 2x\" alt=\"Juana Mar\u00eda Bernal\" class=\"avatar avatar-150 wp-user-avatar wp-user-avatar-150 alignnone photo\" \/><h3>Juana Mar\u00eda Bernal<\/h3><div><h4 style=\"margin:0;\">T\u00e9cnico Responsable de I+D+i en Tahe<\/h4><p style=\"line-hight:20px;font-size: 15px;\">Especialista en Bioqu\u00edmica y Qu\u00edmica Sostenible.<\/p><\/div><div class=\"category-autor\"><strong>Categor\u00edas:<\/strong> <span class=\"cate\">Cabello<\/span><span class=\"cate\">Consejos<\/span><span class=\"cate\">Salud<\/span><\/div><\/div><a class=\"autor\" style=\"margin-bottom: 40px;\" href=\"https:\/\/tahecosmetics.com\/trends\/author\/ruben-munoz\/\"><div><img decoding=\"async\" src=\"https:\/\/tahecosmetics.com\/trends\/wp-content\/uploads\/2025\/07\/Camiseta-negra_1-150x150.jpg\" width=\"150\" height=\"150\" srcset=\"https:\/\/tahecosmetics.com\/trends\/wp-content\/uploads\/2025\/07\/Camiseta-negra_1-350x350.jpg 2x\" alt=\"Rub\u00e9n Mu\u00f1oz\" class=\"avatar avatar-150 wp-user-avatar wp-user-avatar-150 alignnone photo\" \/><h3>Rub\u00e9n Mu\u00f1oz<\/h3><div><h4 style=\"margin:0;\">Especialista en Marketing de Contenidos y Belleza Capilar<\/h4><p style=\"line-hight:20px;font-size: 15px;\">Experto en marketing de contenidos e inbound. Apasionado del cuidado capilar y las tendencias.<\/p><\/div><div class=\"category-autor\"><strong>Categor\u00edas:<\/strong> <span class=\"cate\">Cabello<\/span><span class=\"cate\">Consejos<\/span><span class=\"cate\">Belleza<\/span><span class=\"cate\">Maquillaje<\/span><span class=\"cate\">Piel<\/span><span class=\"cate\">Salud<\/span><\/div><\/div><a class=\"autor\" style=\"margin-bottom: 40px;\" href=\"https:\/\/tahecosmetics.com\/trends\/author\/susana-moreno\/\"><div><img decoding=\"async\" src=\"https:\/\/tahecosmetics.com\/trends\/wp-content\/uploads\/2025\/01\/susana-moreno-150x150.jpg\" width=\"150\" height=\"150\" srcset=\"https:\/\/tahecosmetics.com\/trends\/wp-content\/uploads\/2025\/01\/susana-moreno.jpg 2x\" alt=\"Susana Moreno\" class=\"avatar avatar-150 wp-user-avatar wp-user-avatar-150 alignnone photo\" \/><h3>Susana Moreno<\/h3><div><h4 style=\"margin:0;\">Estilista profesional<\/h4><p style=\"line-hight:20px;font-size: 15px;\">Especialista en contenidos sobre peluquer\u00eda y cuidado capilar<\/p><\/div><div class=\"category-autor\"><strong>Categor\u00edas:<\/strong> <span class=\"cate\">Cabello<\/span><span class=\"cate\">Consejos<\/span><span class=\"cate\">Belleza<\/span><span class=\"cate\">Piel<\/span><span class=\"cate\">Maquillaje<\/span><\/div><\/div><\/div><\/a>\n\n\n\n<p><\/p>\n<div style='text-align:left' class='yasr-auto-insert-visitor'><\/div>","protected":false},"excerpt":{"rendered":"<p>Conoce al equipo detr\u00e1s de cada art\u00edculo del blog de Tahe Detr\u00e1s de cada art\u00edculo y cada consejo hay un equipo de personas expertas, apasionadas por la belleza, la ciencia cosm\u00e9tica y el cuidado personal. En esta secci\u00f3n, te invitamos a conocer al grupo de profesionales que aportan su conocimiento, experiencia y creatividad al blog&#8230;<\/p>\n","protected":false},"author":9,"featured_media":0,"parent":0,"menu_order":0,"comment_status":"closed","ping_status":"closed","template":"","meta":{"yasr_overall_rating":0,"yasr_post_is_review":"","yasr_auto_insert_disabled":"","yasr_review_type":"","footnotes":""},"class_list":["post-7855","page","type-page","status-publish","hentry"],"yoast_head":"<!-- This site is optimized with the Yoast SEO plugin v26.1.1 - https:\/\/yoast.com\/wordpress\/plugins\/seo\/ -->\n<title>Equipo del Blog de Tahe | Expertos en Belleza y Cuidado<\/title>\n<meta name=\"description\" content=\"Conoce al equipo detr\u00e1s del blog de Tahe: expertos en belleza, cosm\u00e9tica y cuidado personal.\" \/>\n<meta name=\"robots\" content=\"index, follow, max-snippet:-1, max-image-preview:large, max-video-preview:-1\" \/>\n<link rel=\"canonical\" href=\"https:\/\/tahecosmetics.com\/trends\/author\/\" \/>\n<meta property=\"og:locale\" content=\"es_ES\" \/>\n<meta property=\"og:type\" content=\"article\" \/>\n<meta property=\"og:title\" content=\"Equipo del Blog de Tahe | Expertos en Belleza y Cuidado\" \/>\n<meta property=\"og:description\" content=\"Conoce al equipo detr\u00e1s del blog de Tahe: expertos en belleza, cosm\u00e9tica y cuidado personal.\" \/>\n<meta property=\"og:url\" content=\"https:\/\/tahecosmetics.com\/trends\/author\/\" \/>\n<meta property=\"og:site_name\" content=\"Blog de Tahe\" \/>\n<meta property=\"article:publisher\" content=\"https:\/\/www.facebook.com\/Tahe.Oficial\" \/>\n<meta property=\"article:modified_time\" content=\"2025-10-08T07:45:30+00:00\" \/>\n<meta property=\"og:image\" content=\"https:\/\/tahecosmetics.com\/trends\/wp-content\/uploads\/2021\/09\/tahe-logo-dark-des.png\" \/>\n\t<meta property=\"og:image:width\" content=\"800\" \/>\n\t<meta property=\"og:image:height\" content=\"359\" \/>\n\t<meta property=\"og:image:type\" content=\"image\/png\" \/>\n<meta name=\"twitter:card\" content=\"summary_large_image\" \/>\n<meta name=\"twitter:site\" content=\"@taheoficial\" \/>\n<meta name=\"twitter:label1\" content=\"Tiempo de lectura\" \/>\n\t<meta name=\"twitter:data1\" content=\"1 minuto\" \/>\n<script type=\"application\/ld+json\" class=\"yoast-schema-graph\">{\"@context\":\"https:\/\/schema.org\",\"@graph\":[{\"@type\":[\"Article\",\"BlogPosting\"],\"@id\":\"https:\/\/tahecosmetics.com\/trends\/author\/#article\",\"isPartOf\":{\"@id\":\"https:\/\/tahecosmetics.com\/trends\/author\/\"},\"author\":{\"name\":\"Tahe\",\"@id\":\"https:\/\/tahecosmetics.com\/trends\/#\/schema\/person\/22a38bfbeee9e0b7481f273aac33fad4\"},\"headline\":\"Colaboran:\",\"datePublished\":\"2025-10-07T11:40:07+00:00\",\"dateModified\":\"2025-10-08T07:45:30+00:00\",\"mainEntityOfPage\":{\"@id\":\"https:\/\/tahecosmetics.com\/trends\/author\/\"},\"wordCount\":66,\"publisher\":{\"@id\":\"https:\/\/tahecosmetics.com\/trends\/#organization\"},\"inLanguage\":\"es\"},{\"@type\":\"WebPage\",\"@id\":\"https:\/\/tahecosmetics.com\/trends\/author\/\",\"url\":\"https:\/\/tahecosmetics.com\/trends\/author\/\",\"name\":\"Equipo del Blog de Tahe | Expertos en Belleza y Cuidado\",\"isPartOf\":{\"@id\":\"https:\/\/tahecosmetics.com\/trends\/#website\"},\"datePublished\":\"2025-10-07T11:40:07+00:00\",\"dateModified\":\"2025-10-08T07:45:30+00:00\",\"description\":\"Conoce al equipo detr\u00e1s del blog de Tahe: expertos en belleza, cosm\u00e9tica y cuidado personal.\",\"breadcrumb\":{\"@id\":\"https:\/\/tahecosmetics.com\/trends\/author\/#breadcrumb\"},\"inLanguage\":\"es\",\"potentialAction\":[{\"@type\":\"ReadAction\",\"target\":[\"https:\/\/tahecosmetics.com\/trends\/author\/\"]}]},{\"@type\":\"BreadcrumbList\",\"@id\":\"https:\/\/tahecosmetics.com\/trends\/author\/#breadcrumb\",\"itemListElement\":[{\"@type\":\"ListItem\",\"position\":1,\"name\":\"Home\",\"item\":\"https:\/\/tahecosmetics.com\/trends\/\"},{\"@type\":\"ListItem\",\"position\":2,\"name\":\"Colaboran:\"}]},{\"@type\":\"WebSite\",\"@id\":\"https:\/\/tahecosmetics.com\/trends\/#website\",\"url\":\"https:\/\/tahecosmetics.com\/trends\/\",\"name\":\"Blog de Tahe\",\"description\":\"Blog de Tahe Productos Cosm\u00e9ticos\",\"publisher\":{\"@id\":\"https:\/\/tahecosmetics.com\/trends\/#organization\"},\"alternateName\":\"Blog de Tahe\",\"potentialAction\":[{\"@type\":\"SearchAction\",\"target\":{\"@type\":\"EntryPoint\",\"urlTemplate\":\"https:\/\/tahecosmetics.com\/trends\/?s={search_term_string}\"},\"query-input\":{\"@type\":\"PropertyValueSpecification\",\"valueRequired\":true,\"valueName\":\"search_term_string\"}}],\"inLanguage\":\"es\"},{\"@type\":\"Organization\",\"@id\":\"https:\/\/tahecosmetics.com\/trends\/#organization\",\"name\":\"Tahe Productos Cosm\u00e9ticos, S.L.\",\"url\":\"https:\/\/tahecosmetics.com\/trends\/\",\"logo\":{\"@type\":\"ImageObject\",\"inLanguage\":\"es\",\"@id\":\"https:\/\/tahecosmetics.com\/trends\/#\/schema\/logo\/image\/\",\"url\":\"https:\/\/tahecosmetics.com\/trends\/wp-content\/uploads\/2023\/09\/tahe-logo-dark.webp\",\"contentUrl\":\"https:\/\/tahecosmetics.com\/trends\/wp-content\/uploads\/2023\/09\/tahe-logo-dark.webp\",\"width\":400,\"height\":400,\"caption\":\"Tahe Productos Cosm\u00e9ticos, S.L.\"},\"image\":{\"@id\":\"https:\/\/tahecosmetics.com\/trends\/#\/schema\/logo\/image\/\"},\"sameAs\":[\"https:\/\/www.facebook.com\/Tahe.Oficial\",\"https:\/\/x.com\/taheoficial\",\"https:\/\/www.instagram.com\/taheoficial\/\",\"https:\/\/www.youtube.com\/taheoficial\",\"https:\/\/www.linkedin.com\/company\/taheoficial\/\"]},{\"@type\":\"Person\",\"@id\":\"https:\/\/tahecosmetics.com\/trends\/#\/schema\/person\/22a38bfbeee9e0b7481f273aac33fad4\",\"name\":\"Tahe\",\"image\":{\"@type\":\"ImageObject\",\"inLanguage\":\"es\",\"@id\":\"https:\/\/tahecosmetics.com\/trends\/#\/schema\/person\/image\/\",\"url\":\"https:\/\/tahecosmetics.com\/trends\/wp-content\/uploads\/2023\/09\/tahe-logo-dark-150x150.webp\",\"contentUrl\":\"https:\/\/tahecosmetics.com\/trends\/wp-content\/uploads\/2023\/09\/tahe-logo-dark-150x150.webp\",\"caption\":\"Tahe\"},\"sameAs\":[\"https:\/\/tahecosmetics.com\/trends\/\"],\"url\":\"https:\/\/tahecosmetics.com\/trends\/author\/informatica\/\"},false]}<\/script>\n<!-- \/ Yoast SEO plugin. -->","yoast_head_json":{"title":"Equipo del Blog de Tahe | Expertos en Belleza y Cuidado","description":"Conoce al equipo detr\u00e1s del blog de Tahe: expertos en belleza, cosm\u00e9tica y cuidado personal.","robots":{"index":"index","follow":"follow","max-snippet":"max-snippet:-1","max-image-preview":"max-image-preview:large","max-video-preview":"max-video-preview:-1"},"canonical":"https:\/\/tahecosmetics.com\/trends\/author\/","og_locale":"es_ES","og_type":"article","og_title":"Equipo del Blog de Tahe | Expertos en Belleza y Cuidado","og_description":"Conoce al equipo detr\u00e1s del blog de Tahe: expertos en belleza, cosm\u00e9tica y cuidado personal.","og_url":"https:\/\/tahecosmetics.com\/trends\/author\/","og_site_name":"Blog de Tahe","article_publisher":"https:\/\/www.facebook.com\/Tahe.Oficial","article_modified_time":"2025-10-08T07:45:30+00:00","og_image":[{"width":800,"height":359,"url":"https:\/\/tahecosmetics.com\/trends\/wp-content\/uploads\/2021\/09\/tahe-logo-dark-des.png","type":"image\/png"}],"twitter_card":"summary_large_image","twitter_site":"@taheoficial","twitter_misc":{"Tiempo de lectura":"1 minuto"},"schema":{"@context":"https:\/\/schema.org","@graph":[{"@type":["Article","BlogPosting"],"@id":"https:\/\/tahecosmetics.com\/trends\/author\/#article","isPartOf":{"@id":"https:\/\/tahecosmetics.com\/trends\/author\/"},"author":{"name":"Tahe","@id":"https:\/\/tahecosmetics.com\/trends\/#\/schema\/person\/22a38bfbeee9e0b7481f273aac33fad4"},"headline":"Colaboran:","datePublished":"2025-10-07T11:40:07+00:00","dateModified":"2025-10-08T07:45:30+00:00","mainEntityOfPage":{"@id":"https:\/\/tahecosmetics.com\/trends\/author\/"},"wordCount":66,"publisher":{"@id":"https:\/\/tahecosmetics.com\/trends\/#organization"},"inLanguage":"es"},{"@type":"WebPage","@id":"https:\/\/tahecosmetics.com\/trends\/author\/","url":"https:\/\/tahecosmetics.com\/trends\/author\/","name":"Equipo del Blog de Tahe | Expertos en Belleza y Cuidado","isPartOf":{"@id":"https:\/\/tahecosmetics.com\/trends\/#website"},"datePublished":"2025-10-07T11:40:07+00:00","dateModified":"2025-10-08T07:45:30+00:00","description":"Conoce al equipo detr\u00e1s del blog de Tahe: expertos en belleza, cosm\u00e9tica y cuidado personal.","breadcrumb":{"@id":"https:\/\/tahecosmetics.com\/trends\/author\/#breadcrumb"},"inLanguage":"es","potentialAction":[{"@type":"ReadAction","target":["https:\/\/tahecosmetics.com\/trends\/author\/"]}]},{"@type":"BreadcrumbList","@id":"https:\/\/tahecosmetics.com\/trends\/author\/#breadcrumb","itemListElement":[{"@type":"ListItem","position":1,"name":"Home","item":"https:\/\/tahecosmetics.com\/trends\/"},{"@type":"ListItem","position":2,"name":"Colaboran:"}]},{"@type":"WebSite","@id":"https:\/\/tahecosmetics.com\/trends\/#website","url":"https:\/\/tahecosmetics.com\/trends\/","name":"Blog de Tahe","description":"Blog de Tahe Productos Cosm\u00e9ticos","publisher":{"@id":"https:\/\/tahecosmetics.com\/trends\/#organization"},"alternateName":"Blog de Tahe","potentialAction":[{"@type":"SearchAction","target":{"@type":"EntryPoint","urlTemplate":"https:\/\/tahecosmetics.com\/trends\/?s={search_term_string}"},"query-input":{"@type":"PropertyValueSpecification","valueRequired":true,"valueName":"search_term_string"}}],"inLanguage":"es"},{"@type":"Organization","@id":"https:\/\/tahecosmetics.com\/trends\/#organization","name":"Tahe Productos Cosm\u00e9ticos, S.L.","url":"https:\/\/tahecosmetics.com\/trends\/","logo":{"@type":"ImageObject","inLanguage":"es","@id":"https:\/\/tahecosmetics.com\/trends\/#\/schema\/logo\/image\/","url":"https:\/\/tahecosmetics.com\/trends\/wp-content\/uploads\/2023\/09\/tahe-logo-dark.webp","contentUrl":"https:\/\/tahecosmetics.com\/trends\/wp-content\/uploads\/2023\/09\/tahe-logo-dark.webp","width":400,"height":400,"caption":"Tahe Productos Cosm\u00e9ticos, S.L."},"image":{"@id":"https:\/\/tahecosmetics.com\/trends\/#\/schema\/logo\/image\/"},"sameAs":["https:\/\/www.facebook.com\/Tahe.Oficial","https:\/\/x.com\/taheoficial","https:\/\/www.instagram.com\/taheoficial\/","https:\/\/www.youtube.com\/taheoficial","https:\/\/www.linkedin.com\/company\/taheoficial\/"]},{"@type":"Person","@id":"https:\/\/tahecosmetics.com\/trends\/#\/schema\/person\/22a38bfbeee9e0b7481f273aac33fad4","name":"Tahe","image":{"@type":"ImageObject","inLanguage":"es","@id":"https:\/\/tahecosmetics.com\/trends\/#\/schema\/person\/image\/","url":"https:\/\/tahecosmetics.com\/trends\/wp-content\/uploads\/2023\/09\/tahe-logo-dark-150x150.webp","contentUrl":"https:\/\/tahecosmetics.com\/trends\/wp-content\/uploads\/2023\/09\/tahe-logo-dark-150x150.webp","caption":"Tahe"},"sameAs":["https:\/\/tahecosmetics.com\/trends\/"],"url":"https:\/\/tahecosmetics.com\/trends\/author\/informatica\/"},false]}},"yasr_visitor_votes":{"stars_attributes":{"read_only":false,"span_bottom":false},"number_of_votes":0,"sum_votes":0},"acf":[],"_links":{"self":[{"href":"https:\/\/tahecosmetics.com\/trends\/wp-json\/wp\/v2\/pages\/7855","targetHints":{"allow":["GET"]}}],"collection":[{"href":"https:\/\/tahecosmetics.com\/trends\/wp-json\/wp\/v2\/pages"}],"about":[{"href":"https:\/\/tahecosmetics.com\/trends\/wp-json\/wp\/v2\/types\/page"}],"author":[{"embeddable":true,"href":"https:\/\/tahecosmetics.com\/trends\/wp-json\/wp\/v2\/users\/9"}],"replies":[{"embeddable":true,"href":"https:\/\/tahecosmetics.com\/trends\/wp-json\/wp\/v2\/comments?post=7855"}],"version-history":[{"count":10,"href":"https:\/\/tahecosmetics.com\/trends\/wp-json\/wp\/v2\/pages\/7855\/revisions"}],"predecessor-version":[{"id":7873,"href":"https:\/\/tahecosmetics.com\/trends\/wp-json\/wp\/v2\/pages\/7855\/revisions\/7873"}],"wp:attachment":[{"href":"https:\/\/tahecosmetics.com\/trends\/wp-json\/wp\/v2\/media?parent=7855"}],"curies":[{"name":"wp","href":"https:\/\/api.w.org\/{rel}","templated":true}]}}